{"id":35979,"date":"2022-08-23T15:56:03","date_gmt":"2022-08-23T13:56:03","guid":{"rendered":"https:\/\/hundtgroup.com\/produkt\/trumpf-trutool-tpc-165-za-rezanje-plosc\/"},"modified":"2025-07-29T10:20:06","modified_gmt":"2025-07-29T08:20:06","slug":"trumpf-trutool-tpc-165-za-rezanje-plosc","status":"publish","type":"product","link":"https:\/\/hundtgroup.com\/sl\/produkt\/trumpf-trutool-tpc-165-za-rezanje-plosc\/","title":{"rendered":"TRUMPF TruTool TPC 165 za rezanje plo\u0161\u010d"},"content":{"rendered":"<p>Z novim rezalnikom plo\u0161\u010d podjetja TRUMPF lahko sendvi\u010d plo\u0161\u010de (poliuretanske in poliizocianuratne sendvi\u010d plo\u0161\u010de) debeline do 165 mm razre\u017eete \u010disto in brez ponovne obdelave v enem samem postopku.<br \/>\nTo je neodvisno od tega, ali je povr\u0161ina plo\u0161\u010d ravna, trapezna ali valovita.<br \/>\nStroj se lahko uporablja za \u0161irok spekter aplikacij, od rezanja na dol\u017eino in pravokotnih rezov do notranjih izrezov in zarezovanja.<br \/>\nZ novim strojem TruTool TPC 165 je mogo\u010de enostavno in natan\u010dno rezati tudi \u017ee sestavljene plo\u0161\u010de.<br \/>\nPotopni mehanizem omogo\u010da notranje izreze in zarezovanje brez vrtanja za\u010detne luknje.<\/p>\n","protected":false},"excerpt":{"rendered":"<p>Z novim rezalnikom plo\u0161\u010d podjetja TRUMPF lahko sendvi\u010d plo\u0161\u010de (poliuretanske in poliizocianuratne sendvi\u010d plo\u0161\u010de) debeline do 165 mm razre\u017eete \u010disto in brez ponovne obdelave v enem samem postopku. To je neodvisno od tega, ali je povr\u0161ina plo\u0161\u010d ravna, trapezna ali valovita. Stroj se lahko uporablja za \u0161irok spekter aplikacij, od rezanja na dol\u017eino in pravokotnih [&hellip;]<\/p>\n","protected":false},"featured_media":33629,"template":"","meta":{"_acf_changed":false,"inline_featured_image":false},"product_cat":[652,2071],"product_tag":[],"class_list":{"0":"post-35979","1":"product","2":"type-product","3":"status-publish","4":"has-post-thumbnail","6":"brand-trumpf","7":"product_cat-elektricna-orodja","8":"product_cat-verizna-zaga","10":"first","11":"instock","12":"sale","13":"taxable","14":"shipping-taxable","15":"purchasable","16":"product-type-simple","17":"add-to-wishlist-before_image"},"acf":[],"yoast_head":"<!-- This site is optimized with the Yoast SEO plugin v27.3 - https:\/\/yoast.com\/product\/yoast-seo-wordpress\/ -->\n<title>TRUMPF TruTool TPC 165 za rezanje plo\u0161\u010d - Wilhelm Hundt GmbH<\/title>\n<meta name=\"robots\" content=\"index, follow, max-snippet:-1, max-image-preview:large, max-video-preview:-1\" \/>\n<link rel=\"canonical\" href=\"https:\/\/hundtgroup.com\/sl\/produkt\/trumpf-trutool-tpc-165-za-rezanje-plosc\/\" \/>\n<meta property=\"og:locale\" content=\"sl_SI\" \/>\n<meta property=\"og:type\" content=\"article\" \/>\n<meta property=\"og:title\" content=\"TRUMPF TruTool TPC 165 za rezanje plo\u0161\u010d - Wilhelm Hundt GmbH\" \/>\n<meta property=\"og:description\" content=\"Z novim rezalnikom plo\u0161\u010d podjetja TRUMPF lahko sendvi\u010d plo\u0161\u010de (poliuretanske in poliizocianuratne sendvi\u010d plo\u0161\u010de) debeline do 165 mm razre\u017eete \u010disto in brez ponovne obdelave v enem samem postopku. To je neodvisno od tega, ali je povr\u0161ina plo\u0161\u010d ravna, trapezna ali valovita. Stroj se lahko uporablja za \u0161irok spekter aplikacij, od rezanja na dol\u017eino in pravokotnih [&hellip;]\" \/>\n<meta property=\"og:url\" content=\"https:\/\/hundtgroup.com\/sl\/produkt\/trumpf-trutool-tpc-165-za-rezanje-plosc\/\" \/>\n<meta property=\"og:site_name\" content=\"Wilhelm Hundt GmbH\" \/>\n<meta property=\"article:modified_time\" content=\"2025-07-29T08:20:06+00:00\" \/>\n<meta property=\"og:image\" content=\"https:\/\/hundtgroup.com\/wp-content\/uploads\/351006-scaled.jpg\" \/>\n\t<meta property=\"og:image:width\" content=\"2560\" \/>\n\t<meta property=\"og:image:height\" content=\"1396\" \/>\n\t<meta property=\"og:image:type\" content=\"image\/jpeg\" \/>\n<meta name=\"twitter:card\" content=\"summary_large_image\" \/>\n<script type=\"application\/ld+json\" class=\"yoast-schema-graph\">{\"@context\":\"https:\\\/\\\/schema.org\",\"@graph\":[{\"@type\":\"WebPage\",\"@id\":\"https:\\\/\\\/hundtgroup.com\\\/sl\\\/produkt\\\/trumpf-trutool-tpc-165-za-rezanje-plosc\\\/\",\"url\":\"https:\\\/\\\/hundtgroup.com\\\/sl\\\/produkt\\\/trumpf-trutool-tpc-165-za-rezanje-plosc\\\/\",\"name\":\"TRUMPF TruTool TPC 165 za rezanje plo\u0161\u010d - Wilhelm Hundt GmbH\",\"isPartOf\":{\"@id\":\"https:\\\/\\\/hundtgroup.com\\\/sl\\\/#website\"},\"primaryImageOfPage\":{\"@id\":\"https:\\\/\\\/hundtgroup.com\\\/sl\\\/produkt\\\/trumpf-trutool-tpc-165-za-rezanje-plosc\\\/#primaryimage\"},\"image\":{\"@id\":\"https:\\\/\\\/hundtgroup.com\\\/sl\\\/produkt\\\/trumpf-trutool-tpc-165-za-rezanje-plosc\\\/#primaryimage\"},\"thumbnailUrl\":\"https:\\\/\\\/hundtgroup.com\\\/wp-content\\\/uploads\\\/351006-scaled.jpg\",\"datePublished\":\"2022-08-23T13:56:03+00:00\",\"dateModified\":\"2025-07-29T08:20:06+00:00\",\"breadcrumb\":{\"@id\":\"https:\\\/\\\/hundtgroup.com\\\/sl\\\/produkt\\\/trumpf-trutool-tpc-165-za-rezanje-plosc\\\/#breadcrumb\"},\"inLanguage\":\"sl-SI\",\"potentialAction\":[{\"@type\":\"ReadAction\",\"target\":[\"https:\\\/\\\/hundtgroup.com\\\/sl\\\/produkt\\\/trumpf-trutool-tpc-165-za-rezanje-plosc\\\/\"]}]},{\"@type\":\"ImageObject\",\"inLanguage\":\"sl-SI\",\"@id\":\"https:\\\/\\\/hundtgroup.com\\\/sl\\\/produkt\\\/trumpf-trutool-tpc-165-za-rezanje-plosc\\\/#primaryimage\",\"url\":\"https:\\\/\\\/hundtgroup.com\\\/wp-content\\\/uploads\\\/351006-scaled.jpg\",\"contentUrl\":\"https:\\\/\\\/hundtgroup.com\\\/wp-content\\\/uploads\\\/351006-scaled.jpg\",\"width\":2560,\"height\":1396},{\"@type\":\"BreadcrumbList\",\"@id\":\"https:\\\/\\\/hundtgroup.com\\\/sl\\\/produkt\\\/trumpf-trutool-tpc-165-za-rezanje-plosc\\\/#breadcrumb\",\"itemListElement\":[{\"@type\":\"ListItem\",\"position\":1,\"name\":\"Startseite\",\"item\":\"https:\\\/\\\/hundtgroup.com\\\/sl\\\/domov-novo\\\/\"},{\"@type\":\"ListItem\",\"position\":2,\"name\":\"Trgovina\",\"item\":\"https:\\\/\\\/hundtgroup.com\\\/trgovina\\\/\"},{\"@type\":\"ListItem\",\"position\":3,\"name\":\"TRUMPF TruTool TPC 165 za rezanje plo\u0161\u010d\"}]},{\"@type\":\"WebSite\",\"@id\":\"https:\\\/\\\/hundtgroup.com\\\/sl\\\/#website\",\"url\":\"https:\\\/\\\/hundtgroup.com\\\/sl\\\/\",\"name\":\"Wilhelm Hundt GmbH\",\"description\":\"Va\u0161 specialist za stroje in orodja za obdelavo plo\u010devine\",\"potentialAction\":[{\"@type\":\"SearchAction\",\"target\":{\"@type\":\"EntryPoint\",\"urlTemplate\":\"https:\\\/\\\/hundtgroup.com\\\/sl\\\/?s={search_term_string}\"},\"query-input\":{\"@type\":\"PropertyValueSpecification\",\"valueRequired\":true,\"valueName\":\"search_term_string\"}}],\"inLanguage\":\"sl-SI\"}]}<\/script>\n<!-- \/ Yoast SEO plugin. -->","yoast_head_json":{"title":"TRUMPF TruTool TPC 165 za rezanje plo\u0161\u010d - Wilhelm Hundt GmbH","robots":{"index":"index","follow":"follow","max-snippet":"max-snippet:-1","max-image-preview":"max-image-preview:large","max-video-preview":"max-video-preview:-1"},"canonical":"https:\/\/hundtgroup.com\/sl\/produkt\/trumpf-trutool-tpc-165-za-rezanje-plosc\/","og_locale":"sl_SI","og_type":"article","og_title":"TRUMPF TruTool TPC 165 za rezanje plo\u0161\u010d - Wilhelm Hundt GmbH","og_description":"Z novim rezalnikom plo\u0161\u010d podjetja TRUMPF lahko sendvi\u010d plo\u0161\u010de (poliuretanske in poliizocianuratne sendvi\u010d plo\u0161\u010de) debeline do 165 mm razre\u017eete \u010disto in brez ponovne obdelave v enem samem postopku. To je neodvisno od tega, ali je povr\u0161ina plo\u0161\u010d ravna, trapezna ali valovita. Stroj se lahko uporablja za \u0161irok spekter aplikacij, od rezanja na dol\u017eino in pravokotnih [&hellip;]","og_url":"https:\/\/hundtgroup.com\/sl\/produkt\/trumpf-trutool-tpc-165-za-rezanje-plosc\/","og_site_name":"Wilhelm Hundt GmbH","article_modified_time":"2025-07-29T08:20:06+00:00","og_image":[{"width":2560,"height":1396,"url":"https:\/\/hundtgroup.com\/wp-content\/uploads\/351006-scaled.jpg","type":"image\/jpeg"}],"twitter_card":"summary_large_image","schema":{"@context":"https:\/\/schema.org","@graph":[{"@type":"WebPage","@id":"https:\/\/hundtgroup.com\/sl\/produkt\/trumpf-trutool-tpc-165-za-rezanje-plosc\/","url":"https:\/\/hundtgroup.com\/sl\/produkt\/trumpf-trutool-tpc-165-za-rezanje-plosc\/","name":"TRUMPF TruTool TPC 165 za rezanje plo\u0161\u010d - Wilhelm Hundt GmbH","isPartOf":{"@id":"https:\/\/hundtgroup.com\/sl\/#website"},"primaryImageOfPage":{"@id":"https:\/\/hundtgroup.com\/sl\/produkt\/trumpf-trutool-tpc-165-za-rezanje-plosc\/#primaryimage"},"image":{"@id":"https:\/\/hundtgroup.com\/sl\/produkt\/trumpf-trutool-tpc-165-za-rezanje-plosc\/#primaryimage"},"thumbnailUrl":"https:\/\/hundtgroup.com\/wp-content\/uploads\/351006-scaled.jpg","datePublished":"2022-08-23T13:56:03+00:00","dateModified":"2025-07-29T08:20:06+00:00","breadcrumb":{"@id":"https:\/\/hundtgroup.com\/sl\/produkt\/trumpf-trutool-tpc-165-za-rezanje-plosc\/#breadcrumb"},"inLanguage":"sl-SI","potentialAction":[{"@type":"ReadAction","target":["https:\/\/hundtgroup.com\/sl\/produkt\/trumpf-trutool-tpc-165-za-rezanje-plosc\/"]}]},{"@type":"ImageObject","inLanguage":"sl-SI","@id":"https:\/\/hundtgroup.com\/sl\/produkt\/trumpf-trutool-tpc-165-za-rezanje-plosc\/#primaryimage","url":"https:\/\/hundtgroup.com\/wp-content\/uploads\/351006-scaled.jpg","contentUrl":"https:\/\/hundtgroup.com\/wp-content\/uploads\/351006-scaled.jpg","width":2560,"height":1396},{"@type":"BreadcrumbList","@id":"https:\/\/hundtgroup.com\/sl\/produkt\/trumpf-trutool-tpc-165-za-rezanje-plosc\/#breadcrumb","itemListElement":[{"@type":"ListItem","position":1,"name":"Startseite","item":"https:\/\/hundtgroup.com\/sl\/domov-novo\/"},{"@type":"ListItem","position":2,"name":"Trgovina","item":"https:\/\/hundtgroup.com\/trgovina\/"},{"@type":"ListItem","position":3,"name":"TRUMPF TruTool TPC 165 za rezanje plo\u0161\u010d"}]},{"@type":"WebSite","@id":"https:\/\/hundtgroup.com\/sl\/#website","url":"https:\/\/hundtgroup.com\/sl\/","name":"Wilhelm Hundt GmbH","description":"Va\u0161 specialist za stroje in orodja za obdelavo plo\u010devine","potentialAction":[{"@type":"SearchAction","target":{"@type":"EntryPoint","urlTemplate":"https:\/\/hundtgroup.com\/sl\/?s={search_term_string}"},"query-input":{"@type":"PropertyValueSpecification","valueRequired":true,"valueName":"search_term_string"}}],"inLanguage":"sl-SI"}]}},"_links":{"self":[{"href":"https:\/\/hundtgroup.com\/sl\/wp-json\/wp\/v2\/product\/35979","targetHints":{"allow":["GET"]}}],"collection":[{"href":"https:\/\/hundtgroup.com\/sl\/wp-json\/wp\/v2\/product"}],"about":[{"href":"https:\/\/hundtgroup.com\/sl\/wp-json\/wp\/v2\/types\/product"}],"wp:featuredmedia":[{"embeddable":true,"href":"https:\/\/hundtgroup.com\/sl\/wp-json\/wp\/v2\/media\/33629"}],"wp:attachment":[{"href":"https:\/\/hundtgroup.com\/sl\/wp-json\/wp\/v2\/media?parent=35979"}],"wp:term":[{"taxonomy":"product_cat","embeddable":true,"href":"https:\/\/hundtgroup.com\/sl\/wp-json\/wp\/v2\/product_cat?post=35979"},{"taxonomy":"product_tag","embeddable":true,"href":"https:\/\/hundtgroup.com\/sl\/wp-json\/wp\/v2\/product_tag?post=35979"}],"curies":[{"name":"wp","href":"https:\/\/api.w.org\/{rel}","templated":true}]}}