{"id":36257,"date":"2022-08-23T15:59:42","date_gmt":"2022-08-23T13:59:42","guid":{"rendered":"https:\/\/hundtgroup.com\/produkt\/rocaj-trumpf-v-kompletu-z-adapterjem\/"},"modified":"2025-07-29T11:35:40","modified_gmt":"2025-07-29T09:35:40","slug":"rocaj-trumpf-v-kompletu-z-adapterjem","status":"publish","type":"product","link":"https:\/\/hundtgroup.com\/sl\/produkt\/rocaj-trumpf-v-kompletu-z-adapterjem\/","title":{"rendered":"Ro\u010daj TRUMPF v kompletu z adapterjem"},"content":{"rendered":"<p>Ro\u010daj TRUMPF z adapterjem za \u010distilec podpornih trakov TSC 100. <\/p>\n","protected":false},"excerpt":{"rendered":"<p>Ro\u010daj TRUMPF z adapterjem za \u010distilec podpornih trakov TSC 100.<\/p>\n","protected":false},"featured_media":0,"template":"","meta":{"_acf_changed":false,"inline_featured_image":false},"product_cat":[2002,1963,1970],"product_tag":[],"class_list":{"0":"post-36257","1":"product","2":"type-product","3":"status-publish","5":"brand-trumpf","6":"product_cat-tsc-100-sl","7":"product_cat-baterijski-elektricni-dodatki","8":"product_cat-cistilo-za-podporne-trakove","10":"first","11":"instock","12":"taxable","13":"shipping-taxable","14":"purchasable","15":"product-type-simple","16":"add-to-wishlist-before_image"},"acf":[],"yoast_head":"<!-- This site is optimized with the Yoast SEO plugin v27.3 - https:\/\/yoast.com\/product\/yoast-seo-wordpress\/ -->\n<title>Ro\u010daj TRUMPF v kompletu z adapterjem - Wilhelm Hundt GmbH<\/title>\n<meta name=\"robots\" content=\"index, follow, max-snippet:-1, max-image-preview:large, max-video-preview:-1\" \/>\n<link rel=\"canonical\" href=\"https:\/\/hundtgroup.com\/sl\/produkt\/rocaj-trumpf-v-kompletu-z-adapterjem\/\" \/>\n<meta property=\"og:locale\" content=\"sl_SI\" \/>\n<meta property=\"og:type\" content=\"article\" \/>\n<meta property=\"og:title\" content=\"Ro\u010daj TRUMPF v kompletu z adapterjem - Wilhelm Hundt GmbH\" \/>\n<meta property=\"og:description\" content=\"Ro\u010daj TRUMPF z adapterjem za \u010distilec podpornih trakov TSC 100.\" \/>\n<meta property=\"og:url\" content=\"https:\/\/hundtgroup.com\/sl\/produkt\/rocaj-trumpf-v-kompletu-z-adapterjem\/\" \/>\n<meta property=\"og:site_name\" content=\"Wilhelm Hundt GmbH\" \/>\n<meta property=\"article:modified_time\" content=\"2025-07-29T09:35:40+00:00\" \/>\n<meta name=\"twitter:card\" content=\"summary_large_image\" \/>\n<script type=\"application\/ld+json\" class=\"yoast-schema-graph\">{\"@context\":\"https:\\\/\\\/schema.org\",\"@graph\":[{\"@type\":\"WebPage\",\"@id\":\"https:\\\/\\\/hundtgroup.com\\\/sl\\\/produkt\\\/rocaj-trumpf-v-kompletu-z-adapterjem\\\/\",\"url\":\"https:\\\/\\\/hundtgroup.com\\\/sl\\\/produkt\\\/rocaj-trumpf-v-kompletu-z-adapterjem\\\/\",\"name\":\"Ro\u010daj TRUMPF v kompletu z adapterjem - Wilhelm Hundt GmbH\",\"isPartOf\":{\"@id\":\"https:\\\/\\\/hundtgroup.com\\\/sl\\\/#website\"},\"datePublished\":\"2022-08-23T13:59:42+00:00\",\"dateModified\":\"2025-07-29T09:35:40+00:00\",\"breadcrumb\":{\"@id\":\"https:\\\/\\\/hundtgroup.com\\\/sl\\\/produkt\\\/rocaj-trumpf-v-kompletu-z-adapterjem\\\/#breadcrumb\"},\"inLanguage\":\"sl-SI\",\"potentialAction\":[{\"@type\":\"ReadAction\",\"target\":[\"https:\\\/\\\/hundtgroup.com\\\/sl\\\/produkt\\\/rocaj-trumpf-v-kompletu-z-adapterjem\\\/\"]}]},{\"@type\":\"BreadcrumbList\",\"@id\":\"https:\\\/\\\/hundtgroup.com\\\/sl\\\/produkt\\\/rocaj-trumpf-v-kompletu-z-adapterjem\\\/#breadcrumb\",\"itemListElement\":[{\"@type\":\"ListItem\",\"position\":1,\"name\":\"Startseite\",\"item\":\"https:\\\/\\\/hundtgroup.com\\\/sl\\\/domov-novo\\\/\"},{\"@type\":\"ListItem\",\"position\":2,\"name\":\"Trgovina\",\"item\":\"https:\\\/\\\/hundtgroup.com\\\/trgovina\\\/\"},{\"@type\":\"ListItem\",\"position\":3,\"name\":\"Ro\u010daj TRUMPF v kompletu z adapterjem\"}]},{\"@type\":\"WebSite\",\"@id\":\"https:\\\/\\\/hundtgroup.com\\\/sl\\\/#website\",\"url\":\"https:\\\/\\\/hundtgroup.com\\\/sl\\\/\",\"name\":\"Wilhelm Hundt GmbH\",\"description\":\"Va\u0161 specialist za stroje in orodja za obdelavo plo\u010devine\",\"potentialAction\":[{\"@type\":\"SearchAction\",\"target\":{\"@type\":\"EntryPoint\",\"urlTemplate\":\"https:\\\/\\\/hundtgroup.com\\\/sl\\\/?s={search_term_string}\"},\"query-input\":{\"@type\":\"PropertyValueSpecification\",\"valueRequired\":true,\"valueName\":\"search_term_string\"}}],\"inLanguage\":\"sl-SI\"}]}<\/script>\n<!-- \/ Yoast SEO plugin. -->","yoast_head_json":{"title":"Ro\u010daj TRUMPF v kompletu z adapterjem - Wilhelm Hundt GmbH","robots":{"index":"index","follow":"follow","max-snippet":"max-snippet:-1","max-image-preview":"max-image-preview:large","max-video-preview":"max-video-preview:-1"},"canonical":"https:\/\/hundtgroup.com\/sl\/produkt\/rocaj-trumpf-v-kompletu-z-adapterjem\/","og_locale":"sl_SI","og_type":"article","og_title":"Ro\u010daj TRUMPF v kompletu z adapterjem - Wilhelm Hundt GmbH","og_description":"Ro\u010daj TRUMPF z adapterjem za \u010distilec podpornih trakov TSC 100.","og_url":"https:\/\/hundtgroup.com\/sl\/produkt\/rocaj-trumpf-v-kompletu-z-adapterjem\/","og_site_name":"Wilhelm Hundt GmbH","article_modified_time":"2025-07-29T09:35:40+00:00","twitter_card":"summary_large_image","schema":{"@context":"https:\/\/schema.org","@graph":[{"@type":"WebPage","@id":"https:\/\/hundtgroup.com\/sl\/produkt\/rocaj-trumpf-v-kompletu-z-adapterjem\/","url":"https:\/\/hundtgroup.com\/sl\/produkt\/rocaj-trumpf-v-kompletu-z-adapterjem\/","name":"Ro\u010daj TRUMPF v kompletu z adapterjem - Wilhelm Hundt GmbH","isPartOf":{"@id":"https:\/\/hundtgroup.com\/sl\/#website"},"datePublished":"2022-08-23T13:59:42+00:00","dateModified":"2025-07-29T09:35:40+00:00","breadcrumb":{"@id":"https:\/\/hundtgroup.com\/sl\/produkt\/rocaj-trumpf-v-kompletu-z-adapterjem\/#breadcrumb"},"inLanguage":"sl-SI","potentialAction":[{"@type":"ReadAction","target":["https:\/\/hundtgroup.com\/sl\/produkt\/rocaj-trumpf-v-kompletu-z-adapterjem\/"]}]},{"@type":"BreadcrumbList","@id":"https:\/\/hundtgroup.com\/sl\/produkt\/rocaj-trumpf-v-kompletu-z-adapterjem\/#breadcrumb","itemListElement":[{"@type":"ListItem","position":1,"name":"Startseite","item":"https:\/\/hundtgroup.com\/sl\/domov-novo\/"},{"@type":"ListItem","position":2,"name":"Trgovina","item":"https:\/\/hundtgroup.com\/trgovina\/"},{"@type":"ListItem","position":3,"name":"Ro\u010daj TRUMPF v kompletu z adapterjem"}]},{"@type":"WebSite","@id":"https:\/\/hundtgroup.com\/sl\/#website","url":"https:\/\/hundtgroup.com\/sl\/","name":"Wilhelm Hundt GmbH","description":"Va\u0161 specialist za stroje in orodja za obdelavo plo\u010devine","potentialAction":[{"@type":"SearchAction","target":{"@type":"EntryPoint","urlTemplate":"https:\/\/hundtgroup.com\/sl\/?s={search_term_string}"},"query-input":{"@type":"PropertyValueSpecification","valueRequired":true,"valueName":"search_term_string"}}],"inLanguage":"sl-SI"}]}},"_links":{"self":[{"href":"https:\/\/hundtgroup.com\/sl\/wp-json\/wp\/v2\/product\/36257","targetHints":{"allow":["GET"]}}],"collection":[{"href":"https:\/\/hundtgroup.com\/sl\/wp-json\/wp\/v2\/product"}],"about":[{"href":"https:\/\/hundtgroup.com\/sl\/wp-json\/wp\/v2\/types\/product"}],"wp:attachment":[{"href":"https:\/\/hundtgroup.com\/sl\/wp-json\/wp\/v2\/media?parent=36257"}],"wp:term":[{"taxonomy":"product_cat","embeddable":true,"href":"https:\/\/hundtgroup.com\/sl\/wp-json\/wp\/v2\/product_cat?post=36257"},{"taxonomy":"product_tag","embeddable":true,"href":"https:\/\/hundtgroup.com\/sl\/wp-json\/wp\/v2\/product_tag?post=36257"}],"curies":[{"name":"wp","href":"https:\/\/api.w.org\/{rel}","templated":true}]}}