{"id":36276,"date":"2022-08-23T16:02:13","date_gmt":"2022-08-23T14:02:13","guid":{"rendered":"https:\/\/hundtgroup.com\/produkt\/flomastri-hundt\/"},"modified":"2025-07-29T12:03:19","modified_gmt":"2025-07-29T10:03:19","slug":"flomastri-hundt","status":"publish","type":"product","link":"https:\/\/hundtgroup.com\/sl\/produkt\/flomastri-hundt\/","title":{"rendered":"Flomastri Hundt"},"content":{"rendered":"<p>Permanentni marker, se posu\u0161i v nekaj sekundah, obstojen na svetlobi, odporen na vremenske vplive, za pisanje in ozna\u010devanje na papir, karton, \u0161katlo, folijo, plastiko, kovino, polistiren, steklo, porcelan, les, usnje in kamen, barvno intenziven, brez vonja in ksilena, s sponko, odporen na razmazovanje in vodo na skoraj vseh povr\u0161inah, z okroglo konico (pribli\u017eno 2 mm).<\/p>\n","protected":false},"excerpt":{"rendered":"<p>Permanentni marker, se posu\u0161i v nekaj sekundah, obstojen na svetlobi, odporen na vremenske vplive, za pisanje in ozna\u010devanje na papir, karton, \u0161katlo, folijo, plastiko, kovino, polistiren, steklo, porcelan, les, usnje in kamen, barvno intenziven, brez vonja in ksilena, s sponko, odporen na razmazovanje in vodo na skoraj vseh povr\u0161inah, z okroglo konico (pribli\u017eno 2 mm).<\/p>\n","protected":false},"featured_media":23155,"template":"","meta":{"_acf_changed":false,"inline_featured_image":false},"product_cat":[1977,1976],"product_tag":[],"class_list":{"0":"post-36276","1":"product","2":"type-product","3":"status-publish","4":"has-post-thumbnail","6":"brand-hundt","7":"product_cat-oznacevanje","8":"product_cat-oprema-za-gradbisce","10":"first","11":"instock","12":"taxable","13":"shipping-taxable","14":"purchasable","15":"product-type-simple","16":"add-to-wishlist-before_image"},"acf":[],"yoast_head":"<!-- This site is optimized with the Yoast SEO plugin v27.3 - https:\/\/yoast.com\/product\/yoast-seo-wordpress\/ -->\n<title>Flomastri Hundt - Wilhelm Hundt GmbH<\/title>\n<meta name=\"robots\" content=\"index, follow, max-snippet:-1, max-image-preview:large, max-video-preview:-1\" \/>\n<link rel=\"canonical\" href=\"https:\/\/hundtgroup.com\/sl\/produkt\/flomastri-hundt\/\" \/>\n<meta property=\"og:locale\" content=\"sl_SI\" \/>\n<meta property=\"og:type\" content=\"article\" \/>\n<meta property=\"og:title\" content=\"Flomastri Hundt - Wilhelm Hundt GmbH\" \/>\n<meta property=\"og:description\" content=\"Permanentni marker, se posu\u0161i v nekaj sekundah, obstojen na svetlobi, odporen na vremenske vplive, za pisanje in ozna\u010devanje na papir, karton, \u0161katlo, folijo, plastiko, kovino, polistiren, steklo, porcelan, les, usnje in kamen, barvno intenziven, brez vonja in ksilena, s sponko, odporen na razmazovanje in vodo na skoraj vseh povr\u0161inah, z okroglo konico (pribli\u017eno 2 mm).\" \/>\n<meta property=\"og:url\" content=\"https:\/\/hundtgroup.com\/sl\/produkt\/flomastri-hundt\/\" \/>\n<meta property=\"og:site_name\" content=\"Wilhelm Hundt GmbH\" \/>\n<meta property=\"article:modified_time\" content=\"2025-07-29T10:03:19+00:00\" \/>\n<meta property=\"og:image\" content=\"https:\/\/hundtgroup.com\/wp-content\/uploads\/280010.png\" \/>\n\t<meta property=\"og:image:width\" content=\"815\" \/>\n\t<meta property=\"og:image:height\" content=\"150\" \/>\n\t<meta property=\"og:image:type\" content=\"image\/png\" \/>\n<meta name=\"twitter:card\" content=\"summary_large_image\" \/>\n<script type=\"application\/ld+json\" class=\"yoast-schema-graph\">{\"@context\":\"https:\\\/\\\/schema.org\",\"@graph\":[{\"@type\":\"WebPage\",\"@id\":\"https:\\\/\\\/hundtgroup.com\\\/sl\\\/produkt\\\/flomastri-hundt\\\/\",\"url\":\"https:\\\/\\\/hundtgroup.com\\\/sl\\\/produkt\\\/flomastri-hundt\\\/\",\"name\":\"Flomastri Hundt - Wilhelm Hundt GmbH\",\"isPartOf\":{\"@id\":\"https:\\\/\\\/hundtgroup.com\\\/sl\\\/#website\"},\"primaryImageOfPage\":{\"@id\":\"https:\\\/\\\/hundtgroup.com\\\/sl\\\/produkt\\\/flomastri-hundt\\\/#primaryimage\"},\"image\":{\"@id\":\"https:\\\/\\\/hundtgroup.com\\\/sl\\\/produkt\\\/flomastri-hundt\\\/#primaryimage\"},\"thumbnailUrl\":\"https:\\\/\\\/hundtgroup.com\\\/wp-content\\\/uploads\\\/280010.png\",\"datePublished\":\"2022-08-23T14:02:13+00:00\",\"dateModified\":\"2025-07-29T10:03:19+00:00\",\"breadcrumb\":{\"@id\":\"https:\\\/\\\/hundtgroup.com\\\/sl\\\/produkt\\\/flomastri-hundt\\\/#breadcrumb\"},\"inLanguage\":\"sl-SI\",\"potentialAction\":[{\"@type\":\"ReadAction\",\"target\":[\"https:\\\/\\\/hundtgroup.com\\\/sl\\\/produkt\\\/flomastri-hundt\\\/\"]}]},{\"@type\":\"ImageObject\",\"inLanguage\":\"sl-SI\",\"@id\":\"https:\\\/\\\/hundtgroup.com\\\/sl\\\/produkt\\\/flomastri-hundt\\\/#primaryimage\",\"url\":\"https:\\\/\\\/hundtgroup.com\\\/wp-content\\\/uploads\\\/280010.png\",\"contentUrl\":\"https:\\\/\\\/hundtgroup.com\\\/wp-content\\\/uploads\\\/280010.png\",\"width\":815,\"height\":150},{\"@type\":\"BreadcrumbList\",\"@id\":\"https:\\\/\\\/hundtgroup.com\\\/sl\\\/produkt\\\/flomastri-hundt\\\/#breadcrumb\",\"itemListElement\":[{\"@type\":\"ListItem\",\"position\":1,\"name\":\"Startseite\",\"item\":\"https:\\\/\\\/hundtgroup.com\\\/sl\\\/domov-novo\\\/\"},{\"@type\":\"ListItem\",\"position\":2,\"name\":\"Trgovina\",\"item\":\"https:\\\/\\\/hundtgroup.com\\\/trgovina\\\/\"},{\"@type\":\"ListItem\",\"position\":3,\"name\":\"Flomastri Hundt\"}]},{\"@type\":\"WebSite\",\"@id\":\"https:\\\/\\\/hundtgroup.com\\\/sl\\\/#website\",\"url\":\"https:\\\/\\\/hundtgroup.com\\\/sl\\\/\",\"name\":\"Wilhelm Hundt GmbH\",\"description\":\"Va\u0161 specialist za stroje in orodja za obdelavo plo\u010devine\",\"potentialAction\":[{\"@type\":\"SearchAction\",\"target\":{\"@type\":\"EntryPoint\",\"urlTemplate\":\"https:\\\/\\\/hundtgroup.com\\\/sl\\\/?s={search_term_string}\"},\"query-input\":{\"@type\":\"PropertyValueSpecification\",\"valueRequired\":true,\"valueName\":\"search_term_string\"}}],\"inLanguage\":\"sl-SI\"}]}<\/script>\n<!-- \/ Yoast SEO plugin. -->","yoast_head_json":{"title":"Flomastri Hundt - Wilhelm Hundt GmbH","robots":{"index":"index","follow":"follow","max-snippet":"max-snippet:-1","max-image-preview":"max-image-preview:large","max-video-preview":"max-video-preview:-1"},"canonical":"https:\/\/hundtgroup.com\/sl\/produkt\/flomastri-hundt\/","og_locale":"sl_SI","og_type":"article","og_title":"Flomastri Hundt - Wilhelm Hundt GmbH","og_description":"Permanentni marker, se posu\u0161i v nekaj sekundah, obstojen na svetlobi, odporen na vremenske vplive, za pisanje in ozna\u010devanje na papir, karton, \u0161katlo, folijo, plastiko, kovino, polistiren, steklo, porcelan, les, usnje in kamen, barvno intenziven, brez vonja in ksilena, s sponko, odporen na razmazovanje in vodo na skoraj vseh povr\u0161inah, z okroglo konico (pribli\u017eno 2 mm).","og_url":"https:\/\/hundtgroup.com\/sl\/produkt\/flomastri-hundt\/","og_site_name":"Wilhelm Hundt GmbH","article_modified_time":"2025-07-29T10:03:19+00:00","og_image":[{"width":815,"height":150,"url":"https:\/\/hundtgroup.com\/wp-content\/uploads\/280010.png","type":"image\/png"}],"twitter_card":"summary_large_image","schema":{"@context":"https:\/\/schema.org","@graph":[{"@type":"WebPage","@id":"https:\/\/hundtgroup.com\/sl\/produkt\/flomastri-hundt\/","url":"https:\/\/hundtgroup.com\/sl\/produkt\/flomastri-hundt\/","name":"Flomastri Hundt - Wilhelm Hundt GmbH","isPartOf":{"@id":"https:\/\/hundtgroup.com\/sl\/#website"},"primaryImageOfPage":{"@id":"https:\/\/hundtgroup.com\/sl\/produkt\/flomastri-hundt\/#primaryimage"},"image":{"@id":"https:\/\/hundtgroup.com\/sl\/produkt\/flomastri-hundt\/#primaryimage"},"thumbnailUrl":"https:\/\/hundtgroup.com\/wp-content\/uploads\/280010.png","datePublished":"2022-08-23T14:02:13+00:00","dateModified":"2025-07-29T10:03:19+00:00","breadcrumb":{"@id":"https:\/\/hundtgroup.com\/sl\/produkt\/flomastri-hundt\/#breadcrumb"},"inLanguage":"sl-SI","potentialAction":[{"@type":"ReadAction","target":["https:\/\/hundtgroup.com\/sl\/produkt\/flomastri-hundt\/"]}]},{"@type":"ImageObject","inLanguage":"sl-SI","@id":"https:\/\/hundtgroup.com\/sl\/produkt\/flomastri-hundt\/#primaryimage","url":"https:\/\/hundtgroup.com\/wp-content\/uploads\/280010.png","contentUrl":"https:\/\/hundtgroup.com\/wp-content\/uploads\/280010.png","width":815,"height":150},{"@type":"BreadcrumbList","@id":"https:\/\/hundtgroup.com\/sl\/produkt\/flomastri-hundt\/#breadcrumb","itemListElement":[{"@type":"ListItem","position":1,"name":"Startseite","item":"https:\/\/hundtgroup.com\/sl\/domov-novo\/"},{"@type":"ListItem","position":2,"name":"Trgovina","item":"https:\/\/hundtgroup.com\/trgovina\/"},{"@type":"ListItem","position":3,"name":"Flomastri Hundt"}]},{"@type":"WebSite","@id":"https:\/\/hundtgroup.com\/sl\/#website","url":"https:\/\/hundtgroup.com\/sl\/","name":"Wilhelm Hundt GmbH","description":"Va\u0161 specialist za stroje in orodja za obdelavo plo\u010devine","potentialAction":[{"@type":"SearchAction","target":{"@type":"EntryPoint","urlTemplate":"https:\/\/hundtgroup.com\/sl\/?s={search_term_string}"},"query-input":{"@type":"PropertyValueSpecification","valueRequired":true,"valueName":"search_term_string"}}],"inLanguage":"sl-SI"}]}},"_links":{"self":[{"href":"https:\/\/hundtgroup.com\/sl\/wp-json\/wp\/v2\/product\/36276","targetHints":{"allow":["GET"]}}],"collection":[{"href":"https:\/\/hundtgroup.com\/sl\/wp-json\/wp\/v2\/product"}],"about":[{"href":"https:\/\/hundtgroup.com\/sl\/wp-json\/wp\/v2\/types\/product"}],"wp:featuredmedia":[{"embeddable":true,"href":"https:\/\/hundtgroup.com\/sl\/wp-json\/wp\/v2\/media\/23155"}],"wp:attachment":[{"href":"https:\/\/hundtgroup.com\/sl\/wp-json\/wp\/v2\/media?parent=36276"}],"wp:term":[{"taxonomy":"product_cat","embeddable":true,"href":"https:\/\/hundtgroup.com\/sl\/wp-json\/wp\/v2\/product_cat?post=36276"},{"taxonomy":"product_tag","embeddable":true,"href":"https:\/\/hundtgroup.com\/sl\/wp-json\/wp\/v2\/product_tag?post=36276"}],"curies":[{"name":"wp","href":"https:\/\/api.w.org\/{rel}","templated":true}]}}