{"id":36296,"date":"2022-08-23T16:01:18","date_gmt":"2022-08-23T14:01:18","guid":{"rendered":"https:\/\/hundtgroup.com\/produkt\/90-55-280-odrezovalnik-plocevine\/"},"modified":"2025-07-29T11:56:20","modified_gmt":"2025-07-29T09:56:20","slug":"90-55-280-odrezovalnik-plocevine","status":"publish","type":"product","link":"https:\/\/hundtgroup.com\/sl\/produkt\/90-55-280-odrezovalnik-plocevine\/","title":{"rendered":"90 55 280 Odrezovalnik plo\u010devine"},"content":{"rendered":"<p>Za rezanje \u017eelezne, bakrene ali aluminijaste plo\u010devine debeline do najve\u010d 1,2 mm, plastike debeline do najve\u010d 2,0 mm.<br \/>\nMateriale re\u017ee brez deformacij.<br \/>\n\u010cisti rezalni robovi, brez predelave rezanega profila. Z lomilcem iveri.<br \/>\nEnostavno rokovanje. Ohi\u0161je orodja iz posebnega orodnega jekla, valjano, kaljeno v olju.<br \/>\nRezilo iz posebnega orodnega jekla, kaljeno v olju, zamenljivo.    <\/p>\n","protected":false},"excerpt":{"rendered":"<p>Za rezanje \u017eelezne, bakrene ali aluminijaste plo\u010devine debeline do najve\u010d 1,2 mm, plastike debeline do najve\u010d 2,0 mm. Materiale re\u017ee brez deformacij. \u010cisti rezalni robovi, brez predelave rezanega profila. Z lomilcem iveri. Enostavno rokovanje. Ohi\u0161je orodja iz posebnega orodnega jekla, valjano, kaljeno v olju. Rezilo iz posebnega orodnega jekla, kaljeno v olju, zamenljivo.<\/p>\n","protected":false},"featured_media":34154,"template":"","meta":{"_acf_changed":false,"inline_featured_image":false},"product_cat":[1748,1973,2013],"product_tag":[],"class_list":{"0":"post-36296","1":"product","2":"type-product","3":"status-publish","4":"has-post-thumbnail","6":"brand-knipex","7":"product_cat-rocna-orodja","8":"product_cat-skarje-za-kositer-sl-3","9":"product_cat-nibble-sl","11":"first","12":"instock","13":"taxable","14":"shipping-taxable","15":"purchasable","16":"product-type-simple","17":"add-to-wishlist-before_image"},"acf":[],"yoast_head":"<!-- This site is optimized with the Yoast SEO plugin v27.3 - https:\/\/yoast.com\/product\/yoast-seo-wordpress\/ -->\n<title>90 55 280 Odrezovalnik plo\u010devine - Wilhelm Hundt GmbH<\/title>\n<meta name=\"robots\" content=\"index, follow, max-snippet:-1, max-image-preview:large, max-video-preview:-1\" \/>\n<link rel=\"canonical\" href=\"https:\/\/hundtgroup.com\/sl\/produkt\/90-55-280-odrezovalnik-plocevine\/\" \/>\n<meta property=\"og:locale\" content=\"sl_SI\" \/>\n<meta property=\"og:type\" content=\"article\" \/>\n<meta property=\"og:title\" content=\"90 55 280 Odrezovalnik plo\u010devine - Wilhelm Hundt GmbH\" \/>\n<meta property=\"og:description\" content=\"Za rezanje \u017eelezne, bakrene ali aluminijaste plo\u010devine debeline do najve\u010d 1,2 mm, plastike debeline do najve\u010d 2,0 mm. Materiale re\u017ee brez deformacij. \u010cisti rezalni robovi, brez predelave rezanega profila. Z lomilcem iveri. Enostavno rokovanje. Ohi\u0161je orodja iz posebnega orodnega jekla, valjano, kaljeno v olju. Rezilo iz posebnega orodnega jekla, kaljeno v olju, zamenljivo.\" \/>\n<meta property=\"og:url\" content=\"https:\/\/hundtgroup.com\/sl\/produkt\/90-55-280-odrezovalnik-plocevine\/\" \/>\n<meta property=\"og:site_name\" content=\"Wilhelm Hundt GmbH\" \/>\n<meta property=\"article:modified_time\" content=\"2025-07-29T09:56:20+00:00\" \/>\n<meta property=\"og:image\" content=\"https:\/\/hundtgroup.com\/wp-content\/uploads\/410523.png\" \/>\n\t<meta property=\"og:image:width\" content=\"850\" \/>\n\t<meta property=\"og:image:height\" content=\"379\" \/>\n\t<meta property=\"og:image:type\" content=\"image\/png\" \/>\n<meta name=\"twitter:card\" content=\"summary_large_image\" \/>\n<script type=\"application\/ld+json\" class=\"yoast-schema-graph\">{\"@context\":\"https:\\\/\\\/schema.org\",\"@graph\":[{\"@type\":\"WebPage\",\"@id\":\"https:\\\/\\\/hundtgroup.com\\\/sl\\\/produkt\\\/90-55-280-odrezovalnik-plocevine\\\/\",\"url\":\"https:\\\/\\\/hundtgroup.com\\\/sl\\\/produkt\\\/90-55-280-odrezovalnik-plocevine\\\/\",\"name\":\"90 55 280 Odrezovalnik plo\u010devine - Wilhelm Hundt GmbH\",\"isPartOf\":{\"@id\":\"https:\\\/\\\/hundtgroup.com\\\/sl\\\/#website\"},\"primaryImageOfPage\":{\"@id\":\"https:\\\/\\\/hundtgroup.com\\\/sl\\\/produkt\\\/90-55-280-odrezovalnik-plocevine\\\/#primaryimage\"},\"image\":{\"@id\":\"https:\\\/\\\/hundtgroup.com\\\/sl\\\/produkt\\\/90-55-280-odrezovalnik-plocevine\\\/#primaryimage\"},\"thumbnailUrl\":\"https:\\\/\\\/hundtgroup.com\\\/wp-content\\\/uploads\\\/410523.png\",\"datePublished\":\"2022-08-23T14:01:18+00:00\",\"dateModified\":\"2025-07-29T09:56:20+00:00\",\"breadcrumb\":{\"@id\":\"https:\\\/\\\/hundtgroup.com\\\/sl\\\/produkt\\\/90-55-280-odrezovalnik-plocevine\\\/#breadcrumb\"},\"inLanguage\":\"sl-SI\",\"potentialAction\":[{\"@type\":\"ReadAction\",\"target\":[\"https:\\\/\\\/hundtgroup.com\\\/sl\\\/produkt\\\/90-55-280-odrezovalnik-plocevine\\\/\"]}]},{\"@type\":\"ImageObject\",\"inLanguage\":\"sl-SI\",\"@id\":\"https:\\\/\\\/hundtgroup.com\\\/sl\\\/produkt\\\/90-55-280-odrezovalnik-plocevine\\\/#primaryimage\",\"url\":\"https:\\\/\\\/hundtgroup.com\\\/wp-content\\\/uploads\\\/410523.png\",\"contentUrl\":\"https:\\\/\\\/hundtgroup.com\\\/wp-content\\\/uploads\\\/410523.png\",\"width\":850,\"height\":379},{\"@type\":\"BreadcrumbList\",\"@id\":\"https:\\\/\\\/hundtgroup.com\\\/sl\\\/produkt\\\/90-55-280-odrezovalnik-plocevine\\\/#breadcrumb\",\"itemListElement\":[{\"@type\":\"ListItem\",\"position\":1,\"name\":\"Startseite\",\"item\":\"https:\\\/\\\/hundtgroup.com\\\/sl\\\/domov-novo\\\/\"},{\"@type\":\"ListItem\",\"position\":2,\"name\":\"Trgovina\",\"item\":\"https:\\\/\\\/hundtgroup.com\\\/trgovina\\\/\"},{\"@type\":\"ListItem\",\"position\":3,\"name\":\"90 55 280 Odrezovalnik plo\u010devine\"}]},{\"@type\":\"WebSite\",\"@id\":\"https:\\\/\\\/hundtgroup.com\\\/sl\\\/#website\",\"url\":\"https:\\\/\\\/hundtgroup.com\\\/sl\\\/\",\"name\":\"Wilhelm Hundt GmbH\",\"description\":\"Va\u0161 specialist za stroje in orodja za obdelavo plo\u010devine\",\"potentialAction\":[{\"@type\":\"SearchAction\",\"target\":{\"@type\":\"EntryPoint\",\"urlTemplate\":\"https:\\\/\\\/hundtgroup.com\\\/sl\\\/?s={search_term_string}\"},\"query-input\":{\"@type\":\"PropertyValueSpecification\",\"valueRequired\":true,\"valueName\":\"search_term_string\"}}],\"inLanguage\":\"sl-SI\"}]}<\/script>\n<!-- \/ Yoast SEO plugin. -->","yoast_head_json":{"title":"90 55 280 Odrezovalnik plo\u010devine - Wilhelm Hundt GmbH","robots":{"index":"index","follow":"follow","max-snippet":"max-snippet:-1","max-image-preview":"max-image-preview:large","max-video-preview":"max-video-preview:-1"},"canonical":"https:\/\/hundtgroup.com\/sl\/produkt\/90-55-280-odrezovalnik-plocevine\/","og_locale":"sl_SI","og_type":"article","og_title":"90 55 280 Odrezovalnik plo\u010devine - Wilhelm Hundt GmbH","og_description":"Za rezanje \u017eelezne, bakrene ali aluminijaste plo\u010devine debeline do najve\u010d 1,2 mm, plastike debeline do najve\u010d 2,0 mm. Materiale re\u017ee brez deformacij. \u010cisti rezalni robovi, brez predelave rezanega profila. Z lomilcem iveri. Enostavno rokovanje. Ohi\u0161je orodja iz posebnega orodnega jekla, valjano, kaljeno v olju. Rezilo iz posebnega orodnega jekla, kaljeno v olju, zamenljivo.","og_url":"https:\/\/hundtgroup.com\/sl\/produkt\/90-55-280-odrezovalnik-plocevine\/","og_site_name":"Wilhelm Hundt GmbH","article_modified_time":"2025-07-29T09:56:20+00:00","og_image":[{"width":850,"height":379,"url":"https:\/\/hundtgroup.com\/wp-content\/uploads\/410523.png","type":"image\/png"}],"twitter_card":"summary_large_image","schema":{"@context":"https:\/\/schema.org","@graph":[{"@type":"WebPage","@id":"https:\/\/hundtgroup.com\/sl\/produkt\/90-55-280-odrezovalnik-plocevine\/","url":"https:\/\/hundtgroup.com\/sl\/produkt\/90-55-280-odrezovalnik-plocevine\/","name":"90 55 280 Odrezovalnik plo\u010devine - Wilhelm Hundt GmbH","isPartOf":{"@id":"https:\/\/hundtgroup.com\/sl\/#website"},"primaryImageOfPage":{"@id":"https:\/\/hundtgroup.com\/sl\/produkt\/90-55-280-odrezovalnik-plocevine\/#primaryimage"},"image":{"@id":"https:\/\/hundtgroup.com\/sl\/produkt\/90-55-280-odrezovalnik-plocevine\/#primaryimage"},"thumbnailUrl":"https:\/\/hundtgroup.com\/wp-content\/uploads\/410523.png","datePublished":"2022-08-23T14:01:18+00:00","dateModified":"2025-07-29T09:56:20+00:00","breadcrumb":{"@id":"https:\/\/hundtgroup.com\/sl\/produkt\/90-55-280-odrezovalnik-plocevine\/#breadcrumb"},"inLanguage":"sl-SI","potentialAction":[{"@type":"ReadAction","target":["https:\/\/hundtgroup.com\/sl\/produkt\/90-55-280-odrezovalnik-plocevine\/"]}]},{"@type":"ImageObject","inLanguage":"sl-SI","@id":"https:\/\/hundtgroup.com\/sl\/produkt\/90-55-280-odrezovalnik-plocevine\/#primaryimage","url":"https:\/\/hundtgroup.com\/wp-content\/uploads\/410523.png","contentUrl":"https:\/\/hundtgroup.com\/wp-content\/uploads\/410523.png","width":850,"height":379},{"@type":"BreadcrumbList","@id":"https:\/\/hundtgroup.com\/sl\/produkt\/90-55-280-odrezovalnik-plocevine\/#breadcrumb","itemListElement":[{"@type":"ListItem","position":1,"name":"Startseite","item":"https:\/\/hundtgroup.com\/sl\/domov-novo\/"},{"@type":"ListItem","position":2,"name":"Trgovina","item":"https:\/\/hundtgroup.com\/trgovina\/"},{"@type":"ListItem","position":3,"name":"90 55 280 Odrezovalnik plo\u010devine"}]},{"@type":"WebSite","@id":"https:\/\/hundtgroup.com\/sl\/#website","url":"https:\/\/hundtgroup.com\/sl\/","name":"Wilhelm Hundt GmbH","description":"Va\u0161 specialist za stroje in orodja za obdelavo plo\u010devine","potentialAction":[{"@type":"SearchAction","target":{"@type":"EntryPoint","urlTemplate":"https:\/\/hundtgroup.com\/sl\/?s={search_term_string}"},"query-input":{"@type":"PropertyValueSpecification","valueRequired":true,"valueName":"search_term_string"}}],"inLanguage":"sl-SI"}]}},"_links":{"self":[{"href":"https:\/\/hundtgroup.com\/sl\/wp-json\/wp\/v2\/product\/36296","targetHints":{"allow":["GET"]}}],"collection":[{"href":"https:\/\/hundtgroup.com\/sl\/wp-json\/wp\/v2\/product"}],"about":[{"href":"https:\/\/hundtgroup.com\/sl\/wp-json\/wp\/v2\/types\/product"}],"wp:featuredmedia":[{"embeddable":true,"href":"https:\/\/hundtgroup.com\/sl\/wp-json\/wp\/v2\/media\/34154"}],"wp:attachment":[{"href":"https:\/\/hundtgroup.com\/sl\/wp-json\/wp\/v2\/media?parent=36296"}],"wp:term":[{"taxonomy":"product_cat","embeddable":true,"href":"https:\/\/hundtgroup.com\/sl\/wp-json\/wp\/v2\/product_cat?post=36296"},{"taxonomy":"product_tag","embeddable":true,"href":"https:\/\/hundtgroup.com\/sl\/wp-json\/wp\/v2\/product_tag?post=36296"}],"curies":[{"name":"wp","href":"https:\/\/api.w.org\/{rel}","templated":true}]}}