{"id":36313,"date":"2022-10-26T15:58:20","date_gmt":"2022-10-26T13:58:20","guid":{"rendered":"https:\/\/hundtgroup.com\/produkt\/merilni-trak-panoramski\/"},"modified":"2025-07-29T12:07:16","modified_gmt":"2025-07-29T10:07:16","slug":"merilni-trak-panoramski","status":"publish","type":"product","link":"https:\/\/hundtgroup.com\/sl\/produkt\/merilni-trak-panoramski\/","title":{"rendered":"Merilni trak Panoramski"},"content":{"rendered":"<p>Merilni trak profesionalne kakovosti s preglednim okencem.<br \/>\nLakiran trak za dolgo \u017eivljenjsko dobo.<br \/>\nAluminijasti trak v obliki \u010drke U \u0161\u010diti spodnji del ohi\u0161ja.<br \/>\nKon\u010dni kavlji dvakrat zakovi\u010deni.<br \/>\nOhi\u0161je iz rjave plastike, odporno na udarce, s preglednim okencem.<br \/>\nNajla\u017eja uporaba in najve\u010dja vzdr\u017eljivost.<br \/>\nRazred natan\u010dnosti II<\/p>\n","protected":false},"excerpt":{"rendered":"<p>Merilni trak profesionalne kakovosti s preglednim okencem. Lakiran trak za dolgo \u017eivljenjsko dobo. Aluminijasti trak v obliki \u010drke U \u0161\u010diti spodnji del ohi\u0161ja. Kon\u010dni kavlji dvakrat zakovi\u010deni. Ohi\u0161je iz rjave plastike, odporno na udarce, s preglednim okencem. Najla\u017eja uporaba in najve\u010dja vzdr\u017eljivost. Razred natan\u010dnosti II<\/p>\n","protected":false},"featured_media":34203,"template":"","meta":{"_acf_changed":false,"inline_featured_image":false},"product_cat":[1748,1975,2768],"product_tag":[],"class_list":{"0":"post-36313","1":"product","2":"type-product","3":"status-publish","4":"has-post-thumbnail","6":"brand-stanley","7":"product_cat-rocna-orodja","8":"product_cat-merilna-orodja","9":"product_cat-merilni-trak","11":"first","12":"instock","13":"taxable","14":"shipping-taxable","15":"purchasable","16":"product-type-simple","17":"add-to-wishlist-before_image"},"acf":[],"yoast_head":"<!-- This site is optimized with the Yoast SEO plugin v27.3 - https:\/\/yoast.com\/product\/yoast-seo-wordpress\/ -->\n<title>Merilni trak Panoramski - Wilhelm Hundt GmbH<\/title>\n<meta name=\"robots\" content=\"index, follow, max-snippet:-1, max-image-preview:large, max-video-preview:-1\" \/>\n<link rel=\"canonical\" href=\"https:\/\/hundtgroup.com\/sl\/produkt\/merilni-trak-panoramski\/\" \/>\n<meta property=\"og:locale\" content=\"sl_SI\" \/>\n<meta property=\"og:type\" content=\"article\" \/>\n<meta property=\"og:title\" content=\"Merilni trak Panoramski - Wilhelm Hundt GmbH\" \/>\n<meta property=\"og:description\" content=\"Merilni trak profesionalne kakovosti s preglednim okencem. Lakiran trak za dolgo \u017eivljenjsko dobo. Aluminijasti trak v obliki \u010drke U \u0161\u010diti spodnji del ohi\u0161ja. Kon\u010dni kavlji dvakrat zakovi\u010deni. Ohi\u0161je iz rjave plastike, odporno na udarce, s preglednim okencem. Najla\u017eja uporaba in najve\u010dja vzdr\u017eljivost. Razred natan\u010dnosti II\" \/>\n<meta property=\"og:url\" content=\"https:\/\/hundtgroup.com\/sl\/produkt\/merilni-trak-panoramski\/\" \/>\n<meta property=\"og:site_name\" content=\"Wilhelm Hundt GmbH\" \/>\n<meta property=\"article:modified_time\" content=\"2025-07-29T10:07:16+00:00\" \/>\n<meta property=\"og:image\" content=\"https:\/\/hundtgroup.com\/wp-content\/uploads\/420247.png\" \/>\n\t<meta property=\"og:image:width\" content=\"260\" \/>\n\t<meta property=\"og:image:height\" content=\"260\" \/>\n\t<meta property=\"og:image:type\" content=\"image\/png\" \/>\n<meta name=\"twitter:card\" content=\"summary_large_image\" \/>\n<script type=\"application\/ld+json\" class=\"yoast-schema-graph\">{\"@context\":\"https:\\\/\\\/schema.org\",\"@graph\":[{\"@type\":\"WebPage\",\"@id\":\"https:\\\/\\\/hundtgroup.com\\\/sl\\\/produkt\\\/merilni-trak-panoramski\\\/\",\"url\":\"https:\\\/\\\/hundtgroup.com\\\/sl\\\/produkt\\\/merilni-trak-panoramski\\\/\",\"name\":\"Merilni trak Panoramski - Wilhelm Hundt GmbH\",\"isPartOf\":{\"@id\":\"https:\\\/\\\/hundtgroup.com\\\/sl\\\/#website\"},\"primaryImageOfPage\":{\"@id\":\"https:\\\/\\\/hundtgroup.com\\\/sl\\\/produkt\\\/merilni-trak-panoramski\\\/#primaryimage\"},\"image\":{\"@id\":\"https:\\\/\\\/hundtgroup.com\\\/sl\\\/produkt\\\/merilni-trak-panoramski\\\/#primaryimage\"},\"thumbnailUrl\":\"https:\\\/\\\/hundtgroup.com\\\/wp-content\\\/uploads\\\/420247.png\",\"datePublished\":\"2022-10-26T13:58:20+00:00\",\"dateModified\":\"2025-07-29T10:07:16+00:00\",\"breadcrumb\":{\"@id\":\"https:\\\/\\\/hundtgroup.com\\\/sl\\\/produkt\\\/merilni-trak-panoramski\\\/#breadcrumb\"},\"inLanguage\":\"sl-SI\",\"potentialAction\":[{\"@type\":\"ReadAction\",\"target\":[\"https:\\\/\\\/hundtgroup.com\\\/sl\\\/produkt\\\/merilni-trak-panoramski\\\/\"]}]},{\"@type\":\"ImageObject\",\"inLanguage\":\"sl-SI\",\"@id\":\"https:\\\/\\\/hundtgroup.com\\\/sl\\\/produkt\\\/merilni-trak-panoramski\\\/#primaryimage\",\"url\":\"https:\\\/\\\/hundtgroup.com\\\/wp-content\\\/uploads\\\/420247.png\",\"contentUrl\":\"https:\\\/\\\/hundtgroup.com\\\/wp-content\\\/uploads\\\/420247.png\",\"width\":260,\"height\":260},{\"@type\":\"BreadcrumbList\",\"@id\":\"https:\\\/\\\/hundtgroup.com\\\/sl\\\/produkt\\\/merilni-trak-panoramski\\\/#breadcrumb\",\"itemListElement\":[{\"@type\":\"ListItem\",\"position\":1,\"name\":\"Startseite\",\"item\":\"https:\\\/\\\/hundtgroup.com\\\/sl\\\/domov-novo\\\/\"},{\"@type\":\"ListItem\",\"position\":2,\"name\":\"Trgovina\",\"item\":\"https:\\\/\\\/hundtgroup.com\\\/trgovina\\\/\"},{\"@type\":\"ListItem\",\"position\":3,\"name\":\"Merilni trak Panoramski\"}]},{\"@type\":\"WebSite\",\"@id\":\"https:\\\/\\\/hundtgroup.com\\\/sl\\\/#website\",\"url\":\"https:\\\/\\\/hundtgroup.com\\\/sl\\\/\",\"name\":\"Wilhelm Hundt GmbH\",\"description\":\"Va\u0161 specialist za stroje in orodja za obdelavo plo\u010devine\",\"potentialAction\":[{\"@type\":\"SearchAction\",\"target\":{\"@type\":\"EntryPoint\",\"urlTemplate\":\"https:\\\/\\\/hundtgroup.com\\\/sl\\\/?s={search_term_string}\"},\"query-input\":{\"@type\":\"PropertyValueSpecification\",\"valueRequired\":true,\"valueName\":\"search_term_string\"}}],\"inLanguage\":\"sl-SI\"}]}<\/script>\n<!-- \/ Yoast SEO plugin. -->","yoast_head_json":{"title":"Merilni trak Panoramski - Wilhelm Hundt GmbH","robots":{"index":"index","follow":"follow","max-snippet":"max-snippet:-1","max-image-preview":"max-image-preview:large","max-video-preview":"max-video-preview:-1"},"canonical":"https:\/\/hundtgroup.com\/sl\/produkt\/merilni-trak-panoramski\/","og_locale":"sl_SI","og_type":"article","og_title":"Merilni trak Panoramski - Wilhelm Hundt GmbH","og_description":"Merilni trak profesionalne kakovosti s preglednim okencem. Lakiran trak za dolgo \u017eivljenjsko dobo. Aluminijasti trak v obliki \u010drke U \u0161\u010diti spodnji del ohi\u0161ja. Kon\u010dni kavlji dvakrat zakovi\u010deni. Ohi\u0161je iz rjave plastike, odporno na udarce, s preglednim okencem. Najla\u017eja uporaba in najve\u010dja vzdr\u017eljivost. Razred natan\u010dnosti II","og_url":"https:\/\/hundtgroup.com\/sl\/produkt\/merilni-trak-panoramski\/","og_site_name":"Wilhelm Hundt GmbH","article_modified_time":"2025-07-29T10:07:16+00:00","og_image":[{"width":260,"height":260,"url":"https:\/\/hundtgroup.com\/wp-content\/uploads\/420247.png","type":"image\/png"}],"twitter_card":"summary_large_image","schema":{"@context":"https:\/\/schema.org","@graph":[{"@type":"WebPage","@id":"https:\/\/hundtgroup.com\/sl\/produkt\/merilni-trak-panoramski\/","url":"https:\/\/hundtgroup.com\/sl\/produkt\/merilni-trak-panoramski\/","name":"Merilni trak Panoramski - Wilhelm Hundt GmbH","isPartOf":{"@id":"https:\/\/hundtgroup.com\/sl\/#website"},"primaryImageOfPage":{"@id":"https:\/\/hundtgroup.com\/sl\/produkt\/merilni-trak-panoramski\/#primaryimage"},"image":{"@id":"https:\/\/hundtgroup.com\/sl\/produkt\/merilni-trak-panoramski\/#primaryimage"},"thumbnailUrl":"https:\/\/hundtgroup.com\/wp-content\/uploads\/420247.png","datePublished":"2022-10-26T13:58:20+00:00","dateModified":"2025-07-29T10:07:16+00:00","breadcrumb":{"@id":"https:\/\/hundtgroup.com\/sl\/produkt\/merilni-trak-panoramski\/#breadcrumb"},"inLanguage":"sl-SI","potentialAction":[{"@type":"ReadAction","target":["https:\/\/hundtgroup.com\/sl\/produkt\/merilni-trak-panoramski\/"]}]},{"@type":"ImageObject","inLanguage":"sl-SI","@id":"https:\/\/hundtgroup.com\/sl\/produkt\/merilni-trak-panoramski\/#primaryimage","url":"https:\/\/hundtgroup.com\/wp-content\/uploads\/420247.png","contentUrl":"https:\/\/hundtgroup.com\/wp-content\/uploads\/420247.png","width":260,"height":260},{"@type":"BreadcrumbList","@id":"https:\/\/hundtgroup.com\/sl\/produkt\/merilni-trak-panoramski\/#breadcrumb","itemListElement":[{"@type":"ListItem","position":1,"name":"Startseite","item":"https:\/\/hundtgroup.com\/sl\/domov-novo\/"},{"@type":"ListItem","position":2,"name":"Trgovina","item":"https:\/\/hundtgroup.com\/trgovina\/"},{"@type":"ListItem","position":3,"name":"Merilni trak Panoramski"}]},{"@type":"WebSite","@id":"https:\/\/hundtgroup.com\/sl\/#website","url":"https:\/\/hundtgroup.com\/sl\/","name":"Wilhelm Hundt GmbH","description":"Va\u0161 specialist za stroje in orodja za obdelavo plo\u010devine","potentialAction":[{"@type":"SearchAction","target":{"@type":"EntryPoint","urlTemplate":"https:\/\/hundtgroup.com\/sl\/?s={search_term_string}"},"query-input":{"@type":"PropertyValueSpecification","valueRequired":true,"valueName":"search_term_string"}}],"inLanguage":"sl-SI"}]}},"_links":{"self":[{"href":"https:\/\/hundtgroup.com\/sl\/wp-json\/wp\/v2\/product\/36313","targetHints":{"allow":["GET"]}}],"collection":[{"href":"https:\/\/hundtgroup.com\/sl\/wp-json\/wp\/v2\/product"}],"about":[{"href":"https:\/\/hundtgroup.com\/sl\/wp-json\/wp\/v2\/types\/product"}],"wp:featuredmedia":[{"embeddable":true,"href":"https:\/\/hundtgroup.com\/sl\/wp-json\/wp\/v2\/media\/34203"}],"wp:attachment":[{"href":"https:\/\/hundtgroup.com\/sl\/wp-json\/wp\/v2\/media?parent=36313"}],"wp:term":[{"taxonomy":"product_cat","embeddable":true,"href":"https:\/\/hundtgroup.com\/sl\/wp-json\/wp\/v2\/product_cat?post=36313"},{"taxonomy":"product_tag","embeddable":true,"href":"https:\/\/hundtgroup.com\/sl\/wp-json\/wp\/v2\/product_tag?post=36313"}],"curies":[{"name":"wp","href":"https:\/\/api.w.org\/{rel}","templated":true}]}}