{"id":36412,"date":"2022-10-26T15:58:36","date_gmt":"2022-10-26T13:58:36","guid":{"rendered":"https:\/\/hundtgroup.com\/produkt\/hundtova-sponka-za-pritrditev-kroglic-tipa-mo\/"},"modified":"2025-07-29T12:19:46","modified_gmt":"2025-07-29T10:19:46","slug":"hundtova-sponka-za-pritrditev-kroglic-tipa-mo","status":"publish","type":"product","link":"https:\/\/hundtgroup.com\/sl\/produkt\/hundtova-sponka-za-pritrditev-kroglic-tipa-mo\/","title":{"rendered":"Hundtova sponka za pritrditev kroglic tipa MO"},"content":{"rendered":"<p>Ro\u010dno upravljana sponka za oblaganje (sponka za plo\u010devino) tipa MO za za\u010dasno pritrjevanje plo\u010devinastih konstrukcij, npr. za dr\u017eanje segmentov loka skupaj med oblaganjem.<br \/>\nNi potrebe po zamudnem za\u010dasnem vija\u010denju.<\/p>\n","protected":false},"excerpt":{"rendered":"<p>Ro\u010dno upravljana sponka za oblaganje (sponka za plo\u010devino) tipa MO za za\u010dasno pritrjevanje plo\u010devinastih konstrukcij, npr. za dr\u017eanje segmentov loka skupaj med oblaganjem. Ni potrebe po zamudnem za\u010dasnem vija\u010denju.<\/p>\n","protected":false},"featured_media":34321,"template":"","meta":{"_acf_changed":false,"inline_featured_image":false},"product_cat":[1748,2018],"product_tag":[],"class_list":{"0":"post-36412","1":"product","2":"type-product","3":"status-publish","4":"has-post-thumbnail","6":"brand-hundt","7":"product_cat-rocna-orodja","8":"product_cat-dodatki-za-rocno-orodje","10":"first","11":"instock","12":"taxable","13":"shipping-taxable","14":"purchasable","15":"product-type-simple","16":"add-to-wishlist-before_image"},"acf":[],"yoast_head":"<!-- This site is optimized with the Yoast SEO plugin v27.3 - https:\/\/yoast.com\/product\/yoast-seo-wordpress\/ -->\n<title>Hundtova sponka za pritrditev kroglic tipa MO - Wilhelm Hundt GmbH<\/title>\n<meta name=\"robots\" content=\"index, follow, max-snippet:-1, max-image-preview:large, max-video-preview:-1\" \/>\n<link rel=\"canonical\" href=\"https:\/\/hundtgroup.com\/sl\/produkt\/hundtova-sponka-za-pritrditev-kroglic-tipa-mo\/\" \/>\n<meta property=\"og:locale\" content=\"sl_SI\" \/>\n<meta property=\"og:type\" content=\"article\" \/>\n<meta property=\"og:title\" content=\"Hundtova sponka za pritrditev kroglic tipa MO - Wilhelm Hundt GmbH\" \/>\n<meta property=\"og:description\" content=\"Ro\u010dno upravljana sponka za oblaganje (sponka za plo\u010devino) tipa MO za za\u010dasno pritrjevanje plo\u010devinastih konstrukcij, npr. za dr\u017eanje segmentov loka skupaj med oblaganjem. Ni potrebe po zamudnem za\u010dasnem vija\u010denju.\" \/>\n<meta property=\"og:url\" content=\"https:\/\/hundtgroup.com\/sl\/produkt\/hundtova-sponka-za-pritrditev-kroglic-tipa-mo\/\" \/>\n<meta property=\"og:site_name\" content=\"Wilhelm Hundt GmbH\" \/>\n<meta property=\"article:modified_time\" content=\"2025-07-29T10:19:46+00:00\" \/>\n<meta property=\"og:image\" content=\"https:\/\/hundtgroup.com\/wp-content\/uploads\/460530.png\" \/>\n\t<meta property=\"og:image:width\" content=\"341\" \/>\n\t<meta property=\"og:image:height\" content=\"348\" \/>\n\t<meta property=\"og:image:type\" content=\"image\/png\" \/>\n<meta name=\"twitter:card\" content=\"summary_large_image\" \/>\n<script type=\"application\/ld+json\" class=\"yoast-schema-graph\">{\"@context\":\"https:\\\/\\\/schema.org\",\"@graph\":[{\"@type\":\"WebPage\",\"@id\":\"https:\\\/\\\/hundtgroup.com\\\/sl\\\/produkt\\\/hundtova-sponka-za-pritrditev-kroglic-tipa-mo\\\/\",\"url\":\"https:\\\/\\\/hundtgroup.com\\\/sl\\\/produkt\\\/hundtova-sponka-za-pritrditev-kroglic-tipa-mo\\\/\",\"name\":\"Hundtova sponka za pritrditev kroglic tipa MO - Wilhelm Hundt GmbH\",\"isPartOf\":{\"@id\":\"https:\\\/\\\/hundtgroup.com\\\/sl\\\/#website\"},\"primaryImageOfPage\":{\"@id\":\"https:\\\/\\\/hundtgroup.com\\\/sl\\\/produkt\\\/hundtova-sponka-za-pritrditev-kroglic-tipa-mo\\\/#primaryimage\"},\"image\":{\"@id\":\"https:\\\/\\\/hundtgroup.com\\\/sl\\\/produkt\\\/hundtova-sponka-za-pritrditev-kroglic-tipa-mo\\\/#primaryimage\"},\"thumbnailUrl\":\"https:\\\/\\\/hundtgroup.com\\\/wp-content\\\/uploads\\\/460530.png\",\"datePublished\":\"2022-10-26T13:58:36+00:00\",\"dateModified\":\"2025-07-29T10:19:46+00:00\",\"breadcrumb\":{\"@id\":\"https:\\\/\\\/hundtgroup.com\\\/sl\\\/produkt\\\/hundtova-sponka-za-pritrditev-kroglic-tipa-mo\\\/#breadcrumb\"},\"inLanguage\":\"sl-SI\",\"potentialAction\":[{\"@type\":\"ReadAction\",\"target\":[\"https:\\\/\\\/hundtgroup.com\\\/sl\\\/produkt\\\/hundtova-sponka-za-pritrditev-kroglic-tipa-mo\\\/\"]}]},{\"@type\":\"ImageObject\",\"inLanguage\":\"sl-SI\",\"@id\":\"https:\\\/\\\/hundtgroup.com\\\/sl\\\/produkt\\\/hundtova-sponka-za-pritrditev-kroglic-tipa-mo\\\/#primaryimage\",\"url\":\"https:\\\/\\\/hundtgroup.com\\\/wp-content\\\/uploads\\\/460530.png\",\"contentUrl\":\"https:\\\/\\\/hundtgroup.com\\\/wp-content\\\/uploads\\\/460530.png\",\"width\":341,\"height\":348},{\"@type\":\"BreadcrumbList\",\"@id\":\"https:\\\/\\\/hundtgroup.com\\\/sl\\\/produkt\\\/hundtova-sponka-za-pritrditev-kroglic-tipa-mo\\\/#breadcrumb\",\"itemListElement\":[{\"@type\":\"ListItem\",\"position\":1,\"name\":\"Startseite\",\"item\":\"https:\\\/\\\/hundtgroup.com\\\/sl\\\/domov-novo\\\/\"},{\"@type\":\"ListItem\",\"position\":2,\"name\":\"Trgovina\",\"item\":\"https:\\\/\\\/hundtgroup.com\\\/trgovina\\\/\"},{\"@type\":\"ListItem\",\"position\":3,\"name\":\"Hundtova sponka za pritrditev kroglic tipa MO\"}]},{\"@type\":\"WebSite\",\"@id\":\"https:\\\/\\\/hundtgroup.com\\\/sl\\\/#website\",\"url\":\"https:\\\/\\\/hundtgroup.com\\\/sl\\\/\",\"name\":\"Wilhelm Hundt GmbH\",\"description\":\"Va\u0161 specialist za stroje in orodja za obdelavo plo\u010devine\",\"potentialAction\":[{\"@type\":\"SearchAction\",\"target\":{\"@type\":\"EntryPoint\",\"urlTemplate\":\"https:\\\/\\\/hundtgroup.com\\\/sl\\\/?s={search_term_string}\"},\"query-input\":{\"@type\":\"PropertyValueSpecification\",\"valueRequired\":true,\"valueName\":\"search_term_string\"}}],\"inLanguage\":\"sl-SI\"}]}<\/script>\n<!-- \/ Yoast SEO plugin. -->","yoast_head_json":{"title":"Hundtova sponka za pritrditev kroglic tipa MO - Wilhelm Hundt GmbH","robots":{"index":"index","follow":"follow","max-snippet":"max-snippet:-1","max-image-preview":"max-image-preview:large","max-video-preview":"max-video-preview:-1"},"canonical":"https:\/\/hundtgroup.com\/sl\/produkt\/hundtova-sponka-za-pritrditev-kroglic-tipa-mo\/","og_locale":"sl_SI","og_type":"article","og_title":"Hundtova sponka za pritrditev kroglic tipa MO - Wilhelm Hundt GmbH","og_description":"Ro\u010dno upravljana sponka za oblaganje (sponka za plo\u010devino) tipa MO za za\u010dasno pritrjevanje plo\u010devinastih konstrukcij, npr. za dr\u017eanje segmentov loka skupaj med oblaganjem. Ni potrebe po zamudnem za\u010dasnem vija\u010denju.","og_url":"https:\/\/hundtgroup.com\/sl\/produkt\/hundtova-sponka-za-pritrditev-kroglic-tipa-mo\/","og_site_name":"Wilhelm Hundt GmbH","article_modified_time":"2025-07-29T10:19:46+00:00","og_image":[{"width":341,"height":348,"url":"https:\/\/hundtgroup.com\/wp-content\/uploads\/460530.png","type":"image\/png"}],"twitter_card":"summary_large_image","schema":{"@context":"https:\/\/schema.org","@graph":[{"@type":"WebPage","@id":"https:\/\/hundtgroup.com\/sl\/produkt\/hundtova-sponka-za-pritrditev-kroglic-tipa-mo\/","url":"https:\/\/hundtgroup.com\/sl\/produkt\/hundtova-sponka-za-pritrditev-kroglic-tipa-mo\/","name":"Hundtova sponka za pritrditev kroglic tipa MO - Wilhelm Hundt GmbH","isPartOf":{"@id":"https:\/\/hundtgroup.com\/sl\/#website"},"primaryImageOfPage":{"@id":"https:\/\/hundtgroup.com\/sl\/produkt\/hundtova-sponka-za-pritrditev-kroglic-tipa-mo\/#primaryimage"},"image":{"@id":"https:\/\/hundtgroup.com\/sl\/produkt\/hundtova-sponka-za-pritrditev-kroglic-tipa-mo\/#primaryimage"},"thumbnailUrl":"https:\/\/hundtgroup.com\/wp-content\/uploads\/460530.png","datePublished":"2022-10-26T13:58:36+00:00","dateModified":"2025-07-29T10:19:46+00:00","breadcrumb":{"@id":"https:\/\/hundtgroup.com\/sl\/produkt\/hundtova-sponka-za-pritrditev-kroglic-tipa-mo\/#breadcrumb"},"inLanguage":"sl-SI","potentialAction":[{"@type":"ReadAction","target":["https:\/\/hundtgroup.com\/sl\/produkt\/hundtova-sponka-za-pritrditev-kroglic-tipa-mo\/"]}]},{"@type":"ImageObject","inLanguage":"sl-SI","@id":"https:\/\/hundtgroup.com\/sl\/produkt\/hundtova-sponka-za-pritrditev-kroglic-tipa-mo\/#primaryimage","url":"https:\/\/hundtgroup.com\/wp-content\/uploads\/460530.png","contentUrl":"https:\/\/hundtgroup.com\/wp-content\/uploads\/460530.png","width":341,"height":348},{"@type":"BreadcrumbList","@id":"https:\/\/hundtgroup.com\/sl\/produkt\/hundtova-sponka-za-pritrditev-kroglic-tipa-mo\/#breadcrumb","itemListElement":[{"@type":"ListItem","position":1,"name":"Startseite","item":"https:\/\/hundtgroup.com\/sl\/domov-novo\/"},{"@type":"ListItem","position":2,"name":"Trgovina","item":"https:\/\/hundtgroup.com\/trgovina\/"},{"@type":"ListItem","position":3,"name":"Hundtova sponka za pritrditev kroglic tipa MO"}]},{"@type":"WebSite","@id":"https:\/\/hundtgroup.com\/sl\/#website","url":"https:\/\/hundtgroup.com\/sl\/","name":"Wilhelm Hundt GmbH","description":"Va\u0161 specialist za stroje in orodja za obdelavo plo\u010devine","potentialAction":[{"@type":"SearchAction","target":{"@type":"EntryPoint","urlTemplate":"https:\/\/hundtgroup.com\/sl\/?s={search_term_string}"},"query-input":{"@type":"PropertyValueSpecification","valueRequired":true,"valueName":"search_term_string"}}],"inLanguage":"sl-SI"}]}},"_links":{"self":[{"href":"https:\/\/hundtgroup.com\/sl\/wp-json\/wp\/v2\/product\/36412","targetHints":{"allow":["GET"]}}],"collection":[{"href":"https:\/\/hundtgroup.com\/sl\/wp-json\/wp\/v2\/product"}],"about":[{"href":"https:\/\/hundtgroup.com\/sl\/wp-json\/wp\/v2\/types\/product"}],"wp:featuredmedia":[{"embeddable":true,"href":"https:\/\/hundtgroup.com\/sl\/wp-json\/wp\/v2\/media\/34321"}],"wp:attachment":[{"href":"https:\/\/hundtgroup.com\/sl\/wp-json\/wp\/v2\/media?parent=36412"}],"wp:term":[{"taxonomy":"product_cat","embeddable":true,"href":"https:\/\/hundtgroup.com\/sl\/wp-json\/wp\/v2\/product_cat?post=36412"},{"taxonomy":"product_tag","embeddable":true,"href":"https:\/\/hundtgroup.com\/sl\/wp-json\/wp\/v2\/product_tag?post=36412"}],"curies":[{"name":"wp","href":"https:\/\/api.w.org\/{rel}","templated":true}]}}