{"id":36430,"date":"2022-10-26T15:58:36","date_gmt":"2022-10-26T13:58:36","guid":{"rendered":"https:\/\/hundtgroup.com\/produkt\/hundtova-plocevinasta-objemka-tipa-m\/"},"modified":"2025-07-29T12:19:55","modified_gmt":"2025-07-29T10:19:55","slug":"hundtova-plocevinasta-objemka-tipa-m","status":"publish","type":"product","link":"https:\/\/hundtgroup.com\/sl\/produkt\/hundtova-plocevinasta-objemka-tipa-m\/","title":{"rendered":"Hundtova plo\u010devinasta objemka tipa M"},"content":{"rendered":"<p>S kle\u0161\u010dami upravljana plo\u010devinasta objemka tipa M za za\u010dasno pritrjevanje plo\u010devinastih konstrukcij, npr. za dr\u017eanje segmentov plo\u010devine skupaj med obrizgavanjem.<br \/>\nOdpravlja potrebo po zamudnem za\u010dasnem vija\u010denju.<\/p>\n","protected":false},"excerpt":{"rendered":"<p>S kle\u0161\u010dami upravljana plo\u010devinasta objemka tipa M za za\u010dasno pritrjevanje plo\u010devinastih konstrukcij, npr. za dr\u017eanje segmentov plo\u010devine skupaj med obrizgavanjem. Odpravlja potrebo po zamudnem za\u010dasnem vija\u010denju.<\/p>\n","protected":false},"featured_media":34307,"template":"","meta":{"_acf_changed":false,"inline_featured_image":false},"product_cat":[1748,2018],"product_tag":[],"class_list":{"0":"post-36430","1":"product","2":"type-product","3":"status-publish","4":"has-post-thumbnail","6":"brand-hundt","7":"product_cat-rocna-orodja","8":"product_cat-dodatki-za-rocno-orodje","10":"first","11":"instock","12":"taxable","13":"shipping-taxable","14":"purchasable","15":"product-type-simple","16":"add-to-wishlist-before_image"},"acf":[],"yoast_head":"<!-- This site is optimized with the Yoast SEO plugin v27.3 - https:\/\/yoast.com\/product\/yoast-seo-wordpress\/ -->\n<title>Hundtova plo\u010devinasta objemka tipa M - Wilhelm Hundt GmbH<\/title>\n<meta name=\"robots\" content=\"index, follow, max-snippet:-1, max-image-preview:large, max-video-preview:-1\" \/>\n<link rel=\"canonical\" href=\"https:\/\/hundtgroup.com\/sl\/produkt\/hundtova-plocevinasta-objemka-tipa-m\/\" \/>\n<meta property=\"og:locale\" content=\"sl_SI\" \/>\n<meta property=\"og:type\" content=\"article\" \/>\n<meta property=\"og:title\" content=\"Hundtova plo\u010devinasta objemka tipa M - Wilhelm Hundt GmbH\" \/>\n<meta property=\"og:description\" content=\"S kle\u0161\u010dami upravljana plo\u010devinasta objemka tipa M za za\u010dasno pritrjevanje plo\u010devinastih konstrukcij, npr. za dr\u017eanje segmentov plo\u010devine skupaj med obrizgavanjem. Odpravlja potrebo po zamudnem za\u010dasnem vija\u010denju.\" \/>\n<meta property=\"og:url\" content=\"https:\/\/hundtgroup.com\/sl\/produkt\/hundtova-plocevinasta-objemka-tipa-m\/\" \/>\n<meta property=\"og:site_name\" content=\"Wilhelm Hundt GmbH\" \/>\n<meta property=\"article:modified_time\" content=\"2025-07-29T10:19:55+00:00\" \/>\n<meta property=\"og:image\" content=\"https:\/\/hundtgroup.com\/wp-content\/uploads\/460510.png\" \/>\n\t<meta property=\"og:image:width\" content=\"338\" \/>\n\t<meta property=\"og:image:height\" content=\"268\" \/>\n\t<meta property=\"og:image:type\" content=\"image\/png\" \/>\n<meta name=\"twitter:card\" content=\"summary_large_image\" \/>\n<script type=\"application\/ld+json\" class=\"yoast-schema-graph\">{\"@context\":\"https:\\\/\\\/schema.org\",\"@graph\":[{\"@type\":\"WebPage\",\"@id\":\"https:\\\/\\\/hundtgroup.com\\\/sl\\\/produkt\\\/hundtova-plocevinasta-objemka-tipa-m\\\/\",\"url\":\"https:\\\/\\\/hundtgroup.com\\\/sl\\\/produkt\\\/hundtova-plocevinasta-objemka-tipa-m\\\/\",\"name\":\"Hundtova plo\u010devinasta objemka tipa M - Wilhelm Hundt GmbH\",\"isPartOf\":{\"@id\":\"https:\\\/\\\/hundtgroup.com\\\/sl\\\/#website\"},\"primaryImageOfPage\":{\"@id\":\"https:\\\/\\\/hundtgroup.com\\\/sl\\\/produkt\\\/hundtova-plocevinasta-objemka-tipa-m\\\/#primaryimage\"},\"image\":{\"@id\":\"https:\\\/\\\/hundtgroup.com\\\/sl\\\/produkt\\\/hundtova-plocevinasta-objemka-tipa-m\\\/#primaryimage\"},\"thumbnailUrl\":\"https:\\\/\\\/hundtgroup.com\\\/wp-content\\\/uploads\\\/460510.png\",\"datePublished\":\"2022-10-26T13:58:36+00:00\",\"dateModified\":\"2025-07-29T10:19:55+00:00\",\"breadcrumb\":{\"@id\":\"https:\\\/\\\/hundtgroup.com\\\/sl\\\/produkt\\\/hundtova-plocevinasta-objemka-tipa-m\\\/#breadcrumb\"},\"inLanguage\":\"sl-SI\",\"potentialAction\":[{\"@type\":\"ReadAction\",\"target\":[\"https:\\\/\\\/hundtgroup.com\\\/sl\\\/produkt\\\/hundtova-plocevinasta-objemka-tipa-m\\\/\"]}]},{\"@type\":\"ImageObject\",\"inLanguage\":\"sl-SI\",\"@id\":\"https:\\\/\\\/hundtgroup.com\\\/sl\\\/produkt\\\/hundtova-plocevinasta-objemka-tipa-m\\\/#primaryimage\",\"url\":\"https:\\\/\\\/hundtgroup.com\\\/wp-content\\\/uploads\\\/460510.png\",\"contentUrl\":\"https:\\\/\\\/hundtgroup.com\\\/wp-content\\\/uploads\\\/460510.png\",\"width\":338,\"height\":268},{\"@type\":\"BreadcrumbList\",\"@id\":\"https:\\\/\\\/hundtgroup.com\\\/sl\\\/produkt\\\/hundtova-plocevinasta-objemka-tipa-m\\\/#breadcrumb\",\"itemListElement\":[{\"@type\":\"ListItem\",\"position\":1,\"name\":\"Startseite\",\"item\":\"https:\\\/\\\/hundtgroup.com\\\/sl\\\/domov-novo\\\/\"},{\"@type\":\"ListItem\",\"position\":2,\"name\":\"Trgovina\",\"item\":\"https:\\\/\\\/hundtgroup.com\\\/trgovina\\\/\"},{\"@type\":\"ListItem\",\"position\":3,\"name\":\"Hundtova plo\u010devinasta objemka tipa M\"}]},{\"@type\":\"WebSite\",\"@id\":\"https:\\\/\\\/hundtgroup.com\\\/sl\\\/#website\",\"url\":\"https:\\\/\\\/hundtgroup.com\\\/sl\\\/\",\"name\":\"Wilhelm Hundt GmbH\",\"description\":\"Va\u0161 specialist za stroje in orodja za obdelavo plo\u010devine\",\"potentialAction\":[{\"@type\":\"SearchAction\",\"target\":{\"@type\":\"EntryPoint\",\"urlTemplate\":\"https:\\\/\\\/hundtgroup.com\\\/sl\\\/?s={search_term_string}\"},\"query-input\":{\"@type\":\"PropertyValueSpecification\",\"valueRequired\":true,\"valueName\":\"search_term_string\"}}],\"inLanguage\":\"sl-SI\"}]}<\/script>\n<!-- \/ Yoast SEO plugin. -->","yoast_head_json":{"title":"Hundtova plo\u010devinasta objemka tipa M - Wilhelm Hundt GmbH","robots":{"index":"index","follow":"follow","max-snippet":"max-snippet:-1","max-image-preview":"max-image-preview:large","max-video-preview":"max-video-preview:-1"},"canonical":"https:\/\/hundtgroup.com\/sl\/produkt\/hundtova-plocevinasta-objemka-tipa-m\/","og_locale":"sl_SI","og_type":"article","og_title":"Hundtova plo\u010devinasta objemka tipa M - Wilhelm Hundt GmbH","og_description":"S kle\u0161\u010dami upravljana plo\u010devinasta objemka tipa M za za\u010dasno pritrjevanje plo\u010devinastih konstrukcij, npr. za dr\u017eanje segmentov plo\u010devine skupaj med obrizgavanjem. Odpravlja potrebo po zamudnem za\u010dasnem vija\u010denju.","og_url":"https:\/\/hundtgroup.com\/sl\/produkt\/hundtova-plocevinasta-objemka-tipa-m\/","og_site_name":"Wilhelm Hundt GmbH","article_modified_time":"2025-07-29T10:19:55+00:00","og_image":[{"width":338,"height":268,"url":"https:\/\/hundtgroup.com\/wp-content\/uploads\/460510.png","type":"image\/png"}],"twitter_card":"summary_large_image","schema":{"@context":"https:\/\/schema.org","@graph":[{"@type":"WebPage","@id":"https:\/\/hundtgroup.com\/sl\/produkt\/hundtova-plocevinasta-objemka-tipa-m\/","url":"https:\/\/hundtgroup.com\/sl\/produkt\/hundtova-plocevinasta-objemka-tipa-m\/","name":"Hundtova plo\u010devinasta objemka tipa M - Wilhelm Hundt GmbH","isPartOf":{"@id":"https:\/\/hundtgroup.com\/sl\/#website"},"primaryImageOfPage":{"@id":"https:\/\/hundtgroup.com\/sl\/produkt\/hundtova-plocevinasta-objemka-tipa-m\/#primaryimage"},"image":{"@id":"https:\/\/hundtgroup.com\/sl\/produkt\/hundtova-plocevinasta-objemka-tipa-m\/#primaryimage"},"thumbnailUrl":"https:\/\/hundtgroup.com\/wp-content\/uploads\/460510.png","datePublished":"2022-10-26T13:58:36+00:00","dateModified":"2025-07-29T10:19:55+00:00","breadcrumb":{"@id":"https:\/\/hundtgroup.com\/sl\/produkt\/hundtova-plocevinasta-objemka-tipa-m\/#breadcrumb"},"inLanguage":"sl-SI","potentialAction":[{"@type":"ReadAction","target":["https:\/\/hundtgroup.com\/sl\/produkt\/hundtova-plocevinasta-objemka-tipa-m\/"]}]},{"@type":"ImageObject","inLanguage":"sl-SI","@id":"https:\/\/hundtgroup.com\/sl\/produkt\/hundtova-plocevinasta-objemka-tipa-m\/#primaryimage","url":"https:\/\/hundtgroup.com\/wp-content\/uploads\/460510.png","contentUrl":"https:\/\/hundtgroup.com\/wp-content\/uploads\/460510.png","width":338,"height":268},{"@type":"BreadcrumbList","@id":"https:\/\/hundtgroup.com\/sl\/produkt\/hundtova-plocevinasta-objemka-tipa-m\/#breadcrumb","itemListElement":[{"@type":"ListItem","position":1,"name":"Startseite","item":"https:\/\/hundtgroup.com\/sl\/domov-novo\/"},{"@type":"ListItem","position":2,"name":"Trgovina","item":"https:\/\/hundtgroup.com\/trgovina\/"},{"@type":"ListItem","position":3,"name":"Hundtova plo\u010devinasta objemka tipa M"}]},{"@type":"WebSite","@id":"https:\/\/hundtgroup.com\/sl\/#website","url":"https:\/\/hundtgroup.com\/sl\/","name":"Wilhelm Hundt GmbH","description":"Va\u0161 specialist za stroje in orodja za obdelavo plo\u010devine","potentialAction":[{"@type":"SearchAction","target":{"@type":"EntryPoint","urlTemplate":"https:\/\/hundtgroup.com\/sl\/?s={search_term_string}"},"query-input":{"@type":"PropertyValueSpecification","valueRequired":true,"valueName":"search_term_string"}}],"inLanguage":"sl-SI"}]}},"_links":{"self":[{"href":"https:\/\/hundtgroup.com\/sl\/wp-json\/wp\/v2\/product\/36430","targetHints":{"allow":["GET"]}}],"collection":[{"href":"https:\/\/hundtgroup.com\/sl\/wp-json\/wp\/v2\/product"}],"about":[{"href":"https:\/\/hundtgroup.com\/sl\/wp-json\/wp\/v2\/types\/product"}],"wp:featuredmedia":[{"embeddable":true,"href":"https:\/\/hundtgroup.com\/sl\/wp-json\/wp\/v2\/media\/34307"}],"wp:attachment":[{"href":"https:\/\/hundtgroup.com\/sl\/wp-json\/wp\/v2\/media?parent=36430"}],"wp:term":[{"taxonomy":"product_cat","embeddable":true,"href":"https:\/\/hundtgroup.com\/sl\/wp-json\/wp\/v2\/product_cat?post=36430"},{"taxonomy":"product_tag","embeddable":true,"href":"https:\/\/hundtgroup.com\/sl\/wp-json\/wp\/v2\/product_tag?post=36430"}],"curies":[{"name":"wp","href":"https:\/\/api.w.org\/{rel}","templated":true}]}}