{"id":36694,"date":"2022-10-26T15:59:16","date_gmt":"2022-10-26T13:59:16","guid":{"rendered":"https:\/\/hundtgroup.com\/produkt\/accubird-pro-akumulatorski-nastavljalnik-slepih-zakovic\/"},"modified":"2025-08-01T11:56:03","modified_gmt":"2025-08-01T09:56:03","slug":"accubird-pro-akumulatorski-nastavljalnik-slepih-zakovic","status":"publish","type":"product","link":"https:\/\/hundtgroup.com\/sl\/produkt\/accubird-pro-akumulatorski-nastavljalnik-slepih-zakovic\/","title":{"rendered":"AccuBird Pro akumulatorski nastavljalnik slepih zakovic"},"content":{"rendered":"<p>Do 4-krat hitrej\u0161i od standardnih akumulatorskih orodij na trgu<br \/>\nZmogljiv in vzdr\u017eljiv motor BLDC za hitre delovne cikle<br \/>\n25 mm hoda orodja za dolge slepe zakovice<br \/>\n13 kN nastavitvene sile<br \/>\nSpremenljiva osvetlitev v nastavitvenem obro\u010du<br \/>\nIzbolj\u0161ana stabilnost zaradi ve\u010djega nedrse\u010dega podstavka, nedrse\u010dega podstavka in ni\u017ejega te\u017ei\u0161\u010da<br \/>\nRo\u010dem prijazno ohi\u0161je zaradi mehkega ro\u010daja<br \/>\nNova drsna baterija z natan\u010dnim prikazom kapacitete<br \/>\nPolnilec s funkcijo hitrega polnjenja<br \/>\nPreverjen sistem vpenjalnih \u010deljusti serije TAURUS\u00ae<br \/>\nSlepe zakovice od \u00d8 2,4 mm iz aluminija do \u00d8 6 mm iz vseh materialov<br \/>\nBULB-TITE\u00ae slepe zakovice do \u00d8 4 mm in 5,2 mm iz aluminija in jekla<br \/>\nG-Bulb slepe zakovice do \u00d8 4,8 mm iz vseh materialov<\/p>\n","protected":false},"excerpt":{"rendered":"<p>Do 4-krat hitrej\u0161i od standardnih akumulatorskih orodij na trgu Zmogljiv in vzdr\u017eljiv motor BLDC za hitre delovne cikle 25 mm hoda orodja za dolge slepe zakovice 13 kN nastavitvene sile Spremenljiva osvetlitev v nastavitvenem obro\u010du Izbolj\u0161ana stabilnost zaradi ve\u010djega nedrse\u010dega podstavka, nedrse\u010dega podstavka in ni\u017ejega te\u017ei\u0161\u010da Ro\u010dem prijazno ohi\u0161je zaradi mehkega ro\u010daja Nova drsna baterija [&hellip;]<\/p>\n","protected":false},"featured_media":34573,"template":"","meta":{"_acf_changed":false,"inline_featured_image":false},"product_cat":[2854,2040,2038,686],"product_tag":[],"class_list":{"0":"post-36694","1":"product","2":"type-product","3":"status-publish","4":"has-post-thumbnail","6":"brand-gesipa","7":"product_cat-orodja-za-kovicenje-sl","8":"product_cat-baterija","9":"product_cat-orodja-za-kovicenje","10":"product_cat-orodja-z-baterijami","12":"first","13":"instock","14":"taxable","15":"shipping-taxable","16":"purchasable","17":"product-type-simple","18":"add-to-wishlist-before_image"},"acf":[],"yoast_head":"<!-- This site is optimized with the Yoast SEO plugin v27.3 - https:\/\/yoast.com\/product\/yoast-seo-wordpress\/ -->\n<title>AccuBird Pro akumulatorski nastavljalnik slepih zakovic - Wilhelm Hundt GmbH<\/title>\n<meta name=\"robots\" content=\"index, follow, max-snippet:-1, max-image-preview:large, max-video-preview:-1\" \/>\n<link rel=\"canonical\" href=\"https:\/\/hundtgroup.com\/sl\/produkt\/accubird-pro-akumulatorski-nastavljalnik-slepih-zakovic\/\" \/>\n<meta property=\"og:locale\" content=\"sl_SI\" \/>\n<meta property=\"og:type\" content=\"article\" \/>\n<meta property=\"og:title\" content=\"AccuBird Pro akumulatorski nastavljalnik slepih zakovic - Wilhelm Hundt GmbH\" \/>\n<meta property=\"og:description\" content=\"Do 4-krat hitrej\u0161i od standardnih akumulatorskih orodij na trgu Zmogljiv in vzdr\u017eljiv motor BLDC za hitre delovne cikle 25 mm hoda orodja za dolge slepe zakovice 13 kN nastavitvene sile Spremenljiva osvetlitev v nastavitvenem obro\u010du Izbolj\u0161ana stabilnost zaradi ve\u010djega nedrse\u010dega podstavka, nedrse\u010dega podstavka in ni\u017ejega te\u017ei\u0161\u010da Ro\u010dem prijazno ohi\u0161je zaradi mehkega ro\u010daja Nova drsna baterija [&hellip;]\" \/>\n<meta property=\"og:url\" content=\"https:\/\/hundtgroup.com\/sl\/produkt\/accubird-pro-akumulatorski-nastavljalnik-slepih-zakovic\/\" \/>\n<meta property=\"og:site_name\" content=\"Wilhelm Hundt GmbH\" \/>\n<meta property=\"article:modified_time\" content=\"2025-08-01T09:56:03+00:00\" \/>\n<meta property=\"og:image\" content=\"https:\/\/hundtgroup.com\/wp-content\/uploads\/500848.png\" \/>\n\t<meta property=\"og:image:width\" content=\"527\" \/>\n\t<meta property=\"og:image:height\" content=\"484\" \/>\n\t<meta property=\"og:image:type\" content=\"image\/png\" \/>\n<meta name=\"twitter:card\" content=\"summary_large_image\" \/>\n<meta name=\"twitter:label1\" content=\"Est. reading time\" \/>\n\t<meta name=\"twitter:data1\" content=\"1 minuta\" \/>\n<script type=\"application\/ld+json\" class=\"yoast-schema-graph\">{\"@context\":\"https:\\\/\\\/schema.org\",\"@graph\":[{\"@type\":\"WebPage\",\"@id\":\"https:\\\/\\\/hundtgroup.com\\\/sl\\\/produkt\\\/accubird-pro-akumulatorski-nastavljalnik-slepih-zakovic\\\/\",\"url\":\"https:\\\/\\\/hundtgroup.com\\\/sl\\\/produkt\\\/accubird-pro-akumulatorski-nastavljalnik-slepih-zakovic\\\/\",\"name\":\"AccuBird Pro akumulatorski nastavljalnik slepih zakovic - Wilhelm Hundt GmbH\",\"isPartOf\":{\"@id\":\"https:\\\/\\\/hundtgroup.com\\\/sl\\\/#website\"},\"primaryImageOfPage\":{\"@id\":\"https:\\\/\\\/hundtgroup.com\\\/sl\\\/produkt\\\/accubird-pro-akumulatorski-nastavljalnik-slepih-zakovic\\\/#primaryimage\"},\"image\":{\"@id\":\"https:\\\/\\\/hundtgroup.com\\\/sl\\\/produkt\\\/accubird-pro-akumulatorski-nastavljalnik-slepih-zakovic\\\/#primaryimage\"},\"thumbnailUrl\":\"https:\\\/\\\/hundtgroup.com\\\/wp-content\\\/uploads\\\/500848.png\",\"datePublished\":\"2022-10-26T13:59:16+00:00\",\"dateModified\":\"2025-08-01T09:56:03+00:00\",\"breadcrumb\":{\"@id\":\"https:\\\/\\\/hundtgroup.com\\\/sl\\\/produkt\\\/accubird-pro-akumulatorski-nastavljalnik-slepih-zakovic\\\/#breadcrumb\"},\"inLanguage\":\"sl-SI\",\"potentialAction\":[{\"@type\":\"ReadAction\",\"target\":[\"https:\\\/\\\/hundtgroup.com\\\/sl\\\/produkt\\\/accubird-pro-akumulatorski-nastavljalnik-slepih-zakovic\\\/\"]}]},{\"@type\":\"ImageObject\",\"inLanguage\":\"sl-SI\",\"@id\":\"https:\\\/\\\/hundtgroup.com\\\/sl\\\/produkt\\\/accubird-pro-akumulatorski-nastavljalnik-slepih-zakovic\\\/#primaryimage\",\"url\":\"https:\\\/\\\/hundtgroup.com\\\/wp-content\\\/uploads\\\/500848.png\",\"contentUrl\":\"https:\\\/\\\/hundtgroup.com\\\/wp-content\\\/uploads\\\/500848.png\",\"width\":527,\"height\":484},{\"@type\":\"BreadcrumbList\",\"@id\":\"https:\\\/\\\/hundtgroup.com\\\/sl\\\/produkt\\\/accubird-pro-akumulatorski-nastavljalnik-slepih-zakovic\\\/#breadcrumb\",\"itemListElement\":[{\"@type\":\"ListItem\",\"position\":1,\"name\":\"Startseite\",\"item\":\"https:\\\/\\\/hundtgroup.com\\\/sl\\\/domov-novo\\\/\"},{\"@type\":\"ListItem\",\"position\":2,\"name\":\"Trgovina\",\"item\":\"https:\\\/\\\/hundtgroup.com\\\/trgovina\\\/\"},{\"@type\":\"ListItem\",\"position\":3,\"name\":\"AccuBird Pro akumulatorski nastavljalnik slepih zakovic\"}]},{\"@type\":\"WebSite\",\"@id\":\"https:\\\/\\\/hundtgroup.com\\\/sl\\\/#website\",\"url\":\"https:\\\/\\\/hundtgroup.com\\\/sl\\\/\",\"name\":\"Wilhelm Hundt GmbH\",\"description\":\"Va\u0161 specialist za stroje in orodja za obdelavo plo\u010devine\",\"potentialAction\":[{\"@type\":\"SearchAction\",\"target\":{\"@type\":\"EntryPoint\",\"urlTemplate\":\"https:\\\/\\\/hundtgroup.com\\\/sl\\\/?s={search_term_string}\"},\"query-input\":{\"@type\":\"PropertyValueSpecification\",\"valueRequired\":true,\"valueName\":\"search_term_string\"}}],\"inLanguage\":\"sl-SI\"}]}<\/script>\n<!-- \/ Yoast SEO plugin. -->","yoast_head_json":{"title":"AccuBird Pro akumulatorski nastavljalnik slepih zakovic - Wilhelm Hundt GmbH","robots":{"index":"index","follow":"follow","max-snippet":"max-snippet:-1","max-image-preview":"max-image-preview:large","max-video-preview":"max-video-preview:-1"},"canonical":"https:\/\/hundtgroup.com\/sl\/produkt\/accubird-pro-akumulatorski-nastavljalnik-slepih-zakovic\/","og_locale":"sl_SI","og_type":"article","og_title":"AccuBird Pro akumulatorski nastavljalnik slepih zakovic - Wilhelm Hundt GmbH","og_description":"Do 4-krat hitrej\u0161i od standardnih akumulatorskih orodij na trgu Zmogljiv in vzdr\u017eljiv motor BLDC za hitre delovne cikle 25 mm hoda orodja za dolge slepe zakovice 13 kN nastavitvene sile Spremenljiva osvetlitev v nastavitvenem obro\u010du Izbolj\u0161ana stabilnost zaradi ve\u010djega nedrse\u010dega podstavka, nedrse\u010dega podstavka in ni\u017ejega te\u017ei\u0161\u010da Ro\u010dem prijazno ohi\u0161je zaradi mehkega ro\u010daja Nova drsna baterija [&hellip;]","og_url":"https:\/\/hundtgroup.com\/sl\/produkt\/accubird-pro-akumulatorski-nastavljalnik-slepih-zakovic\/","og_site_name":"Wilhelm Hundt GmbH","article_modified_time":"2025-08-01T09:56:03+00:00","og_image":[{"width":527,"height":484,"url":"https:\/\/hundtgroup.com\/wp-content\/uploads\/500848.png","type":"image\/png"}],"twitter_card":"summary_large_image","twitter_misc":{"Est. reading time":"1 minuta"},"schema":{"@context":"https:\/\/schema.org","@graph":[{"@type":"WebPage","@id":"https:\/\/hundtgroup.com\/sl\/produkt\/accubird-pro-akumulatorski-nastavljalnik-slepih-zakovic\/","url":"https:\/\/hundtgroup.com\/sl\/produkt\/accubird-pro-akumulatorski-nastavljalnik-slepih-zakovic\/","name":"AccuBird Pro akumulatorski nastavljalnik slepih zakovic - Wilhelm Hundt GmbH","isPartOf":{"@id":"https:\/\/hundtgroup.com\/sl\/#website"},"primaryImageOfPage":{"@id":"https:\/\/hundtgroup.com\/sl\/produkt\/accubird-pro-akumulatorski-nastavljalnik-slepih-zakovic\/#primaryimage"},"image":{"@id":"https:\/\/hundtgroup.com\/sl\/produkt\/accubird-pro-akumulatorski-nastavljalnik-slepih-zakovic\/#primaryimage"},"thumbnailUrl":"https:\/\/hundtgroup.com\/wp-content\/uploads\/500848.png","datePublished":"2022-10-26T13:59:16+00:00","dateModified":"2025-08-01T09:56:03+00:00","breadcrumb":{"@id":"https:\/\/hundtgroup.com\/sl\/produkt\/accubird-pro-akumulatorski-nastavljalnik-slepih-zakovic\/#breadcrumb"},"inLanguage":"sl-SI","potentialAction":[{"@type":"ReadAction","target":["https:\/\/hundtgroup.com\/sl\/produkt\/accubird-pro-akumulatorski-nastavljalnik-slepih-zakovic\/"]}]},{"@type":"ImageObject","inLanguage":"sl-SI","@id":"https:\/\/hundtgroup.com\/sl\/produkt\/accubird-pro-akumulatorski-nastavljalnik-slepih-zakovic\/#primaryimage","url":"https:\/\/hundtgroup.com\/wp-content\/uploads\/500848.png","contentUrl":"https:\/\/hundtgroup.com\/wp-content\/uploads\/500848.png","width":527,"height":484},{"@type":"BreadcrumbList","@id":"https:\/\/hundtgroup.com\/sl\/produkt\/accubird-pro-akumulatorski-nastavljalnik-slepih-zakovic\/#breadcrumb","itemListElement":[{"@type":"ListItem","position":1,"name":"Startseite","item":"https:\/\/hundtgroup.com\/sl\/domov-novo\/"},{"@type":"ListItem","position":2,"name":"Trgovina","item":"https:\/\/hundtgroup.com\/trgovina\/"},{"@type":"ListItem","position":3,"name":"AccuBird Pro akumulatorski nastavljalnik slepih zakovic"}]},{"@type":"WebSite","@id":"https:\/\/hundtgroup.com\/sl\/#website","url":"https:\/\/hundtgroup.com\/sl\/","name":"Wilhelm Hundt GmbH","description":"Va\u0161 specialist za stroje in orodja za obdelavo plo\u010devine","potentialAction":[{"@type":"SearchAction","target":{"@type":"EntryPoint","urlTemplate":"https:\/\/hundtgroup.com\/sl\/?s={search_term_string}"},"query-input":{"@type":"PropertyValueSpecification","valueRequired":true,"valueName":"search_term_string"}}],"inLanguage":"sl-SI"}]}},"_links":{"self":[{"href":"https:\/\/hundtgroup.com\/sl\/wp-json\/wp\/v2\/product\/36694","targetHints":{"allow":["GET"]}}],"collection":[{"href":"https:\/\/hundtgroup.com\/sl\/wp-json\/wp\/v2\/product"}],"about":[{"href":"https:\/\/hundtgroup.com\/sl\/wp-json\/wp\/v2\/types\/product"}],"wp:featuredmedia":[{"embeddable":true,"href":"https:\/\/hundtgroup.com\/sl\/wp-json\/wp\/v2\/media\/34573"}],"wp:attachment":[{"href":"https:\/\/hundtgroup.com\/sl\/wp-json\/wp\/v2\/media?parent=36694"}],"wp:term":[{"taxonomy":"product_cat","embeddable":true,"href":"https:\/\/hundtgroup.com\/sl\/wp-json\/wp\/v2\/product_cat?post=36694"},{"taxonomy":"product_tag","embeddable":true,"href":"https:\/\/hundtgroup.com\/sl\/wp-json\/wp\/v2\/product_tag?post=36694"}],"curies":[{"name":"wp","href":"https:\/\/api.w.org\/{rel}","templated":true}]}}