{"id":36731,"date":"2022-10-26T15:59:39","date_gmt":"2022-10-26T13:59:39","guid":{"rendered":"https:\/\/hundtgroup.com\/produkt\/5-delni-zaboj-za-orodje\/"},"modified":"2025-08-06T09:40:08","modified_gmt":"2025-08-06T07:40:08","slug":"5-delni-zaboj-za-orodje","status":"publish","type":"product","link":"https:\/\/hundtgroup.com\/sl\/produkt\/5-delni-zaboj-za-orodje\/","title":{"rendered":"5-delni zaboj za orodje"},"content":{"rendered":"<p>Izdelana iz trpe\u017ene jeklene plo\u010devine, profesionalna zasnova.<br \/>\nKakovost S: s kupolastim pokrovom, debelina plo\u010devine 0,65-0,70 mm.<br \/>\n\u010cisto zaobljeni ali upognjeni robovi.<br \/>\nPritrjevanje pokrova z neprekinjenimi trakovi na te\u010dajih.<br \/>\nZasnova z ro\u010dajem za prena\u0161anje, zato se odprta \u0161katla ob dvigu samodejno zapre.<\/p>\n","protected":false},"excerpt":{"rendered":"<p>Izdelana iz trpe\u017ene jeklene plo\u010devine, profesionalna zasnova. Kakovost S: s kupolastim pokrovom, debelina plo\u010devine 0,65-0,70 mm. \u010cisto zaobljeni ali upognjeni robovi. Pritrjevanje pokrova z neprekinjenimi trakovi na te\u010dajih. Zasnova z ro\u010dajem za prena\u0161anje, zato se odprta \u0161katla ob dvigu samodejno zapre.<\/p>\n","protected":false},"featured_media":18226,"template":"","meta":{"_acf_changed":false,"inline_featured_image":false},"product_cat":[2049,1976],"product_tag":[],"class_list":{"0":"post-36731","1":"product","2":"type-product","3":"status-publish","4":"has-post-thumbnail","6":"brand-hundt","7":"product_cat-prevoz","8":"product_cat-oprema-za-gradbisce","10":"first","11":"instock","12":"taxable","13":"shipping-taxable","14":"purchasable","15":"product-type-simple","16":"add-to-wishlist-before_image"},"acf":[],"yoast_head":"<!-- This site is optimized with the Yoast SEO plugin v27.3 - https:\/\/yoast.com\/product\/yoast-seo-wordpress\/ -->\n<title>5-delni zaboj za orodje - Wilhelm Hundt GmbH<\/title>\n<meta name=\"robots\" content=\"index, follow, max-snippet:-1, max-image-preview:large, max-video-preview:-1\" \/>\n<link rel=\"canonical\" href=\"https:\/\/hundtgroup.com\/sl\/produkt\/5-delni-zaboj-za-orodje\/\" \/>\n<meta property=\"og:locale\" content=\"sl_SI\" \/>\n<meta property=\"og:type\" content=\"article\" \/>\n<meta property=\"og:title\" content=\"5-delni zaboj za orodje - Wilhelm Hundt GmbH\" \/>\n<meta property=\"og:description\" content=\"Izdelana iz trpe\u017ene jeklene plo\u010devine, profesionalna zasnova. Kakovost S: s kupolastim pokrovom, debelina plo\u010devine 0,65-0,70 mm. \u010cisto zaobljeni ali upognjeni robovi. Pritrjevanje pokrova z neprekinjenimi trakovi na te\u010dajih. Zasnova z ro\u010dajem za prena\u0161anje, zato se odprta \u0161katla ob dvigu samodejno zapre.\" \/>\n<meta property=\"og:url\" content=\"https:\/\/hundtgroup.com\/sl\/produkt\/5-delni-zaboj-za-orodje\/\" \/>\n<meta property=\"og:site_name\" content=\"Wilhelm Hundt GmbH\" \/>\n<meta property=\"article:modified_time\" content=\"2025-08-06T07:40:08+00:00\" \/>\n<meta property=\"og:image\" content=\"https:\/\/hundtgroup.com\/wp-content\/uploads\/210530.png\" \/>\n\t<meta property=\"og:image:width\" content=\"626\" \/>\n\t<meta property=\"og:image:height\" content=\"577\" \/>\n\t<meta property=\"og:image:type\" content=\"image\/png\" \/>\n<meta name=\"twitter:card\" content=\"summary_large_image\" \/>\n<script type=\"application\/ld+json\" class=\"yoast-schema-graph\">{\"@context\":\"https:\\\/\\\/schema.org\",\"@graph\":[{\"@type\":\"WebPage\",\"@id\":\"https:\\\/\\\/hundtgroup.com\\\/sl\\\/produkt\\\/5-delni-zaboj-za-orodje\\\/\",\"url\":\"https:\\\/\\\/hundtgroup.com\\\/sl\\\/produkt\\\/5-delni-zaboj-za-orodje\\\/\",\"name\":\"5-delni zaboj za orodje - Wilhelm Hundt GmbH\",\"isPartOf\":{\"@id\":\"https:\\\/\\\/hundtgroup.com\\\/sl\\\/#website\"},\"primaryImageOfPage\":{\"@id\":\"https:\\\/\\\/hundtgroup.com\\\/sl\\\/produkt\\\/5-delni-zaboj-za-orodje\\\/#primaryimage\"},\"image\":{\"@id\":\"https:\\\/\\\/hundtgroup.com\\\/sl\\\/produkt\\\/5-delni-zaboj-za-orodje\\\/#primaryimage\"},\"thumbnailUrl\":\"https:\\\/\\\/hundtgroup.com\\\/wp-content\\\/uploads\\\/210530.png\",\"datePublished\":\"2022-10-26T13:59:39+00:00\",\"dateModified\":\"2025-08-06T07:40:08+00:00\",\"breadcrumb\":{\"@id\":\"https:\\\/\\\/hundtgroup.com\\\/sl\\\/produkt\\\/5-delni-zaboj-za-orodje\\\/#breadcrumb\"},\"inLanguage\":\"sl-SI\",\"potentialAction\":[{\"@type\":\"ReadAction\",\"target\":[\"https:\\\/\\\/hundtgroup.com\\\/sl\\\/produkt\\\/5-delni-zaboj-za-orodje\\\/\"]}]},{\"@type\":\"ImageObject\",\"inLanguage\":\"sl-SI\",\"@id\":\"https:\\\/\\\/hundtgroup.com\\\/sl\\\/produkt\\\/5-delni-zaboj-za-orodje\\\/#primaryimage\",\"url\":\"https:\\\/\\\/hundtgroup.com\\\/wp-content\\\/uploads\\\/210530.png\",\"contentUrl\":\"https:\\\/\\\/hundtgroup.com\\\/wp-content\\\/uploads\\\/210530.png\",\"width\":626,\"height\":577},{\"@type\":\"BreadcrumbList\",\"@id\":\"https:\\\/\\\/hundtgroup.com\\\/sl\\\/produkt\\\/5-delni-zaboj-za-orodje\\\/#breadcrumb\",\"itemListElement\":[{\"@type\":\"ListItem\",\"position\":1,\"name\":\"Startseite\",\"item\":\"https:\\\/\\\/hundtgroup.com\\\/sl\\\/domov-novo\\\/\"},{\"@type\":\"ListItem\",\"position\":2,\"name\":\"Trgovina\",\"item\":\"https:\\\/\\\/hundtgroup.com\\\/trgovina\\\/\"},{\"@type\":\"ListItem\",\"position\":3,\"name\":\"5-delni zaboj za orodje\"}]},{\"@type\":\"WebSite\",\"@id\":\"https:\\\/\\\/hundtgroup.com\\\/sl\\\/#website\",\"url\":\"https:\\\/\\\/hundtgroup.com\\\/sl\\\/\",\"name\":\"Wilhelm Hundt GmbH\",\"description\":\"Va\u0161 specialist za stroje in orodja za obdelavo plo\u010devine\",\"potentialAction\":[{\"@type\":\"SearchAction\",\"target\":{\"@type\":\"EntryPoint\",\"urlTemplate\":\"https:\\\/\\\/hundtgroup.com\\\/sl\\\/?s={search_term_string}\"},\"query-input\":{\"@type\":\"PropertyValueSpecification\",\"valueRequired\":true,\"valueName\":\"search_term_string\"}}],\"inLanguage\":\"sl-SI\"}]}<\/script>\n<!-- \/ Yoast SEO plugin. -->","yoast_head_json":{"title":"5-delni zaboj za orodje - Wilhelm Hundt GmbH","robots":{"index":"index","follow":"follow","max-snippet":"max-snippet:-1","max-image-preview":"max-image-preview:large","max-video-preview":"max-video-preview:-1"},"canonical":"https:\/\/hundtgroup.com\/sl\/produkt\/5-delni-zaboj-za-orodje\/","og_locale":"sl_SI","og_type":"article","og_title":"5-delni zaboj za orodje - Wilhelm Hundt GmbH","og_description":"Izdelana iz trpe\u017ene jeklene plo\u010devine, profesionalna zasnova. Kakovost S: s kupolastim pokrovom, debelina plo\u010devine 0,65-0,70 mm. \u010cisto zaobljeni ali upognjeni robovi. Pritrjevanje pokrova z neprekinjenimi trakovi na te\u010dajih. Zasnova z ro\u010dajem za prena\u0161anje, zato se odprta \u0161katla ob dvigu samodejno zapre.","og_url":"https:\/\/hundtgroup.com\/sl\/produkt\/5-delni-zaboj-za-orodje\/","og_site_name":"Wilhelm Hundt GmbH","article_modified_time":"2025-08-06T07:40:08+00:00","og_image":[{"width":626,"height":577,"url":"https:\/\/hundtgroup.com\/wp-content\/uploads\/210530.png","type":"image\/png"}],"twitter_card":"summary_large_image","schema":{"@context":"https:\/\/schema.org","@graph":[{"@type":"WebPage","@id":"https:\/\/hundtgroup.com\/sl\/produkt\/5-delni-zaboj-za-orodje\/","url":"https:\/\/hundtgroup.com\/sl\/produkt\/5-delni-zaboj-za-orodje\/","name":"5-delni zaboj za orodje - Wilhelm Hundt GmbH","isPartOf":{"@id":"https:\/\/hundtgroup.com\/sl\/#website"},"primaryImageOfPage":{"@id":"https:\/\/hundtgroup.com\/sl\/produkt\/5-delni-zaboj-za-orodje\/#primaryimage"},"image":{"@id":"https:\/\/hundtgroup.com\/sl\/produkt\/5-delni-zaboj-za-orodje\/#primaryimage"},"thumbnailUrl":"https:\/\/hundtgroup.com\/wp-content\/uploads\/210530.png","datePublished":"2022-10-26T13:59:39+00:00","dateModified":"2025-08-06T07:40:08+00:00","breadcrumb":{"@id":"https:\/\/hundtgroup.com\/sl\/produkt\/5-delni-zaboj-za-orodje\/#breadcrumb"},"inLanguage":"sl-SI","potentialAction":[{"@type":"ReadAction","target":["https:\/\/hundtgroup.com\/sl\/produkt\/5-delni-zaboj-za-orodje\/"]}]},{"@type":"ImageObject","inLanguage":"sl-SI","@id":"https:\/\/hundtgroup.com\/sl\/produkt\/5-delni-zaboj-za-orodje\/#primaryimage","url":"https:\/\/hundtgroup.com\/wp-content\/uploads\/210530.png","contentUrl":"https:\/\/hundtgroup.com\/wp-content\/uploads\/210530.png","width":626,"height":577},{"@type":"BreadcrumbList","@id":"https:\/\/hundtgroup.com\/sl\/produkt\/5-delni-zaboj-za-orodje\/#breadcrumb","itemListElement":[{"@type":"ListItem","position":1,"name":"Startseite","item":"https:\/\/hundtgroup.com\/sl\/domov-novo\/"},{"@type":"ListItem","position":2,"name":"Trgovina","item":"https:\/\/hundtgroup.com\/trgovina\/"},{"@type":"ListItem","position":3,"name":"5-delni zaboj za orodje"}]},{"@type":"WebSite","@id":"https:\/\/hundtgroup.com\/sl\/#website","url":"https:\/\/hundtgroup.com\/sl\/","name":"Wilhelm Hundt GmbH","description":"Va\u0161 specialist za stroje in orodja za obdelavo plo\u010devine","potentialAction":[{"@type":"SearchAction","target":{"@type":"EntryPoint","urlTemplate":"https:\/\/hundtgroup.com\/sl\/?s={search_term_string}"},"query-input":{"@type":"PropertyValueSpecification","valueRequired":true,"valueName":"search_term_string"}}],"inLanguage":"sl-SI"}]}},"_links":{"self":[{"href":"https:\/\/hundtgroup.com\/sl\/wp-json\/wp\/v2\/product\/36731","targetHints":{"allow":["GET"]}}],"collection":[{"href":"https:\/\/hundtgroup.com\/sl\/wp-json\/wp\/v2\/product"}],"about":[{"href":"https:\/\/hundtgroup.com\/sl\/wp-json\/wp\/v2\/types\/product"}],"wp:featuredmedia":[{"embeddable":true,"href":"https:\/\/hundtgroup.com\/sl\/wp-json\/wp\/v2\/media\/18226"}],"wp:attachment":[{"href":"https:\/\/hundtgroup.com\/sl\/wp-json\/wp\/v2\/media?parent=36731"}],"wp:term":[{"taxonomy":"product_cat","embeddable":true,"href":"https:\/\/hundtgroup.com\/sl\/wp-json\/wp\/v2\/product_cat?post=36731"},{"taxonomy":"product_tag","embeddable":true,"href":"https:\/\/hundtgroup.com\/sl\/wp-json\/wp\/v2\/product_tag?post=36731"}],"curies":[{"name":"wp","href":"https:\/\/api.w.org\/{rel}","templated":true}]}}