{"id":37478,"date":"2025-06-18T18:31:49","date_gmt":"2025-06-18T16:31:49","guid":{"rendered":"https:\/\/hundtgroup.com\/produkt\/zacetni-komplet-trumpf-18v\/"},"modified":"2025-07-28T16:46:22","modified_gmt":"2025-07-28T14:46:22","slug":"zacetni-komplet-trumpf-18v","status":"publish","type":"product","link":"https:\/\/hundtgroup.com\/sl\/produkt\/zacetni-komplet-trumpf-18v\/","title":{"rendered":"Za\u010detni komplet TRUMPF 18V"},"content":{"rendered":"<p>Za\u010detni komplet TRUMPF 18V<br \/>\nje sestavljen iz 2 akumulatorskih baterij 4,0 Ah in 1 polnilnika. Dobavljeno v \u0161katli.<br \/>\nPrimerno za TRUMPF TruTool C 200, C 250, S 250, N 200, PN 200 <\/p>\n","protected":false},"excerpt":{"rendered":"<p>Za\u010detni komplet TRUMPF 18V je sestavljen iz 2 akumulatorskih baterij 4,0 Ah in 1 polnilnika. Dobavljeno v \u0161katli. Primerno za TRUMPF TruTool C 200, C 250, S 250, N 200, PN 200<\/p>\n","protected":false},"featured_media":35437,"template":"","meta":{"_acf_changed":false,"inline_featured_image":false},"product_cat":[1963,2128],"product_tag":[],"class_list":{"0":"post-37478","1":"product","2":"type-product","3":"status-publish","4":"has-post-thumbnail","6":"brand-trumpf","7":"product_cat-baterijski-elektricni-dodatki","8":"product_cat-zacetni-komplet","10":"first","11":"instock","12":"taxable","13":"shipping-taxable","14":"purchasable","15":"product-type-simple","16":"add-to-wishlist-before_image"},"acf":[],"yoast_head":"<!-- This site is optimized with the Yoast SEO plugin v27.3 - https:\/\/yoast.com\/product\/yoast-seo-wordpress\/ -->\n<title>Za\u010detni komplet TRUMPF 18V - Wilhelm Hundt GmbH<\/title>\n<meta name=\"robots\" content=\"index, follow, max-snippet:-1, max-image-preview:large, max-video-preview:-1\" \/>\n<link rel=\"canonical\" href=\"https:\/\/hundtgroup.com\/sl\/produkt\/zacetni-komplet-trumpf-18v\/\" \/>\n<meta property=\"og:locale\" content=\"sl_SI\" \/>\n<meta property=\"og:type\" content=\"article\" \/>\n<meta property=\"og:title\" content=\"Za\u010detni komplet TRUMPF 18V - Wilhelm Hundt GmbH\" \/>\n<meta property=\"og:description\" content=\"Za\u010detni komplet TRUMPF 18V je sestavljen iz 2 akumulatorskih baterij 4,0 Ah in 1 polnilnika. Dobavljeno v \u0161katli. Primerno za TRUMPF TruTool C 200, C 250, S 250, N 200, PN 200\" \/>\n<meta property=\"og:url\" content=\"https:\/\/hundtgroup.com\/sl\/produkt\/zacetni-komplet-trumpf-18v\/\" \/>\n<meta property=\"og:site_name\" content=\"Wilhelm Hundt GmbH\" \/>\n<meta property=\"article:modified_time\" content=\"2025-07-28T14:46:22+00:00\" \/>\n<meta property=\"og:image\" content=\"https:\/\/hundtgroup.com\/wp-content\/uploads\/351118.png\" \/>\n\t<meta property=\"og:image:width\" content=\"578\" \/>\n\t<meta property=\"og:image:height\" content=\"596\" \/>\n\t<meta property=\"og:image:type\" content=\"image\/png\" \/>\n<meta name=\"twitter:card\" content=\"summary_large_image\" \/>\n<script type=\"application\/ld+json\" class=\"yoast-schema-graph\">{\"@context\":\"https:\\\/\\\/schema.org\",\"@graph\":[{\"@type\":\"WebPage\",\"@id\":\"https:\\\/\\\/hundtgroup.com\\\/sl\\\/produkt\\\/zacetni-komplet-trumpf-18v\\\/\",\"url\":\"https:\\\/\\\/hundtgroup.com\\\/sl\\\/produkt\\\/zacetni-komplet-trumpf-18v\\\/\",\"name\":\"Za\u010detni komplet TRUMPF 18V - Wilhelm Hundt GmbH\",\"isPartOf\":{\"@id\":\"https:\\\/\\\/hundtgroup.com\\\/sl\\\/#website\"},\"primaryImageOfPage\":{\"@id\":\"https:\\\/\\\/hundtgroup.com\\\/sl\\\/produkt\\\/zacetni-komplet-trumpf-18v\\\/#primaryimage\"},\"image\":{\"@id\":\"https:\\\/\\\/hundtgroup.com\\\/sl\\\/produkt\\\/zacetni-komplet-trumpf-18v\\\/#primaryimage\"},\"thumbnailUrl\":\"https:\\\/\\\/hundtgroup.com\\\/wp-content\\\/uploads\\\/351118.png\",\"datePublished\":\"2025-06-18T16:31:49+00:00\",\"dateModified\":\"2025-07-28T14:46:22+00:00\",\"breadcrumb\":{\"@id\":\"https:\\\/\\\/hundtgroup.com\\\/sl\\\/produkt\\\/zacetni-komplet-trumpf-18v\\\/#breadcrumb\"},\"inLanguage\":\"sl-SI\",\"potentialAction\":[{\"@type\":\"ReadAction\",\"target\":[\"https:\\\/\\\/hundtgroup.com\\\/sl\\\/produkt\\\/zacetni-komplet-trumpf-18v\\\/\"]}]},{\"@type\":\"ImageObject\",\"inLanguage\":\"sl-SI\",\"@id\":\"https:\\\/\\\/hundtgroup.com\\\/sl\\\/produkt\\\/zacetni-komplet-trumpf-18v\\\/#primaryimage\",\"url\":\"https:\\\/\\\/hundtgroup.com\\\/wp-content\\\/uploads\\\/351118.png\",\"contentUrl\":\"https:\\\/\\\/hundtgroup.com\\\/wp-content\\\/uploads\\\/351118.png\",\"width\":578,\"height\":596},{\"@type\":\"BreadcrumbList\",\"@id\":\"https:\\\/\\\/hundtgroup.com\\\/sl\\\/produkt\\\/zacetni-komplet-trumpf-18v\\\/#breadcrumb\",\"itemListElement\":[{\"@type\":\"ListItem\",\"position\":1,\"name\":\"Startseite\",\"item\":\"https:\\\/\\\/hundtgroup.com\\\/sl\\\/domov-novo\\\/\"},{\"@type\":\"ListItem\",\"position\":2,\"name\":\"Trgovina\",\"item\":\"https:\\\/\\\/hundtgroup.com\\\/trgovina\\\/\"},{\"@type\":\"ListItem\",\"position\":3,\"name\":\"Za\u010detni komplet TRUMPF 18V\"}]},{\"@type\":\"WebSite\",\"@id\":\"https:\\\/\\\/hundtgroup.com\\\/sl\\\/#website\",\"url\":\"https:\\\/\\\/hundtgroup.com\\\/sl\\\/\",\"name\":\"Wilhelm Hundt GmbH\",\"description\":\"Va\u0161 specialist za stroje in orodja za obdelavo plo\u010devine\",\"potentialAction\":[{\"@type\":\"SearchAction\",\"target\":{\"@type\":\"EntryPoint\",\"urlTemplate\":\"https:\\\/\\\/hundtgroup.com\\\/sl\\\/?s={search_term_string}\"},\"query-input\":{\"@type\":\"PropertyValueSpecification\",\"valueRequired\":true,\"valueName\":\"search_term_string\"}}],\"inLanguage\":\"sl-SI\"}]}<\/script>\n<!-- \/ Yoast SEO plugin. -->","yoast_head_json":{"title":"Za\u010detni komplet TRUMPF 18V - Wilhelm Hundt GmbH","robots":{"index":"index","follow":"follow","max-snippet":"max-snippet:-1","max-image-preview":"max-image-preview:large","max-video-preview":"max-video-preview:-1"},"canonical":"https:\/\/hundtgroup.com\/sl\/produkt\/zacetni-komplet-trumpf-18v\/","og_locale":"sl_SI","og_type":"article","og_title":"Za\u010detni komplet TRUMPF 18V - Wilhelm Hundt GmbH","og_description":"Za\u010detni komplet TRUMPF 18V je sestavljen iz 2 akumulatorskih baterij 4,0 Ah in 1 polnilnika. Dobavljeno v \u0161katli. Primerno za TRUMPF TruTool C 200, C 250, S 250, N 200, PN 200","og_url":"https:\/\/hundtgroup.com\/sl\/produkt\/zacetni-komplet-trumpf-18v\/","og_site_name":"Wilhelm Hundt GmbH","article_modified_time":"2025-07-28T14:46:22+00:00","og_image":[{"width":578,"height":596,"url":"https:\/\/hundtgroup.com\/wp-content\/uploads\/351118.png","type":"image\/png"}],"twitter_card":"summary_large_image","schema":{"@context":"https:\/\/schema.org","@graph":[{"@type":"WebPage","@id":"https:\/\/hundtgroup.com\/sl\/produkt\/zacetni-komplet-trumpf-18v\/","url":"https:\/\/hundtgroup.com\/sl\/produkt\/zacetni-komplet-trumpf-18v\/","name":"Za\u010detni komplet TRUMPF 18V - Wilhelm Hundt GmbH","isPartOf":{"@id":"https:\/\/hundtgroup.com\/sl\/#website"},"primaryImageOfPage":{"@id":"https:\/\/hundtgroup.com\/sl\/produkt\/zacetni-komplet-trumpf-18v\/#primaryimage"},"image":{"@id":"https:\/\/hundtgroup.com\/sl\/produkt\/zacetni-komplet-trumpf-18v\/#primaryimage"},"thumbnailUrl":"https:\/\/hundtgroup.com\/wp-content\/uploads\/351118.png","datePublished":"2025-06-18T16:31:49+00:00","dateModified":"2025-07-28T14:46:22+00:00","breadcrumb":{"@id":"https:\/\/hundtgroup.com\/sl\/produkt\/zacetni-komplet-trumpf-18v\/#breadcrumb"},"inLanguage":"sl-SI","potentialAction":[{"@type":"ReadAction","target":["https:\/\/hundtgroup.com\/sl\/produkt\/zacetni-komplet-trumpf-18v\/"]}]},{"@type":"ImageObject","inLanguage":"sl-SI","@id":"https:\/\/hundtgroup.com\/sl\/produkt\/zacetni-komplet-trumpf-18v\/#primaryimage","url":"https:\/\/hundtgroup.com\/wp-content\/uploads\/351118.png","contentUrl":"https:\/\/hundtgroup.com\/wp-content\/uploads\/351118.png","width":578,"height":596},{"@type":"BreadcrumbList","@id":"https:\/\/hundtgroup.com\/sl\/produkt\/zacetni-komplet-trumpf-18v\/#breadcrumb","itemListElement":[{"@type":"ListItem","position":1,"name":"Startseite","item":"https:\/\/hundtgroup.com\/sl\/domov-novo\/"},{"@type":"ListItem","position":2,"name":"Trgovina","item":"https:\/\/hundtgroup.com\/trgovina\/"},{"@type":"ListItem","position":3,"name":"Za\u010detni komplet TRUMPF 18V"}]},{"@type":"WebSite","@id":"https:\/\/hundtgroup.com\/sl\/#website","url":"https:\/\/hundtgroup.com\/sl\/","name":"Wilhelm Hundt GmbH","description":"Va\u0161 specialist za stroje in orodja za obdelavo plo\u010devine","potentialAction":[{"@type":"SearchAction","target":{"@type":"EntryPoint","urlTemplate":"https:\/\/hundtgroup.com\/sl\/?s={search_term_string}"},"query-input":{"@type":"PropertyValueSpecification","valueRequired":true,"valueName":"search_term_string"}}],"inLanguage":"sl-SI"}]}},"_links":{"self":[{"href":"https:\/\/hundtgroup.com\/sl\/wp-json\/wp\/v2\/product\/37478","targetHints":{"allow":["GET"]}}],"collection":[{"href":"https:\/\/hundtgroup.com\/sl\/wp-json\/wp\/v2\/product"}],"about":[{"href":"https:\/\/hundtgroup.com\/sl\/wp-json\/wp\/v2\/types\/product"}],"wp:featuredmedia":[{"embeddable":true,"href":"https:\/\/hundtgroup.com\/sl\/wp-json\/wp\/v2\/media\/35437"}],"wp:attachment":[{"href":"https:\/\/hundtgroup.com\/sl\/wp-json\/wp\/v2\/media?parent=37478"}],"wp:term":[{"taxonomy":"product_cat","embeddable":true,"href":"https:\/\/hundtgroup.com\/sl\/wp-json\/wp\/v2\/product_cat?post=37478"},{"taxonomy":"product_tag","embeddable":true,"href":"https:\/\/hundtgroup.com\/sl\/wp-json\/wp\/v2\/product_tag?post=37478"}],"curies":[{"name":"wp","href":"https:\/\/api.w.org\/{rel}","templated":true}]}}