{"id":37552,"date":"2025-06-18T18:31:51","date_gmt":"2025-06-18T16:31:51","guid":{"rendered":"https:\/\/hundtgroup.com\/produkt\/varilna-pistola-bohl-pcp-45-3\/"},"modified":"2025-07-28T16:44:40","modified_gmt":"2025-07-28T14:44:40","slug":"varilna-pistola-bohl-pcp-45-3","status":"publish","type":"product","link":"https:\/\/hundtgroup.com\/sl\/produkt\/varilna-pistola-bohl-pcp-45-3\/","title":{"rendered":"Varilna pi\u0161tola Bohl PCP 45-3"},"content":{"rendered":"<p>Varilna pi\u0161tola PCP 45-3 je zaradi varilnega kabla z razbremenitvijo napetosti in za\u0161\u010dito pred zvijanjem zelo primerna za uporabo na gradbi\u0161\u010dih. Stro\u0161ki vzdr\u017eevanja so zaradi hitro zamenljivih obrabnih delov zelo nizki.<br \/>\nDodatno mikrostikalo in preprosta nastavitev sile vzmeti zagotavljata optimalne rezultate varjenja.<\/p>\n","protected":false},"excerpt":{"rendered":"<p>Varilna pi\u0161tola PCP 45-3 je zaradi varilnega kabla z razbremenitvijo napetosti in za\u0161\u010dito pred zvijanjem zelo primerna za uporabo na gradbi\u0161\u010dih. Stro\u0161ki vzdr\u017eevanja so zaradi hitro zamenljivih obrabnih delov zelo nizki. Dodatno mikrostikalo in preprosta nastavitev sile vzmeti zagotavljata optimalne rezultate varjenja.<\/p>\n","protected":false},"featured_media":35500,"template":"","meta":{"_acf_changed":false,"inline_featured_image":false},"product_cat":[2045],"product_tag":[],"class_list":{"0":"post-37552","1":"product","2":"type-product","3":"status-publish","4":"has-post-thumbnail","6":"brand-bohl","7":"product_cat-orodja-za-varjenje","9":"first","10":"instock","11":"taxable","12":"shipping-taxable","13":"purchasable","14":"product-type-simple","15":"add-to-wishlist-before_image"},"acf":[],"yoast_head":"<!-- This site is optimized with the Yoast SEO plugin v27.3 - https:\/\/yoast.com\/product\/yoast-seo-wordpress\/ -->\n<title>Varilna pi\u0161tola Bohl PCP 45-3 - Wilhelm Hundt GmbH<\/title>\n<meta name=\"robots\" content=\"index, follow, max-snippet:-1, max-image-preview:large, max-video-preview:-1\" \/>\n<link rel=\"canonical\" href=\"https:\/\/hundtgroup.com\/sl\/produkt\/varilna-pistola-bohl-pcp-45-3\/\" \/>\n<meta property=\"og:locale\" content=\"sl_SI\" \/>\n<meta property=\"og:type\" content=\"article\" \/>\n<meta property=\"og:title\" content=\"Varilna pi\u0161tola Bohl PCP 45-3 - Wilhelm Hundt GmbH\" \/>\n<meta property=\"og:description\" content=\"Varilna pi\u0161tola PCP 45-3 je zaradi varilnega kabla z razbremenitvijo napetosti in za\u0161\u010dito pred zvijanjem zelo primerna za uporabo na gradbi\u0161\u010dih. Stro\u0161ki vzdr\u017eevanja so zaradi hitro zamenljivih obrabnih delov zelo nizki. Dodatno mikrostikalo in preprosta nastavitev sile vzmeti zagotavljata optimalne rezultate varjenja.\" \/>\n<meta property=\"og:url\" content=\"https:\/\/hundtgroup.com\/sl\/produkt\/varilna-pistola-bohl-pcp-45-3\/\" \/>\n<meta property=\"og:site_name\" content=\"Wilhelm Hundt GmbH\" \/>\n<meta property=\"article:modified_time\" content=\"2025-07-28T14:44:40+00:00\" \/>\n<meta property=\"og:image\" content=\"https:\/\/hundtgroup.com\/wp-content\/uploads\/380512.png\" \/>\n\t<meta property=\"og:image:width\" content=\"365\" \/>\n\t<meta property=\"og:image:height\" content=\"367\" \/>\n\t<meta property=\"og:image:type\" content=\"image\/png\" \/>\n<meta name=\"twitter:card\" content=\"summary_large_image\" \/>\n<script type=\"application\/ld+json\" class=\"yoast-schema-graph\">{\"@context\":\"https:\\\/\\\/schema.org\",\"@graph\":[{\"@type\":\"WebPage\",\"@id\":\"https:\\\/\\\/hundtgroup.com\\\/sl\\\/produkt\\\/varilna-pistola-bohl-pcp-45-3\\\/\",\"url\":\"https:\\\/\\\/hundtgroup.com\\\/sl\\\/produkt\\\/varilna-pistola-bohl-pcp-45-3\\\/\",\"name\":\"Varilna pi\u0161tola Bohl PCP 45-3 - Wilhelm Hundt GmbH\",\"isPartOf\":{\"@id\":\"https:\\\/\\\/hundtgroup.com\\\/sl\\\/#website\"},\"primaryImageOfPage\":{\"@id\":\"https:\\\/\\\/hundtgroup.com\\\/sl\\\/produkt\\\/varilna-pistola-bohl-pcp-45-3\\\/#primaryimage\"},\"image\":{\"@id\":\"https:\\\/\\\/hundtgroup.com\\\/sl\\\/produkt\\\/varilna-pistola-bohl-pcp-45-3\\\/#primaryimage\"},\"thumbnailUrl\":\"https:\\\/\\\/hundtgroup.com\\\/wp-content\\\/uploads\\\/380512.png\",\"datePublished\":\"2025-06-18T16:31:51+00:00\",\"dateModified\":\"2025-07-28T14:44:40+00:00\",\"breadcrumb\":{\"@id\":\"https:\\\/\\\/hundtgroup.com\\\/sl\\\/produkt\\\/varilna-pistola-bohl-pcp-45-3\\\/#breadcrumb\"},\"inLanguage\":\"sl-SI\",\"potentialAction\":[{\"@type\":\"ReadAction\",\"target\":[\"https:\\\/\\\/hundtgroup.com\\\/sl\\\/produkt\\\/varilna-pistola-bohl-pcp-45-3\\\/\"]}]},{\"@type\":\"ImageObject\",\"inLanguage\":\"sl-SI\",\"@id\":\"https:\\\/\\\/hundtgroup.com\\\/sl\\\/produkt\\\/varilna-pistola-bohl-pcp-45-3\\\/#primaryimage\",\"url\":\"https:\\\/\\\/hundtgroup.com\\\/wp-content\\\/uploads\\\/380512.png\",\"contentUrl\":\"https:\\\/\\\/hundtgroup.com\\\/wp-content\\\/uploads\\\/380512.png\",\"width\":365,\"height\":367},{\"@type\":\"BreadcrumbList\",\"@id\":\"https:\\\/\\\/hundtgroup.com\\\/sl\\\/produkt\\\/varilna-pistola-bohl-pcp-45-3\\\/#breadcrumb\",\"itemListElement\":[{\"@type\":\"ListItem\",\"position\":1,\"name\":\"Startseite\",\"item\":\"https:\\\/\\\/hundtgroup.com\\\/sl\\\/domov-novo\\\/\"},{\"@type\":\"ListItem\",\"position\":2,\"name\":\"Trgovina\",\"item\":\"https:\\\/\\\/hundtgroup.com\\\/trgovina\\\/\"},{\"@type\":\"ListItem\",\"position\":3,\"name\":\"Varilna pi\u0161tola Bohl PCP 45-3\"}]},{\"@type\":\"WebSite\",\"@id\":\"https:\\\/\\\/hundtgroup.com\\\/sl\\\/#website\",\"url\":\"https:\\\/\\\/hundtgroup.com\\\/sl\\\/\",\"name\":\"Wilhelm Hundt GmbH\",\"description\":\"Va\u0161 specialist za stroje in orodja za obdelavo plo\u010devine\",\"potentialAction\":[{\"@type\":\"SearchAction\",\"target\":{\"@type\":\"EntryPoint\",\"urlTemplate\":\"https:\\\/\\\/hundtgroup.com\\\/sl\\\/?s={search_term_string}\"},\"query-input\":{\"@type\":\"PropertyValueSpecification\",\"valueRequired\":true,\"valueName\":\"search_term_string\"}}],\"inLanguage\":\"sl-SI\"}]}<\/script>\n<!-- \/ Yoast SEO plugin. -->","yoast_head_json":{"title":"Varilna pi\u0161tola Bohl PCP 45-3 - Wilhelm Hundt GmbH","robots":{"index":"index","follow":"follow","max-snippet":"max-snippet:-1","max-image-preview":"max-image-preview:large","max-video-preview":"max-video-preview:-1"},"canonical":"https:\/\/hundtgroup.com\/sl\/produkt\/varilna-pistola-bohl-pcp-45-3\/","og_locale":"sl_SI","og_type":"article","og_title":"Varilna pi\u0161tola Bohl PCP 45-3 - Wilhelm Hundt GmbH","og_description":"Varilna pi\u0161tola PCP 45-3 je zaradi varilnega kabla z razbremenitvijo napetosti in za\u0161\u010dito pred zvijanjem zelo primerna za uporabo na gradbi\u0161\u010dih. Stro\u0161ki vzdr\u017eevanja so zaradi hitro zamenljivih obrabnih delov zelo nizki. Dodatno mikrostikalo in preprosta nastavitev sile vzmeti zagotavljata optimalne rezultate varjenja.","og_url":"https:\/\/hundtgroup.com\/sl\/produkt\/varilna-pistola-bohl-pcp-45-3\/","og_site_name":"Wilhelm Hundt GmbH","article_modified_time":"2025-07-28T14:44:40+00:00","og_image":[{"width":365,"height":367,"url":"https:\/\/hundtgroup.com\/wp-content\/uploads\/380512.png","type":"image\/png"}],"twitter_card":"summary_large_image","schema":{"@context":"https:\/\/schema.org","@graph":[{"@type":"WebPage","@id":"https:\/\/hundtgroup.com\/sl\/produkt\/varilna-pistola-bohl-pcp-45-3\/","url":"https:\/\/hundtgroup.com\/sl\/produkt\/varilna-pistola-bohl-pcp-45-3\/","name":"Varilna pi\u0161tola Bohl PCP 45-3 - Wilhelm Hundt GmbH","isPartOf":{"@id":"https:\/\/hundtgroup.com\/sl\/#website"},"primaryImageOfPage":{"@id":"https:\/\/hundtgroup.com\/sl\/produkt\/varilna-pistola-bohl-pcp-45-3\/#primaryimage"},"image":{"@id":"https:\/\/hundtgroup.com\/sl\/produkt\/varilna-pistola-bohl-pcp-45-3\/#primaryimage"},"thumbnailUrl":"https:\/\/hundtgroup.com\/wp-content\/uploads\/380512.png","datePublished":"2025-06-18T16:31:51+00:00","dateModified":"2025-07-28T14:44:40+00:00","breadcrumb":{"@id":"https:\/\/hundtgroup.com\/sl\/produkt\/varilna-pistola-bohl-pcp-45-3\/#breadcrumb"},"inLanguage":"sl-SI","potentialAction":[{"@type":"ReadAction","target":["https:\/\/hundtgroup.com\/sl\/produkt\/varilna-pistola-bohl-pcp-45-3\/"]}]},{"@type":"ImageObject","inLanguage":"sl-SI","@id":"https:\/\/hundtgroup.com\/sl\/produkt\/varilna-pistola-bohl-pcp-45-3\/#primaryimage","url":"https:\/\/hundtgroup.com\/wp-content\/uploads\/380512.png","contentUrl":"https:\/\/hundtgroup.com\/wp-content\/uploads\/380512.png","width":365,"height":367},{"@type":"BreadcrumbList","@id":"https:\/\/hundtgroup.com\/sl\/produkt\/varilna-pistola-bohl-pcp-45-3\/#breadcrumb","itemListElement":[{"@type":"ListItem","position":1,"name":"Startseite","item":"https:\/\/hundtgroup.com\/sl\/domov-novo\/"},{"@type":"ListItem","position":2,"name":"Trgovina","item":"https:\/\/hundtgroup.com\/trgovina\/"},{"@type":"ListItem","position":3,"name":"Varilna pi\u0161tola Bohl PCP 45-3"}]},{"@type":"WebSite","@id":"https:\/\/hundtgroup.com\/sl\/#website","url":"https:\/\/hundtgroup.com\/sl\/","name":"Wilhelm Hundt GmbH","description":"Va\u0161 specialist za stroje in orodja za obdelavo plo\u010devine","potentialAction":[{"@type":"SearchAction","target":{"@type":"EntryPoint","urlTemplate":"https:\/\/hundtgroup.com\/sl\/?s={search_term_string}"},"query-input":{"@type":"PropertyValueSpecification","valueRequired":true,"valueName":"search_term_string"}}],"inLanguage":"sl-SI"}]}},"_links":{"self":[{"href":"https:\/\/hundtgroup.com\/sl\/wp-json\/wp\/v2\/product\/37552","targetHints":{"allow":["GET"]}}],"collection":[{"href":"https:\/\/hundtgroup.com\/sl\/wp-json\/wp\/v2\/product"}],"about":[{"href":"https:\/\/hundtgroup.com\/sl\/wp-json\/wp\/v2\/types\/product"}],"wp:featuredmedia":[{"embeddable":true,"href":"https:\/\/hundtgroup.com\/sl\/wp-json\/wp\/v2\/media\/35500"}],"wp:attachment":[{"href":"https:\/\/hundtgroup.com\/sl\/wp-json\/wp\/v2\/media?parent=37552"}],"wp:term":[{"taxonomy":"product_cat","embeddable":true,"href":"https:\/\/hundtgroup.com\/sl\/wp-json\/wp\/v2\/product_cat?post=37552"},{"taxonomy":"product_tag","embeddable":true,"href":"https:\/\/hundtgroup.com\/sl\/wp-json\/wp\/v2\/product_tag?post=37552"}],"curies":[{"name":"wp","href":"https:\/\/api.w.org\/{rel}","templated":true}]}}