{"id":37680,"date":"2025-06-18T18:31:24","date_gmt":"2025-06-18T16:31:24","guid":{"rendered":"https:\/\/hundtgroup.com\/produkt\/birdie-18-v-20-ah-akumulatorski-nastavljalnik-slepih-zakovic\/"},"modified":"2025-08-01T11:53:52","modified_gmt":"2025-08-01T09:53:52","slug":"birdie-18-v-20-ah-akumulatorski-nastavljalnik-slepih-zakovic","status":"publish","type":"product","link":"https:\/\/hundtgroup.com\/sl\/produkt\/birdie-18-v-20-ah-akumulatorski-nastavljalnik-slepih-zakovic\/","title":{"rendered":"AccuBirdie akumulatorski nastavek za slepe zakovice"},"content":{"rendered":"<p>Birdie je najmanj\u0161e in najla\u017eje baterijsko orodje za kovi\u010denje v svojem zmogljivostnem razredu. Orodje za kovi\u010denje tehta le 900 g (brez baterije) in je tako lahko, da ga lahko uporabljate dolgo \u010dasa brez utrujenosti in z najve\u010djim udobjem. Z nastavitveno silo 10 kN je mogo\u010de obdelovati slepe zakovice do premera 5 mm v vseh materialih. Z barvno ozna\u010denimi nastavki je mogo\u010de \u0161e posebej enostavno prepoznati uporabljeno slepo zakovico.   <\/p>\n","protected":false},"excerpt":{"rendered":"<p>Birdie je najmanj\u0161e in najla\u017eje baterijsko orodje za kovi\u010denje v svojem zmogljivostnem razredu. Orodje za kovi\u010denje tehta le 900 g (brez baterije) in je tako lahko, da ga lahko uporabljate dolgo \u010dasa brez utrujenosti in z najve\u010djim udobjem. Z nastavitveno silo 10 kN je mogo\u010de obdelovati slepe zakovice do premera 5 mm v vseh materialih. [&hellip;]<\/p>\n","protected":false},"featured_media":35668,"template":"","meta":{"_acf_changed":false,"inline_featured_image":false},"product_cat":[2040,2038],"product_tag":[],"class_list":{"0":"post-37680","1":"product","2":"type-product","3":"status-publish","4":"has-post-thumbnail","6":"brand-gesipa","7":"product_cat-baterija","8":"product_cat-orodja-za-kovicenje","10":"first","11":"instock","12":"taxable","13":"shipping-taxable","14":"purchasable","15":"product-type-simple","16":"add-to-wishlist-before_image"},"acf":[],"yoast_head":"<!-- This site is optimized with the Yoast SEO plugin v27.3 - https:\/\/yoast.com\/product\/yoast-seo-wordpress\/ -->\n<title>AccuBirdie akumulatorski nastavek za slepe zakovice - Wilhelm Hundt GmbH<\/title>\n<meta name=\"robots\" content=\"index, follow, max-snippet:-1, max-image-preview:large, max-video-preview:-1\" \/>\n<link rel=\"canonical\" href=\"https:\/\/hundtgroup.com\/sl\/produkt\/birdie-18-v-20-ah-akumulatorski-nastavljalnik-slepih-zakovic\/\" \/>\n<meta property=\"og:locale\" content=\"sl_SI\" \/>\n<meta property=\"og:type\" content=\"article\" \/>\n<meta property=\"og:title\" content=\"AccuBirdie akumulatorski nastavek za slepe zakovice - Wilhelm Hundt GmbH\" \/>\n<meta property=\"og:description\" content=\"Birdie je najmanj\u0161e in najla\u017eje baterijsko orodje za kovi\u010denje v svojem zmogljivostnem razredu. Orodje za kovi\u010denje tehta le 900 g (brez baterije) in je tako lahko, da ga lahko uporabljate dolgo \u010dasa brez utrujenosti in z najve\u010djim udobjem. Z nastavitveno silo 10 kN je mogo\u010de obdelovati slepe zakovice do premera 5 mm v vseh materialih. [&hellip;]\" \/>\n<meta property=\"og:url\" content=\"https:\/\/hundtgroup.com\/sl\/produkt\/birdie-18-v-20-ah-akumulatorski-nastavljalnik-slepih-zakovic\/\" \/>\n<meta property=\"og:site_name\" content=\"Wilhelm Hundt GmbH\" \/>\n<meta property=\"article:modified_time\" content=\"2025-08-01T09:53:52+00:00\" \/>\n<meta property=\"og:image\" content=\"https:\/\/hundtgroup.com\/wp-content\/uploads\/500801.jpg\" \/>\n\t<meta property=\"og:image:width\" content=\"1472\" \/>\n\t<meta property=\"og:image:height\" content=\"1472\" \/>\n\t<meta property=\"og:image:type\" content=\"image\/jpeg\" \/>\n<meta name=\"twitter:card\" content=\"summary_large_image\" \/>\n<script type=\"application\/ld+json\" class=\"yoast-schema-graph\">{\"@context\":\"https:\\\/\\\/schema.org\",\"@graph\":[{\"@type\":\"WebPage\",\"@id\":\"https:\\\/\\\/hundtgroup.com\\\/sl\\\/produkt\\\/birdie-18-v-20-ah-akumulatorski-nastavljalnik-slepih-zakovic\\\/\",\"url\":\"https:\\\/\\\/hundtgroup.com\\\/sl\\\/produkt\\\/birdie-18-v-20-ah-akumulatorski-nastavljalnik-slepih-zakovic\\\/\",\"name\":\"AccuBirdie akumulatorski nastavek za slepe zakovice - Wilhelm Hundt GmbH\",\"isPartOf\":{\"@id\":\"https:\\\/\\\/hundtgroup.com\\\/sl\\\/#website\"},\"primaryImageOfPage\":{\"@id\":\"https:\\\/\\\/hundtgroup.com\\\/sl\\\/produkt\\\/birdie-18-v-20-ah-akumulatorski-nastavljalnik-slepih-zakovic\\\/#primaryimage\"},\"image\":{\"@id\":\"https:\\\/\\\/hundtgroup.com\\\/sl\\\/produkt\\\/birdie-18-v-20-ah-akumulatorski-nastavljalnik-slepih-zakovic\\\/#primaryimage\"},\"thumbnailUrl\":\"https:\\\/\\\/hundtgroup.com\\\/wp-content\\\/uploads\\\/500801.jpg\",\"datePublished\":\"2025-06-18T16:31:24+00:00\",\"dateModified\":\"2025-08-01T09:53:52+00:00\",\"breadcrumb\":{\"@id\":\"https:\\\/\\\/hundtgroup.com\\\/sl\\\/produkt\\\/birdie-18-v-20-ah-akumulatorski-nastavljalnik-slepih-zakovic\\\/#breadcrumb\"},\"inLanguage\":\"sl-SI\",\"potentialAction\":[{\"@type\":\"ReadAction\",\"target\":[\"https:\\\/\\\/hundtgroup.com\\\/sl\\\/produkt\\\/birdie-18-v-20-ah-akumulatorski-nastavljalnik-slepih-zakovic\\\/\"]}]},{\"@type\":\"ImageObject\",\"inLanguage\":\"sl-SI\",\"@id\":\"https:\\\/\\\/hundtgroup.com\\\/sl\\\/produkt\\\/birdie-18-v-20-ah-akumulatorski-nastavljalnik-slepih-zakovic\\\/#primaryimage\",\"url\":\"https:\\\/\\\/hundtgroup.com\\\/wp-content\\\/uploads\\\/500801.jpg\",\"contentUrl\":\"https:\\\/\\\/hundtgroup.com\\\/wp-content\\\/uploads\\\/500801.jpg\",\"width\":1472,\"height\":1472},{\"@type\":\"BreadcrumbList\",\"@id\":\"https:\\\/\\\/hundtgroup.com\\\/sl\\\/produkt\\\/birdie-18-v-20-ah-akumulatorski-nastavljalnik-slepih-zakovic\\\/#breadcrumb\",\"itemListElement\":[{\"@type\":\"ListItem\",\"position\":1,\"name\":\"Startseite\",\"item\":\"https:\\\/\\\/hundtgroup.com\\\/sl\\\/domov-novo\\\/\"},{\"@type\":\"ListItem\",\"position\":2,\"name\":\"Trgovina\",\"item\":\"https:\\\/\\\/hundtgroup.com\\\/trgovina\\\/\"},{\"@type\":\"ListItem\",\"position\":3,\"name\":\"AccuBirdie akumulatorski nastavek za slepe zakovice\"}]},{\"@type\":\"WebSite\",\"@id\":\"https:\\\/\\\/hundtgroup.com\\\/sl\\\/#website\",\"url\":\"https:\\\/\\\/hundtgroup.com\\\/sl\\\/\",\"name\":\"Wilhelm Hundt GmbH\",\"description\":\"Va\u0161 specialist za stroje in orodja za obdelavo plo\u010devine\",\"potentialAction\":[{\"@type\":\"SearchAction\",\"target\":{\"@type\":\"EntryPoint\",\"urlTemplate\":\"https:\\\/\\\/hundtgroup.com\\\/sl\\\/?s={search_term_string}\"},\"query-input\":{\"@type\":\"PropertyValueSpecification\",\"valueRequired\":true,\"valueName\":\"search_term_string\"}}],\"inLanguage\":\"sl-SI\"}]}<\/script>\n<!-- \/ Yoast SEO plugin. -->","yoast_head_json":{"title":"AccuBirdie akumulatorski nastavek za slepe zakovice - Wilhelm Hundt GmbH","robots":{"index":"index","follow":"follow","max-snippet":"max-snippet:-1","max-image-preview":"max-image-preview:large","max-video-preview":"max-video-preview:-1"},"canonical":"https:\/\/hundtgroup.com\/sl\/produkt\/birdie-18-v-20-ah-akumulatorski-nastavljalnik-slepih-zakovic\/","og_locale":"sl_SI","og_type":"article","og_title":"AccuBirdie akumulatorski nastavek za slepe zakovice - Wilhelm Hundt GmbH","og_description":"Birdie je najmanj\u0161e in najla\u017eje baterijsko orodje za kovi\u010denje v svojem zmogljivostnem razredu. Orodje za kovi\u010denje tehta le 900 g (brez baterije) in je tako lahko, da ga lahko uporabljate dolgo \u010dasa brez utrujenosti in z najve\u010djim udobjem. Z nastavitveno silo 10 kN je mogo\u010de obdelovati slepe zakovice do premera 5 mm v vseh materialih. [&hellip;]","og_url":"https:\/\/hundtgroup.com\/sl\/produkt\/birdie-18-v-20-ah-akumulatorski-nastavljalnik-slepih-zakovic\/","og_site_name":"Wilhelm Hundt GmbH","article_modified_time":"2025-08-01T09:53:52+00:00","og_image":[{"width":1472,"height":1472,"url":"https:\/\/hundtgroup.com\/wp-content\/uploads\/500801.jpg","type":"image\/jpeg"}],"twitter_card":"summary_large_image","schema":{"@context":"https:\/\/schema.org","@graph":[{"@type":"WebPage","@id":"https:\/\/hundtgroup.com\/sl\/produkt\/birdie-18-v-20-ah-akumulatorski-nastavljalnik-slepih-zakovic\/","url":"https:\/\/hundtgroup.com\/sl\/produkt\/birdie-18-v-20-ah-akumulatorski-nastavljalnik-slepih-zakovic\/","name":"AccuBirdie akumulatorski nastavek za slepe zakovice - Wilhelm Hundt GmbH","isPartOf":{"@id":"https:\/\/hundtgroup.com\/sl\/#website"},"primaryImageOfPage":{"@id":"https:\/\/hundtgroup.com\/sl\/produkt\/birdie-18-v-20-ah-akumulatorski-nastavljalnik-slepih-zakovic\/#primaryimage"},"image":{"@id":"https:\/\/hundtgroup.com\/sl\/produkt\/birdie-18-v-20-ah-akumulatorski-nastavljalnik-slepih-zakovic\/#primaryimage"},"thumbnailUrl":"https:\/\/hundtgroup.com\/wp-content\/uploads\/500801.jpg","datePublished":"2025-06-18T16:31:24+00:00","dateModified":"2025-08-01T09:53:52+00:00","breadcrumb":{"@id":"https:\/\/hundtgroup.com\/sl\/produkt\/birdie-18-v-20-ah-akumulatorski-nastavljalnik-slepih-zakovic\/#breadcrumb"},"inLanguage":"sl-SI","potentialAction":[{"@type":"ReadAction","target":["https:\/\/hundtgroup.com\/sl\/produkt\/birdie-18-v-20-ah-akumulatorski-nastavljalnik-slepih-zakovic\/"]}]},{"@type":"ImageObject","inLanguage":"sl-SI","@id":"https:\/\/hundtgroup.com\/sl\/produkt\/birdie-18-v-20-ah-akumulatorski-nastavljalnik-slepih-zakovic\/#primaryimage","url":"https:\/\/hundtgroup.com\/wp-content\/uploads\/500801.jpg","contentUrl":"https:\/\/hundtgroup.com\/wp-content\/uploads\/500801.jpg","width":1472,"height":1472},{"@type":"BreadcrumbList","@id":"https:\/\/hundtgroup.com\/sl\/produkt\/birdie-18-v-20-ah-akumulatorski-nastavljalnik-slepih-zakovic\/#breadcrumb","itemListElement":[{"@type":"ListItem","position":1,"name":"Startseite","item":"https:\/\/hundtgroup.com\/sl\/domov-novo\/"},{"@type":"ListItem","position":2,"name":"Trgovina","item":"https:\/\/hundtgroup.com\/trgovina\/"},{"@type":"ListItem","position":3,"name":"AccuBirdie akumulatorski nastavek za slepe zakovice"}]},{"@type":"WebSite","@id":"https:\/\/hundtgroup.com\/sl\/#website","url":"https:\/\/hundtgroup.com\/sl\/","name":"Wilhelm Hundt GmbH","description":"Va\u0161 specialist za stroje in orodja za obdelavo plo\u010devine","potentialAction":[{"@type":"SearchAction","target":{"@type":"EntryPoint","urlTemplate":"https:\/\/hundtgroup.com\/sl\/?s={search_term_string}"},"query-input":{"@type":"PropertyValueSpecification","valueRequired":true,"valueName":"search_term_string"}}],"inLanguage":"sl-SI"}]}},"_links":{"self":[{"href":"https:\/\/hundtgroup.com\/sl\/wp-json\/wp\/v2\/product\/37680","targetHints":{"allow":["GET"]}}],"collection":[{"href":"https:\/\/hundtgroup.com\/sl\/wp-json\/wp\/v2\/product"}],"about":[{"href":"https:\/\/hundtgroup.com\/sl\/wp-json\/wp\/v2\/types\/product"}],"wp:featuredmedia":[{"embeddable":true,"href":"https:\/\/hundtgroup.com\/sl\/wp-json\/wp\/v2\/media\/35668"}],"wp:attachment":[{"href":"https:\/\/hundtgroup.com\/sl\/wp-json\/wp\/v2\/media?parent=37680"}],"wp:term":[{"taxonomy":"product_cat","embeddable":true,"href":"https:\/\/hundtgroup.com\/sl\/wp-json\/wp\/v2\/product_cat?post=37680"},{"taxonomy":"product_tag","embeddable":true,"href":"https:\/\/hundtgroup.com\/sl\/wp-json\/wp\/v2\/product_tag?post=37680"}],"curies":[{"name":"wp","href":"https:\/\/api.w.org\/{rel}","templated":true}]}}