{"id":39692,"date":"2025-09-19T21:29:18","date_gmt":"2025-09-19T19:29:18","guid":{"rendered":"https:\/\/hundtgroup.com\/?post_type=product&#038;p=39692"},"modified":"2025-09-19T21:36:40","modified_gmt":"2025-09-19T19:36:40","slug":"bosch-gsr-12-v-15-akumulatorski-vrtalnik-20-ah-kopie-2","status":"publish","type":"product","link":"https:\/\/hundtgroup.com\/sl\/produkt\/bosch-gsr-12-v-15-akumulatorski-vrtalnik-20-ah-kopie-2\/","title":{"rendered":"Bosch GSR 12 V-15 akumulatorski vrtalnik 2,0 Ah (Kopie)"},"content":{"rendered":"<p>Priro\u010den agregat: 169 mm, izjemno kratka zasnova za optimalno upravljanje<br \/>\n, zlasti za vrtanje in vija\u010denje nad glavo ter<br \/>\nv tesnih prostorih, polno 10 mm vpenjalno dr\u017ealo Auto-Lock, 2-stopenjski menjalnik za mo\u010dan navor pri vrtanju in vija\u010denju.<\/p>\n","protected":false},"excerpt":{"rendered":"<p>Priro\u010den agregat: 169 mm, izjemno kratka zasnova za optimalno upravljanje , zlasti za vrtanje in vija\u010denje nad glavo ter v tesnih prostorih, polno 10 mm vpenjalno dr\u017ealo Auto-Lock, 2-stopenjski menjalnik za mo\u010dan navor pri vrtanju in vija\u010denju.<\/p>\n","protected":false},"featured_media":39701,"template":"","meta":{"_acf_changed":false,"inline_featured_image":false},"product_cat":[2080,686,2043],"product_tag":[],"class_list":{"0":"post-39692","1":"product","2":"type-product","3":"status-publish","4":"has-post-thumbnail","6":"product_cat-novosti","7":"product_cat-orodja-z-baterijami","8":"product_cat-vrtalnik","10":"first","11":"instock","12":"taxable","13":"shipping-taxable","14":"purchasable","15":"product-type-simple","16":"add-to-wishlist-before_image"},"acf":[],"yoast_head":"<!-- This site is optimized with the Yoast SEO plugin v27.3 - https:\/\/yoast.com\/product\/yoast-seo-wordpress\/ -->\n<title>Bosch GSR 12 V-15 akumulatorski vrtalnik 2,0 Ah (Kopie) - Wilhelm Hundt GmbH<\/title>\n<meta name=\"robots\" content=\"index, follow, max-snippet:-1, max-image-preview:large, max-video-preview:-1\" \/>\n<link rel=\"canonical\" href=\"https:\/\/hundtgroup.com\/sl\/produkt\/bosch-gsr-12-v-15-akumulatorski-vrtalnik-20-ah-kopie-2\/\" \/>\n<meta property=\"og:locale\" content=\"sl_SI\" \/>\n<meta property=\"og:type\" content=\"article\" \/>\n<meta property=\"og:title\" content=\"Bosch GSR 12 V-15 akumulatorski vrtalnik 2,0 Ah (Kopie) - Wilhelm Hundt GmbH\" \/>\n<meta property=\"og:description\" content=\"Priro\u010den agregat: 169 mm, izjemno kratka zasnova za optimalno upravljanje , zlasti za vrtanje in vija\u010denje nad glavo ter v tesnih prostorih, polno 10 mm vpenjalno dr\u017ealo Auto-Lock, 2-stopenjski menjalnik za mo\u010dan navor pri vrtanju in vija\u010denju.\" \/>\n<meta property=\"og:url\" content=\"https:\/\/hundtgroup.com\/sl\/produkt\/bosch-gsr-12-v-15-akumulatorski-vrtalnik-20-ah-kopie-2\/\" \/>\n<meta property=\"og:site_name\" content=\"Wilhelm Hundt GmbH\" \/>\n<meta property=\"article:modified_time\" content=\"2025-09-19T19:36:40+00:00\" \/>\n<meta property=\"og:image\" content=\"https:\/\/hundtgroup.com\/wp-content\/uploads\/GSR-12V-32-LA.jpg\" \/>\n\t<meta property=\"og:image:width\" content=\"816\" \/>\n\t<meta property=\"og:image:height\" content=\"764\" \/>\n\t<meta property=\"og:image:type\" content=\"image\/jpeg\" \/>\n<meta name=\"twitter:card\" content=\"summary_large_image\" \/>\n<script type=\"application\/ld+json\" class=\"yoast-schema-graph\">{\"@context\":\"https:\\\/\\\/schema.org\",\"@graph\":[{\"@type\":\"WebPage\",\"@id\":\"https:\\\/\\\/hundtgroup.com\\\/sl\\\/produkt\\\/bosch-gsr-12-v-15-akumulatorski-vrtalnik-20-ah-kopie-2\\\/\",\"url\":\"https:\\\/\\\/hundtgroup.com\\\/sl\\\/produkt\\\/bosch-gsr-12-v-15-akumulatorski-vrtalnik-20-ah-kopie-2\\\/\",\"name\":\"Bosch GSR 12 V-15 akumulatorski vrtalnik 2,0 Ah (Kopie) - Wilhelm Hundt GmbH\",\"isPartOf\":{\"@id\":\"https:\\\/\\\/hundtgroup.com\\\/sl\\\/#website\"},\"primaryImageOfPage\":{\"@id\":\"https:\\\/\\\/hundtgroup.com\\\/sl\\\/produkt\\\/bosch-gsr-12-v-15-akumulatorski-vrtalnik-20-ah-kopie-2\\\/#primaryimage\"},\"image\":{\"@id\":\"https:\\\/\\\/hundtgroup.com\\\/sl\\\/produkt\\\/bosch-gsr-12-v-15-akumulatorski-vrtalnik-20-ah-kopie-2\\\/#primaryimage\"},\"thumbnailUrl\":\"https:\\\/\\\/hundtgroup.com\\\/wp-content\\\/uploads\\\/GSR-12V-32-LA.jpg\",\"datePublished\":\"2025-09-19T19:29:18+00:00\",\"dateModified\":\"2025-09-19T19:36:40+00:00\",\"breadcrumb\":{\"@id\":\"https:\\\/\\\/hundtgroup.com\\\/sl\\\/produkt\\\/bosch-gsr-12-v-15-akumulatorski-vrtalnik-20-ah-kopie-2\\\/#breadcrumb\"},\"inLanguage\":\"sl-SI\",\"potentialAction\":[{\"@type\":\"ReadAction\",\"target\":[\"https:\\\/\\\/hundtgroup.com\\\/sl\\\/produkt\\\/bosch-gsr-12-v-15-akumulatorski-vrtalnik-20-ah-kopie-2\\\/\"]}]},{\"@type\":\"ImageObject\",\"inLanguage\":\"sl-SI\",\"@id\":\"https:\\\/\\\/hundtgroup.com\\\/sl\\\/produkt\\\/bosch-gsr-12-v-15-akumulatorski-vrtalnik-20-ah-kopie-2\\\/#primaryimage\",\"url\":\"https:\\\/\\\/hundtgroup.com\\\/wp-content\\\/uploads\\\/GSR-12V-32-LA.jpg\",\"contentUrl\":\"https:\\\/\\\/hundtgroup.com\\\/wp-content\\\/uploads\\\/GSR-12V-32-LA.jpg\",\"width\":816,\"height\":764},{\"@type\":\"BreadcrumbList\",\"@id\":\"https:\\\/\\\/hundtgroup.com\\\/sl\\\/produkt\\\/bosch-gsr-12-v-15-akumulatorski-vrtalnik-20-ah-kopie-2\\\/#breadcrumb\",\"itemListElement\":[{\"@type\":\"ListItem\",\"position\":1,\"name\":\"Startseite\",\"item\":\"https:\\\/\\\/hundtgroup.com\\\/sl\\\/domov-novo\\\/\"},{\"@type\":\"ListItem\",\"position\":2,\"name\":\"Trgovina\",\"item\":\"https:\\\/\\\/hundtgroup.com\\\/trgovina\\\/\"},{\"@type\":\"ListItem\",\"position\":3,\"name\":\"Bosch GSR 12 V-15 akumulatorski vrtalnik 2,0 Ah (Kopie)\"}]},{\"@type\":\"WebSite\",\"@id\":\"https:\\\/\\\/hundtgroup.com\\\/sl\\\/#website\",\"url\":\"https:\\\/\\\/hundtgroup.com\\\/sl\\\/\",\"name\":\"Wilhelm Hundt GmbH\",\"description\":\"Va\u0161 specialist za stroje in orodja za obdelavo plo\u010devine\",\"potentialAction\":[{\"@type\":\"SearchAction\",\"target\":{\"@type\":\"EntryPoint\",\"urlTemplate\":\"https:\\\/\\\/hundtgroup.com\\\/sl\\\/?s={search_term_string}\"},\"query-input\":{\"@type\":\"PropertyValueSpecification\",\"valueRequired\":true,\"valueName\":\"search_term_string\"}}],\"inLanguage\":\"sl-SI\"}]}<\/script>\n<!-- \/ Yoast SEO plugin. -->","yoast_head_json":{"title":"Bosch GSR 12 V-15 akumulatorski vrtalnik 2,0 Ah (Kopie) - Wilhelm Hundt GmbH","robots":{"index":"index","follow":"follow","max-snippet":"max-snippet:-1","max-image-preview":"max-image-preview:large","max-video-preview":"max-video-preview:-1"},"canonical":"https:\/\/hundtgroup.com\/sl\/produkt\/bosch-gsr-12-v-15-akumulatorski-vrtalnik-20-ah-kopie-2\/","og_locale":"sl_SI","og_type":"article","og_title":"Bosch GSR 12 V-15 akumulatorski vrtalnik 2,0 Ah (Kopie) - Wilhelm Hundt GmbH","og_description":"Priro\u010den agregat: 169 mm, izjemno kratka zasnova za optimalno upravljanje , zlasti za vrtanje in vija\u010denje nad glavo ter v tesnih prostorih, polno 10 mm vpenjalno dr\u017ealo Auto-Lock, 2-stopenjski menjalnik za mo\u010dan navor pri vrtanju in vija\u010denju.","og_url":"https:\/\/hundtgroup.com\/sl\/produkt\/bosch-gsr-12-v-15-akumulatorski-vrtalnik-20-ah-kopie-2\/","og_site_name":"Wilhelm Hundt GmbH","article_modified_time":"2025-09-19T19:36:40+00:00","og_image":[{"width":816,"height":764,"url":"https:\/\/hundtgroup.com\/wp-content\/uploads\/GSR-12V-32-LA.jpg","type":"image\/jpeg"}],"twitter_card":"summary_large_image","schema":{"@context":"https:\/\/schema.org","@graph":[{"@type":"WebPage","@id":"https:\/\/hundtgroup.com\/sl\/produkt\/bosch-gsr-12-v-15-akumulatorski-vrtalnik-20-ah-kopie-2\/","url":"https:\/\/hundtgroup.com\/sl\/produkt\/bosch-gsr-12-v-15-akumulatorski-vrtalnik-20-ah-kopie-2\/","name":"Bosch GSR 12 V-15 akumulatorski vrtalnik 2,0 Ah (Kopie) - Wilhelm Hundt GmbH","isPartOf":{"@id":"https:\/\/hundtgroup.com\/sl\/#website"},"primaryImageOfPage":{"@id":"https:\/\/hundtgroup.com\/sl\/produkt\/bosch-gsr-12-v-15-akumulatorski-vrtalnik-20-ah-kopie-2\/#primaryimage"},"image":{"@id":"https:\/\/hundtgroup.com\/sl\/produkt\/bosch-gsr-12-v-15-akumulatorski-vrtalnik-20-ah-kopie-2\/#primaryimage"},"thumbnailUrl":"https:\/\/hundtgroup.com\/wp-content\/uploads\/GSR-12V-32-LA.jpg","datePublished":"2025-09-19T19:29:18+00:00","dateModified":"2025-09-19T19:36:40+00:00","breadcrumb":{"@id":"https:\/\/hundtgroup.com\/sl\/produkt\/bosch-gsr-12-v-15-akumulatorski-vrtalnik-20-ah-kopie-2\/#breadcrumb"},"inLanguage":"sl-SI","potentialAction":[{"@type":"ReadAction","target":["https:\/\/hundtgroup.com\/sl\/produkt\/bosch-gsr-12-v-15-akumulatorski-vrtalnik-20-ah-kopie-2\/"]}]},{"@type":"ImageObject","inLanguage":"sl-SI","@id":"https:\/\/hundtgroup.com\/sl\/produkt\/bosch-gsr-12-v-15-akumulatorski-vrtalnik-20-ah-kopie-2\/#primaryimage","url":"https:\/\/hundtgroup.com\/wp-content\/uploads\/GSR-12V-32-LA.jpg","contentUrl":"https:\/\/hundtgroup.com\/wp-content\/uploads\/GSR-12V-32-LA.jpg","width":816,"height":764},{"@type":"BreadcrumbList","@id":"https:\/\/hundtgroup.com\/sl\/produkt\/bosch-gsr-12-v-15-akumulatorski-vrtalnik-20-ah-kopie-2\/#breadcrumb","itemListElement":[{"@type":"ListItem","position":1,"name":"Startseite","item":"https:\/\/hundtgroup.com\/sl\/domov-novo\/"},{"@type":"ListItem","position":2,"name":"Trgovina","item":"https:\/\/hundtgroup.com\/trgovina\/"},{"@type":"ListItem","position":3,"name":"Bosch GSR 12 V-15 akumulatorski vrtalnik 2,0 Ah (Kopie)"}]},{"@type":"WebSite","@id":"https:\/\/hundtgroup.com\/sl\/#website","url":"https:\/\/hundtgroup.com\/sl\/","name":"Wilhelm Hundt GmbH","description":"Va\u0161 specialist za stroje in orodja za obdelavo plo\u010devine","potentialAction":[{"@type":"SearchAction","target":{"@type":"EntryPoint","urlTemplate":"https:\/\/hundtgroup.com\/sl\/?s={search_term_string}"},"query-input":{"@type":"PropertyValueSpecification","valueRequired":true,"valueName":"search_term_string"}}],"inLanguage":"sl-SI"}]}},"_links":{"self":[{"href":"https:\/\/hundtgroup.com\/sl\/wp-json\/wp\/v2\/product\/39692","targetHints":{"allow":["GET"]}}],"collection":[{"href":"https:\/\/hundtgroup.com\/sl\/wp-json\/wp\/v2\/product"}],"about":[{"href":"https:\/\/hundtgroup.com\/sl\/wp-json\/wp\/v2\/types\/product"}],"wp:featuredmedia":[{"embeddable":true,"href":"https:\/\/hundtgroup.com\/sl\/wp-json\/wp\/v2\/media\/39701"}],"wp:attachment":[{"href":"https:\/\/hundtgroup.com\/sl\/wp-json\/wp\/v2\/media?parent=39692"}],"wp:term":[{"taxonomy":"product_cat","embeddable":true,"href":"https:\/\/hundtgroup.com\/sl\/wp-json\/wp\/v2\/product_cat?post=39692"},{"taxonomy":"product_tag","embeddable":true,"href":"https:\/\/hundtgroup.com\/sl\/wp-json\/wp\/v2\/product_tag?post=39692"}],"curies":[{"name":"wp","href":"https:\/\/api.w.org\/{rel}","templated":true}]}}