{"id":40457,"date":"2026-01-28T10:17:39","date_gmt":"2026-01-28T09:17:39","guid":{"rendered":"https:\/\/hundtgroup.com\/produkt\/boschev-akumulatorski-udarni-vrtalnik-exsb18v-150-55-ah-in-80-ah\/"},"modified":"2026-01-28T10:17:39","modified_gmt":"2026-01-28T09:17:39","slug":"boschev-akumulatorski-udarni-vrtalnik-exsb18v-150-55-ah-in-80-ah","status":"publish","type":"product","link":"https:\/\/hundtgroup.com\/sl\/produkt\/boschev-akumulatorski-udarni-vrtalnik-exsb18v-150-55-ah-in-80-ah\/","title":{"rendered":"Boschev akumulatorski udarni vrtalnik EXSB18V-150 5,5 Ah in 8,0 Ah"},"content":{"rendered":"<p>Do 75 % ve\u010dja mo\u010d kot pri GSB 18V-110 C Professional\u00b9<br \/>\nEkstremna mo\u010d: najve\u010dji navor 150 Nm. Navor, idealen za vrtanje v kovino z \u00d8 16 mm, \u017eaganje lukenj v les z \u00d8 150 mm in v zidove z \u00d8 20 mm<br \/>\nBITURBO BRUSHLESS: Visoko zmogljiv motor in pogonski sistem, zasnovan za izjemno mo\u010d baterij EXPERT<br \/>\nNapredna za\u0161\u010dita uporabnika: KickBack Control (vklop\/izklop) zmanj\u0161uje nevarnost po\u0161kodb, saj se izklopi, \u010de se vrtalnik zatakne<br \/>\nElektronsko prepoznavanje kota: Vijake vstavite v nosilce pod nastavljivim kotom in ustvarite robustno konstrukcijo <\/p>\n","protected":false},"excerpt":{"rendered":"<p>Do 75 % ve\u010dja mo\u010d kot pri GSB 18V-110 C Professional\u00b9 Ekstremna mo\u010d: najve\u010dji navor 150 Nm. Navor, idealen za vrtanje v kovino z \u00d8 16 mm, \u017eaganje lukenj v les z \u00d8 150 mm in v zidove z \u00d8 20 mm BITURBO BRUSHLESS: Visoko zmogljiv motor in pogonski sistem, zasnovan za izjemno mo\u010d baterij [&hellip;]<\/p>\n","protected":false},"featured_media":40458,"template":"","meta":{"_acf_changed":false,"inline_featured_image":false},"product_cat":[3258,686],"product_tag":[],"class_list":{"0":"post-40457","1":"product","2":"type-product","3":"status-publish","4":"has-post-thumbnail","6":"brand-bosch-expert","7":"product_cat-udarni-vrtalnik","8":"product_cat-orodja-z-baterijami","10":"first","11":"instock","12":"taxable","13":"shipping-taxable","14":"purchasable","15":"product-type-simple","16":"add-to-wishlist-before_image"},"acf":[],"yoast_head":"<!-- This site is optimized with the Yoast SEO plugin v27.3 - https:\/\/yoast.com\/product\/yoast-seo-wordpress\/ -->\n<title>Boschev akumulatorski udarni vrtalnik EXSB18V-150 5,5 Ah in 8,0 Ah - Wilhelm Hundt GmbH<\/title>\n<meta name=\"robots\" content=\"index, follow, max-snippet:-1, max-image-preview:large, max-video-preview:-1\" \/>\n<link rel=\"canonical\" href=\"https:\/\/hundtgroup.com\/sl\/produkt\/boschev-akumulatorski-udarni-vrtalnik-exsb18v-150-55-ah-in-80-ah\/\" \/>\n<meta property=\"og:locale\" content=\"sl_SI\" \/>\n<meta property=\"og:type\" content=\"article\" \/>\n<meta property=\"og:title\" content=\"Boschev akumulatorski udarni vrtalnik EXSB18V-150 5,5 Ah in 8,0 Ah - Wilhelm Hundt GmbH\" \/>\n<meta property=\"og:description\" content=\"Do 75 % ve\u010dja mo\u010d kot pri GSB 18V-110 C Professional\u00b9 Ekstremna mo\u010d: najve\u010dji navor 150 Nm. Navor, idealen za vrtanje v kovino z \u00d8 16 mm, \u017eaganje lukenj v les z \u00d8 150 mm in v zidove z \u00d8 20 mm BITURBO BRUSHLESS: Visoko zmogljiv motor in pogonski sistem, zasnovan za izjemno mo\u010d baterij [&hellip;]\" \/>\n<meta property=\"og:url\" content=\"https:\/\/hundtgroup.com\/sl\/produkt\/boschev-akumulatorski-udarni-vrtalnik-exsb18v-150-55-ah-in-80-ah\/\" \/>\n<meta property=\"og:site_name\" content=\"Wilhelm Hundt GmbH\" \/>\n<meta property=\"og:image\" content=\"https:\/\/hundtgroup.com\/wp-content\/uploads\/340824.jpg\" \/>\n\t<meta property=\"og:image:width\" content=\"600\" \/>\n\t<meta property=\"og:image:height\" content=\"600\" \/>\n\t<meta property=\"og:image:type\" content=\"image\/jpeg\" \/>\n<meta name=\"twitter:card\" content=\"summary_large_image\" \/>\n<script type=\"application\/ld+json\" class=\"yoast-schema-graph\">{\"@context\":\"https:\\\/\\\/schema.org\",\"@graph\":[{\"@type\":\"WebPage\",\"@id\":\"https:\\\/\\\/hundtgroup.com\\\/sl\\\/produkt\\\/boschev-akumulatorski-udarni-vrtalnik-exsb18v-150-55-ah-in-80-ah\\\/\",\"url\":\"https:\\\/\\\/hundtgroup.com\\\/sl\\\/produkt\\\/boschev-akumulatorski-udarni-vrtalnik-exsb18v-150-55-ah-in-80-ah\\\/\",\"name\":\"Boschev akumulatorski udarni vrtalnik EXSB18V-150 5,5 Ah in 8,0 Ah - Wilhelm Hundt GmbH\",\"isPartOf\":{\"@id\":\"https:\\\/\\\/hundtgroup.com\\\/sl\\\/#website\"},\"primaryImageOfPage\":{\"@id\":\"https:\\\/\\\/hundtgroup.com\\\/sl\\\/produkt\\\/boschev-akumulatorski-udarni-vrtalnik-exsb18v-150-55-ah-in-80-ah\\\/#primaryimage\"},\"image\":{\"@id\":\"https:\\\/\\\/hundtgroup.com\\\/sl\\\/produkt\\\/boschev-akumulatorski-udarni-vrtalnik-exsb18v-150-55-ah-in-80-ah\\\/#primaryimage\"},\"thumbnailUrl\":\"https:\\\/\\\/hundtgroup.com\\\/wp-content\\\/uploads\\\/340824.jpg\",\"datePublished\":\"2026-01-28T09:17:39+00:00\",\"breadcrumb\":{\"@id\":\"https:\\\/\\\/hundtgroup.com\\\/sl\\\/produkt\\\/boschev-akumulatorski-udarni-vrtalnik-exsb18v-150-55-ah-in-80-ah\\\/#breadcrumb\"},\"inLanguage\":\"sl-SI\",\"potentialAction\":[{\"@type\":\"ReadAction\",\"target\":[\"https:\\\/\\\/hundtgroup.com\\\/sl\\\/produkt\\\/boschev-akumulatorski-udarni-vrtalnik-exsb18v-150-55-ah-in-80-ah\\\/\"]}]},{\"@type\":\"ImageObject\",\"inLanguage\":\"sl-SI\",\"@id\":\"https:\\\/\\\/hundtgroup.com\\\/sl\\\/produkt\\\/boschev-akumulatorski-udarni-vrtalnik-exsb18v-150-55-ah-in-80-ah\\\/#primaryimage\",\"url\":\"https:\\\/\\\/hundtgroup.com\\\/wp-content\\\/uploads\\\/340824.jpg\",\"contentUrl\":\"https:\\\/\\\/hundtgroup.com\\\/wp-content\\\/uploads\\\/340824.jpg\",\"width\":600,\"height\":600},{\"@type\":\"BreadcrumbList\",\"@id\":\"https:\\\/\\\/hundtgroup.com\\\/sl\\\/produkt\\\/boschev-akumulatorski-udarni-vrtalnik-exsb18v-150-55-ah-in-80-ah\\\/#breadcrumb\",\"itemListElement\":[{\"@type\":\"ListItem\",\"position\":1,\"name\":\"Startseite\",\"item\":\"https:\\\/\\\/hundtgroup.com\\\/sl\\\/domov-novo\\\/\"},{\"@type\":\"ListItem\",\"position\":2,\"name\":\"Trgovina\",\"item\":\"https:\\\/\\\/hundtgroup.com\\\/trgovina\\\/\"},{\"@type\":\"ListItem\",\"position\":3,\"name\":\"Boschev akumulatorski udarni vrtalnik EXSB18V-150 5,5 Ah in 8,0 Ah\"}]},{\"@type\":\"WebSite\",\"@id\":\"https:\\\/\\\/hundtgroup.com\\\/sl\\\/#website\",\"url\":\"https:\\\/\\\/hundtgroup.com\\\/sl\\\/\",\"name\":\"Wilhelm Hundt GmbH\",\"description\":\"Va\u0161 specialist za stroje in orodja za obdelavo plo\u010devine\",\"potentialAction\":[{\"@type\":\"SearchAction\",\"target\":{\"@type\":\"EntryPoint\",\"urlTemplate\":\"https:\\\/\\\/hundtgroup.com\\\/sl\\\/?s={search_term_string}\"},\"query-input\":{\"@type\":\"PropertyValueSpecification\",\"valueRequired\":true,\"valueName\":\"search_term_string\"}}],\"inLanguage\":\"sl-SI\"}]}<\/script>\n<!-- \/ Yoast SEO plugin. -->","yoast_head_json":{"title":"Boschev akumulatorski udarni vrtalnik EXSB18V-150 5,5 Ah in 8,0 Ah - Wilhelm Hundt GmbH","robots":{"index":"index","follow":"follow","max-snippet":"max-snippet:-1","max-image-preview":"max-image-preview:large","max-video-preview":"max-video-preview:-1"},"canonical":"https:\/\/hundtgroup.com\/sl\/produkt\/boschev-akumulatorski-udarni-vrtalnik-exsb18v-150-55-ah-in-80-ah\/","og_locale":"sl_SI","og_type":"article","og_title":"Boschev akumulatorski udarni vrtalnik EXSB18V-150 5,5 Ah in 8,0 Ah - Wilhelm Hundt GmbH","og_description":"Do 75 % ve\u010dja mo\u010d kot pri GSB 18V-110 C Professional\u00b9 Ekstremna mo\u010d: najve\u010dji navor 150 Nm. Navor, idealen za vrtanje v kovino z \u00d8 16 mm, \u017eaganje lukenj v les z \u00d8 150 mm in v zidove z \u00d8 20 mm BITURBO BRUSHLESS: Visoko zmogljiv motor in pogonski sistem, zasnovan za izjemno mo\u010d baterij [&hellip;]","og_url":"https:\/\/hundtgroup.com\/sl\/produkt\/boschev-akumulatorski-udarni-vrtalnik-exsb18v-150-55-ah-in-80-ah\/","og_site_name":"Wilhelm Hundt GmbH","og_image":[{"width":600,"height":600,"url":"https:\/\/hundtgroup.com\/wp-content\/uploads\/340824.jpg","type":"image\/jpeg"}],"twitter_card":"summary_large_image","schema":{"@context":"https:\/\/schema.org","@graph":[{"@type":"WebPage","@id":"https:\/\/hundtgroup.com\/sl\/produkt\/boschev-akumulatorski-udarni-vrtalnik-exsb18v-150-55-ah-in-80-ah\/","url":"https:\/\/hundtgroup.com\/sl\/produkt\/boschev-akumulatorski-udarni-vrtalnik-exsb18v-150-55-ah-in-80-ah\/","name":"Boschev akumulatorski udarni vrtalnik EXSB18V-150 5,5 Ah in 8,0 Ah - Wilhelm Hundt GmbH","isPartOf":{"@id":"https:\/\/hundtgroup.com\/sl\/#website"},"primaryImageOfPage":{"@id":"https:\/\/hundtgroup.com\/sl\/produkt\/boschev-akumulatorski-udarni-vrtalnik-exsb18v-150-55-ah-in-80-ah\/#primaryimage"},"image":{"@id":"https:\/\/hundtgroup.com\/sl\/produkt\/boschev-akumulatorski-udarni-vrtalnik-exsb18v-150-55-ah-in-80-ah\/#primaryimage"},"thumbnailUrl":"https:\/\/hundtgroup.com\/wp-content\/uploads\/340824.jpg","datePublished":"2026-01-28T09:17:39+00:00","breadcrumb":{"@id":"https:\/\/hundtgroup.com\/sl\/produkt\/boschev-akumulatorski-udarni-vrtalnik-exsb18v-150-55-ah-in-80-ah\/#breadcrumb"},"inLanguage":"sl-SI","potentialAction":[{"@type":"ReadAction","target":["https:\/\/hundtgroup.com\/sl\/produkt\/boschev-akumulatorski-udarni-vrtalnik-exsb18v-150-55-ah-in-80-ah\/"]}]},{"@type":"ImageObject","inLanguage":"sl-SI","@id":"https:\/\/hundtgroup.com\/sl\/produkt\/boschev-akumulatorski-udarni-vrtalnik-exsb18v-150-55-ah-in-80-ah\/#primaryimage","url":"https:\/\/hundtgroup.com\/wp-content\/uploads\/340824.jpg","contentUrl":"https:\/\/hundtgroup.com\/wp-content\/uploads\/340824.jpg","width":600,"height":600},{"@type":"BreadcrumbList","@id":"https:\/\/hundtgroup.com\/sl\/produkt\/boschev-akumulatorski-udarni-vrtalnik-exsb18v-150-55-ah-in-80-ah\/#breadcrumb","itemListElement":[{"@type":"ListItem","position":1,"name":"Startseite","item":"https:\/\/hundtgroup.com\/sl\/domov-novo\/"},{"@type":"ListItem","position":2,"name":"Trgovina","item":"https:\/\/hundtgroup.com\/trgovina\/"},{"@type":"ListItem","position":3,"name":"Boschev akumulatorski udarni vrtalnik EXSB18V-150 5,5 Ah in 8,0 Ah"}]},{"@type":"WebSite","@id":"https:\/\/hundtgroup.com\/sl\/#website","url":"https:\/\/hundtgroup.com\/sl\/","name":"Wilhelm Hundt GmbH","description":"Va\u0161 specialist za stroje in orodja za obdelavo plo\u010devine","potentialAction":[{"@type":"SearchAction","target":{"@type":"EntryPoint","urlTemplate":"https:\/\/hundtgroup.com\/sl\/?s={search_term_string}"},"query-input":{"@type":"PropertyValueSpecification","valueRequired":true,"valueName":"search_term_string"}}],"inLanguage":"sl-SI"}]}},"_links":{"self":[{"href":"https:\/\/hundtgroup.com\/sl\/wp-json\/wp\/v2\/product\/40457","targetHints":{"allow":["GET"]}}],"collection":[{"href":"https:\/\/hundtgroup.com\/sl\/wp-json\/wp\/v2\/product"}],"about":[{"href":"https:\/\/hundtgroup.com\/sl\/wp-json\/wp\/v2\/types\/product"}],"wp:featuredmedia":[{"embeddable":true,"href":"https:\/\/hundtgroup.com\/sl\/wp-json\/wp\/v2\/media\/40458"}],"wp:attachment":[{"href":"https:\/\/hundtgroup.com\/sl\/wp-json\/wp\/v2\/media?parent=40457"}],"wp:term":[{"taxonomy":"product_cat","embeddable":true,"href":"https:\/\/hundtgroup.com\/sl\/wp-json\/wp\/v2\/product_cat?post=40457"},{"taxonomy":"product_tag","embeddable":true,"href":"https:\/\/hundtgroup.com\/sl\/wp-json\/wp\/v2\/product_tag?post=40457"}],"curies":[{"name":"wp","href":"https:\/\/api.w.org\/{rel}","templated":true}]}}