{"id":40521,"date":"2026-01-28T10:17:48","date_gmt":"2026-01-28T09:17:48","guid":{"rendered":"https:\/\/hundtgroup.com\/produkt\/bosch-exws18v-180p-akumulatorski-kotni-brusilnik-solo\/"},"modified":"2026-01-28T10:17:48","modified_gmt":"2026-01-28T09:17:48","slug":"bosch-exws18v-180p-akumulatorski-kotni-brusilnik-solo","status":"publish","type":"product","link":"https:\/\/hundtgroup.com\/sl\/produkt\/bosch-exws18v-180p-akumulatorski-kotni-brusilnik-solo\/","title":{"rendered":"Bosch EXWS18V-180P akumulatorski kotni brusilnik solo"},"content":{"rendered":"<p>Optimalna kombinacija kompaktnosti, globine rezanja in za\u0161\u010dite<br \/>\nZmogljivost ustreza kompaktnosti: globina rezanja 230 mm kotnega brusilnika s kompaktno velikostjo in majhno te\u017eo majhnega kotnega brusilnika<br \/>\nBITURBO BRUSHLESS: Visokozmogljiv motor in pogonski sistem, zasnovan za izjemno mo\u010d baterij EXPERT<br \/>\nNapredna za\u0161\u010dita uporabnika: stikalo PROtection izklopi kotni brusilnik takoj, ko je stikalo spro\u0161\u010deno<br \/>\nNapredna za\u0161\u010dita uporabnika: KickBack Control zmanj\u0161uje nevarnost po\u0161kodb z izklopom, ko je disk blokiran<\/p>\n","protected":false},"excerpt":{"rendered":"<p>Optimalna kombinacija kompaktnosti, globine rezanja in za\u0161\u010dite Zmogljivost ustreza kompaktnosti: globina rezanja 230 mm kotnega brusilnika s kompaktno velikostjo in majhno te\u017eo majhnega kotnega brusilnika BITURBO BRUSHLESS: Visokozmogljiv motor in pogonski sistem, zasnovan za izjemno mo\u010d baterij EXPERT Napredna za\u0161\u010dita uporabnika: stikalo PROtection izklopi kotni brusilnik takoj, ko je stikalo spro\u0161\u010deno Napredna za\u0161\u010dita uporabnika: KickBack [&hellip;]<\/p>\n","protected":false},"featured_media":40522,"template":"","meta":{"_acf_changed":false,"inline_featured_image":false},"product_cat":[686,2124],"product_tag":[],"class_list":{"0":"post-40521","1":"product","2":"type-product","3":"status-publish","4":"has-post-thumbnail","6":"brand-bosch-expert","7":"product_cat-orodja-z-baterijami","8":"product_cat-kotni-brusilnik","10":"first","11":"instock","12":"taxable","13":"shipping-taxable","14":"purchasable","15":"product-type-simple","16":"add-to-wishlist-before_image"},"acf":[],"yoast_head":"<!-- This site is optimized with the Yoast SEO plugin v27.3 - https:\/\/yoast.com\/product\/yoast-seo-wordpress\/ -->\n<title>Bosch EXWS18V-180P akumulatorski kotni brusilnik solo - Wilhelm Hundt GmbH<\/title>\n<meta name=\"robots\" content=\"index, follow, max-snippet:-1, max-image-preview:large, max-video-preview:-1\" \/>\n<link rel=\"canonical\" href=\"https:\/\/hundtgroup.com\/sl\/produkt\/bosch-exws18v-180p-akumulatorski-kotni-brusilnik-solo\/\" \/>\n<meta property=\"og:locale\" content=\"sl_SI\" \/>\n<meta property=\"og:type\" content=\"article\" \/>\n<meta property=\"og:title\" content=\"Bosch EXWS18V-180P akumulatorski kotni brusilnik solo - Wilhelm Hundt GmbH\" \/>\n<meta property=\"og:description\" content=\"Optimalna kombinacija kompaktnosti, globine rezanja in za\u0161\u010dite Zmogljivost ustreza kompaktnosti: globina rezanja 230 mm kotnega brusilnika s kompaktno velikostjo in majhno te\u017eo majhnega kotnega brusilnika BITURBO BRUSHLESS: Visokozmogljiv motor in pogonski sistem, zasnovan za izjemno mo\u010d baterij EXPERT Napredna za\u0161\u010dita uporabnika: stikalo PROtection izklopi kotni brusilnik takoj, ko je stikalo spro\u0161\u010deno Napredna za\u0161\u010dita uporabnika: KickBack [&hellip;]\" \/>\n<meta property=\"og:url\" content=\"https:\/\/hundtgroup.com\/sl\/produkt\/bosch-exws18v-180p-akumulatorski-kotni-brusilnik-solo\/\" \/>\n<meta property=\"og:site_name\" content=\"Wilhelm Hundt GmbH\" \/>\n<meta property=\"og:image\" content=\"https:\/\/hundtgroup.com\/wp-content\/uploads\/340841.jpg\" \/>\n\t<meta property=\"og:image:width\" content=\"600\" \/>\n\t<meta property=\"og:image:height\" content=\"600\" \/>\n\t<meta property=\"og:image:type\" content=\"image\/jpeg\" \/>\n<meta name=\"twitter:card\" content=\"summary_large_image\" \/>\n<script type=\"application\/ld+json\" class=\"yoast-schema-graph\">{\"@context\":\"https:\\\/\\\/schema.org\",\"@graph\":[{\"@type\":\"WebPage\",\"@id\":\"https:\\\/\\\/hundtgroup.com\\\/sl\\\/produkt\\\/bosch-exws18v-180p-akumulatorski-kotni-brusilnik-solo\\\/\",\"url\":\"https:\\\/\\\/hundtgroup.com\\\/sl\\\/produkt\\\/bosch-exws18v-180p-akumulatorski-kotni-brusilnik-solo\\\/\",\"name\":\"Bosch EXWS18V-180P akumulatorski kotni brusilnik solo - Wilhelm Hundt GmbH\",\"isPartOf\":{\"@id\":\"https:\\\/\\\/hundtgroup.com\\\/sl\\\/#website\"},\"primaryImageOfPage\":{\"@id\":\"https:\\\/\\\/hundtgroup.com\\\/sl\\\/produkt\\\/bosch-exws18v-180p-akumulatorski-kotni-brusilnik-solo\\\/#primaryimage\"},\"image\":{\"@id\":\"https:\\\/\\\/hundtgroup.com\\\/sl\\\/produkt\\\/bosch-exws18v-180p-akumulatorski-kotni-brusilnik-solo\\\/#primaryimage\"},\"thumbnailUrl\":\"https:\\\/\\\/hundtgroup.com\\\/wp-content\\\/uploads\\\/340841.jpg\",\"datePublished\":\"2026-01-28T09:17:48+00:00\",\"breadcrumb\":{\"@id\":\"https:\\\/\\\/hundtgroup.com\\\/sl\\\/produkt\\\/bosch-exws18v-180p-akumulatorski-kotni-brusilnik-solo\\\/#breadcrumb\"},\"inLanguage\":\"sl-SI\",\"potentialAction\":[{\"@type\":\"ReadAction\",\"target\":[\"https:\\\/\\\/hundtgroup.com\\\/sl\\\/produkt\\\/bosch-exws18v-180p-akumulatorski-kotni-brusilnik-solo\\\/\"]}]},{\"@type\":\"ImageObject\",\"inLanguage\":\"sl-SI\",\"@id\":\"https:\\\/\\\/hundtgroup.com\\\/sl\\\/produkt\\\/bosch-exws18v-180p-akumulatorski-kotni-brusilnik-solo\\\/#primaryimage\",\"url\":\"https:\\\/\\\/hundtgroup.com\\\/wp-content\\\/uploads\\\/340841.jpg\",\"contentUrl\":\"https:\\\/\\\/hundtgroup.com\\\/wp-content\\\/uploads\\\/340841.jpg\",\"width\":600,\"height\":600},{\"@type\":\"BreadcrumbList\",\"@id\":\"https:\\\/\\\/hundtgroup.com\\\/sl\\\/produkt\\\/bosch-exws18v-180p-akumulatorski-kotni-brusilnik-solo\\\/#breadcrumb\",\"itemListElement\":[{\"@type\":\"ListItem\",\"position\":1,\"name\":\"Startseite\",\"item\":\"https:\\\/\\\/hundtgroup.com\\\/sl\\\/domov-novo\\\/\"},{\"@type\":\"ListItem\",\"position\":2,\"name\":\"Trgovina\",\"item\":\"https:\\\/\\\/hundtgroup.com\\\/trgovina\\\/\"},{\"@type\":\"ListItem\",\"position\":3,\"name\":\"Bosch EXWS18V-180P akumulatorski kotni brusilnik solo\"}]},{\"@type\":\"WebSite\",\"@id\":\"https:\\\/\\\/hundtgroup.com\\\/sl\\\/#website\",\"url\":\"https:\\\/\\\/hundtgroup.com\\\/sl\\\/\",\"name\":\"Wilhelm Hundt GmbH\",\"description\":\"Va\u0161 specialist za stroje in orodja za obdelavo plo\u010devine\",\"potentialAction\":[{\"@type\":\"SearchAction\",\"target\":{\"@type\":\"EntryPoint\",\"urlTemplate\":\"https:\\\/\\\/hundtgroup.com\\\/sl\\\/?s={search_term_string}\"},\"query-input\":{\"@type\":\"PropertyValueSpecification\",\"valueRequired\":true,\"valueName\":\"search_term_string\"}}],\"inLanguage\":\"sl-SI\"}]}<\/script>\n<!-- \/ Yoast SEO plugin. -->","yoast_head_json":{"title":"Bosch EXWS18V-180P akumulatorski kotni brusilnik solo - Wilhelm Hundt GmbH","robots":{"index":"index","follow":"follow","max-snippet":"max-snippet:-1","max-image-preview":"max-image-preview:large","max-video-preview":"max-video-preview:-1"},"canonical":"https:\/\/hundtgroup.com\/sl\/produkt\/bosch-exws18v-180p-akumulatorski-kotni-brusilnik-solo\/","og_locale":"sl_SI","og_type":"article","og_title":"Bosch EXWS18V-180P akumulatorski kotni brusilnik solo - Wilhelm Hundt GmbH","og_description":"Optimalna kombinacija kompaktnosti, globine rezanja in za\u0161\u010dite Zmogljivost ustreza kompaktnosti: globina rezanja 230 mm kotnega brusilnika s kompaktno velikostjo in majhno te\u017eo majhnega kotnega brusilnika BITURBO BRUSHLESS: Visokozmogljiv motor in pogonski sistem, zasnovan za izjemno mo\u010d baterij EXPERT Napredna za\u0161\u010dita uporabnika: stikalo PROtection izklopi kotni brusilnik takoj, ko je stikalo spro\u0161\u010deno Napredna za\u0161\u010dita uporabnika: KickBack [&hellip;]","og_url":"https:\/\/hundtgroup.com\/sl\/produkt\/bosch-exws18v-180p-akumulatorski-kotni-brusilnik-solo\/","og_site_name":"Wilhelm Hundt GmbH","og_image":[{"width":600,"height":600,"url":"https:\/\/hundtgroup.com\/wp-content\/uploads\/340841.jpg","type":"image\/jpeg"}],"twitter_card":"summary_large_image","schema":{"@context":"https:\/\/schema.org","@graph":[{"@type":"WebPage","@id":"https:\/\/hundtgroup.com\/sl\/produkt\/bosch-exws18v-180p-akumulatorski-kotni-brusilnik-solo\/","url":"https:\/\/hundtgroup.com\/sl\/produkt\/bosch-exws18v-180p-akumulatorski-kotni-brusilnik-solo\/","name":"Bosch EXWS18V-180P akumulatorski kotni brusilnik solo - Wilhelm Hundt GmbH","isPartOf":{"@id":"https:\/\/hundtgroup.com\/sl\/#website"},"primaryImageOfPage":{"@id":"https:\/\/hundtgroup.com\/sl\/produkt\/bosch-exws18v-180p-akumulatorski-kotni-brusilnik-solo\/#primaryimage"},"image":{"@id":"https:\/\/hundtgroup.com\/sl\/produkt\/bosch-exws18v-180p-akumulatorski-kotni-brusilnik-solo\/#primaryimage"},"thumbnailUrl":"https:\/\/hundtgroup.com\/wp-content\/uploads\/340841.jpg","datePublished":"2026-01-28T09:17:48+00:00","breadcrumb":{"@id":"https:\/\/hundtgroup.com\/sl\/produkt\/bosch-exws18v-180p-akumulatorski-kotni-brusilnik-solo\/#breadcrumb"},"inLanguage":"sl-SI","potentialAction":[{"@type":"ReadAction","target":["https:\/\/hundtgroup.com\/sl\/produkt\/bosch-exws18v-180p-akumulatorski-kotni-brusilnik-solo\/"]}]},{"@type":"ImageObject","inLanguage":"sl-SI","@id":"https:\/\/hundtgroup.com\/sl\/produkt\/bosch-exws18v-180p-akumulatorski-kotni-brusilnik-solo\/#primaryimage","url":"https:\/\/hundtgroup.com\/wp-content\/uploads\/340841.jpg","contentUrl":"https:\/\/hundtgroup.com\/wp-content\/uploads\/340841.jpg","width":600,"height":600},{"@type":"BreadcrumbList","@id":"https:\/\/hundtgroup.com\/sl\/produkt\/bosch-exws18v-180p-akumulatorski-kotni-brusilnik-solo\/#breadcrumb","itemListElement":[{"@type":"ListItem","position":1,"name":"Startseite","item":"https:\/\/hundtgroup.com\/sl\/domov-novo\/"},{"@type":"ListItem","position":2,"name":"Trgovina","item":"https:\/\/hundtgroup.com\/trgovina\/"},{"@type":"ListItem","position":3,"name":"Bosch EXWS18V-180P akumulatorski kotni brusilnik solo"}]},{"@type":"WebSite","@id":"https:\/\/hundtgroup.com\/sl\/#website","url":"https:\/\/hundtgroup.com\/sl\/","name":"Wilhelm Hundt GmbH","description":"Va\u0161 specialist za stroje in orodja za obdelavo plo\u010devine","potentialAction":[{"@type":"SearchAction","target":{"@type":"EntryPoint","urlTemplate":"https:\/\/hundtgroup.com\/sl\/?s={search_term_string}"},"query-input":{"@type":"PropertyValueSpecification","valueRequired":true,"valueName":"search_term_string"}}],"inLanguage":"sl-SI"}]}},"_links":{"self":[{"href":"https:\/\/hundtgroup.com\/sl\/wp-json\/wp\/v2\/product\/40521","targetHints":{"allow":["GET"]}}],"collection":[{"href":"https:\/\/hundtgroup.com\/sl\/wp-json\/wp\/v2\/product"}],"about":[{"href":"https:\/\/hundtgroup.com\/sl\/wp-json\/wp\/v2\/types\/product"}],"wp:featuredmedia":[{"embeddable":true,"href":"https:\/\/hundtgroup.com\/sl\/wp-json\/wp\/v2\/media\/40522"}],"wp:attachment":[{"href":"https:\/\/hundtgroup.com\/sl\/wp-json\/wp\/v2\/media?parent=40521"}],"wp:term":[{"taxonomy":"product_cat","embeddable":true,"href":"https:\/\/hundtgroup.com\/sl\/wp-json\/wp\/v2\/product_cat?post=40521"},{"taxonomy":"product_tag","embeddable":true,"href":"https:\/\/hundtgroup.com\/sl\/wp-json\/wp\/v2\/product_tag?post=40521"}],"curies":[{"name":"wp","href":"https:\/\/api.w.org\/{rel}","templated":true}]}}