{"id":40844,"date":"2026-01-28T10:17:52","date_gmt":"2026-01-28T09:17:52","guid":{"rendered":"https:\/\/hundtgroup.com\/produkt\/bosch-expert-nadomestna-baterija-2x-40-ah\/"},"modified":"2026-01-28T10:17:52","modified_gmt":"2026-01-28T09:17:52","slug":"bosch-expert-nadomestna-baterija-2x-40-ah","status":"publish","type":"product","link":"https:\/\/hundtgroup.com\/sl\/produkt\/bosch-expert-nadomestna-baterija-2x-40-ah\/","title":{"rendered":"Bosch EXPERT nadomestna baterija 2x 4,0 Ah"},"content":{"rendered":"<p>Do 2-krat ve\u010dja mo\u010d kot pri profesionalni bateriji GBA 18V 4,0Ah\u00b9<br \/>\nVisoka zmogljivost: do 2000 W najve\u010dje mo\u010di za zahtevne aplikacije (interni laboratorijski test, takoj\u0161nja najve\u010dja mo\u010d, popolnoma napolnjena, nova baterija)<br \/>\nZmogljive celice brez jezi\u010dkov: Ni\u017eja notranja upornost za visoko zmogljivost in izjemno gostoto energije<br \/>\nDolga \u017eivljenjska doba: Robustna zasnova, oja\u010dano ohi\u0161je in odli\u010dno toplotno upravljanje s COOLPACK 2.0 in tehnologijo celic brez jezi\u010dkov<br \/>\nEna baterija za vse: Zdru\u017eljiva s sistemom Bosch Professional 18V in zvezo baterij AMPShare razli\u010dnih blagovnih znamk<\/p>\n","protected":false},"excerpt":{"rendered":"<p>Do 2-krat ve\u010dja mo\u010d kot pri profesionalni bateriji GBA 18V 4,0Ah\u00b9 Visoka zmogljivost: do 2000 W najve\u010dje mo\u010di za zahtevne aplikacije (interni laboratorijski test, takoj\u0161nja najve\u010dja mo\u010d, popolnoma napolnjena, nova baterija) Zmogljive celice brez jezi\u010dkov: Ni\u017eja notranja upornost za visoko zmogljivost in izjemno gostoto energije Dolga \u017eivljenjska doba: Robustna zasnova, oja\u010dano ohi\u0161je in odli\u010dno toplotno [&hellip;]<\/p>\n","protected":false},"featured_media":40846,"template":"","meta":{"_acf_changed":false,"inline_featured_image":false},"product_cat":[1963,1971],"product_tag":[],"class_list":{"0":"post-40844","1":"product","2":"type-product","3":"status-publish","4":"has-post-thumbnail","6":"brand-bosch-expert","7":"product_cat-baterijski-elektricni-dodatki","8":"product_cat-baterije","10":"first","11":"instock","12":"taxable","13":"shipping-taxable","14":"purchasable","15":"product-type-simple","16":"add-to-wishlist-before_image"},"acf":[],"yoast_head":"<!-- This site is optimized with the Yoast SEO plugin v27.3 - https:\/\/yoast.com\/product\/yoast-seo-wordpress\/ -->\n<title>Bosch EXPERT nadomestna baterija 2x 4,0 Ah - Wilhelm Hundt GmbH<\/title>\n<meta name=\"robots\" content=\"index, follow, max-snippet:-1, max-image-preview:large, max-video-preview:-1\" \/>\n<link rel=\"canonical\" href=\"https:\/\/hundtgroup.com\/sl\/produkt\/bosch-expert-nadomestna-baterija-2x-40-ah\/\" \/>\n<meta property=\"og:locale\" content=\"sl_SI\" \/>\n<meta property=\"og:type\" content=\"article\" \/>\n<meta property=\"og:title\" content=\"Bosch EXPERT nadomestna baterija 2x 4,0 Ah - Wilhelm Hundt GmbH\" \/>\n<meta property=\"og:description\" content=\"Do 2-krat ve\u010dja mo\u010d kot pri profesionalni bateriji GBA 18V 4,0Ah\u00b9 Visoka zmogljivost: do 2000 W najve\u010dje mo\u010di za zahtevne aplikacije (interni laboratorijski test, takoj\u0161nja najve\u010dja mo\u010d, popolnoma napolnjena, nova baterija) Zmogljive celice brez jezi\u010dkov: Ni\u017eja notranja upornost za visoko zmogljivost in izjemno gostoto energije Dolga \u017eivljenjska doba: Robustna zasnova, oja\u010dano ohi\u0161je in odli\u010dno toplotno [&hellip;]\" \/>\n<meta property=\"og:url\" content=\"https:\/\/hundtgroup.com\/sl\/produkt\/bosch-expert-nadomestna-baterija-2x-40-ah\/\" \/>\n<meta property=\"og:site_name\" content=\"Wilhelm Hundt GmbH\" \/>\n<meta property=\"og:image\" content=\"https:\/\/hundtgroup.com\/wp-content\/uploads\/340857.jpg\" \/>\n\t<meta property=\"og:image:width\" content=\"500\" \/>\n\t<meta property=\"og:image:height\" content=\"500\" \/>\n\t<meta property=\"og:image:type\" content=\"image\/jpeg\" \/>\n<meta name=\"twitter:card\" content=\"summary_large_image\" \/>\n<script type=\"application\/ld+json\" class=\"yoast-schema-graph\">{\"@context\":\"https:\\\/\\\/schema.org\",\"@graph\":[{\"@type\":\"WebPage\",\"@id\":\"https:\\\/\\\/hundtgroup.com\\\/sl\\\/produkt\\\/bosch-expert-nadomestna-baterija-2x-40-ah\\\/\",\"url\":\"https:\\\/\\\/hundtgroup.com\\\/sl\\\/produkt\\\/bosch-expert-nadomestna-baterija-2x-40-ah\\\/\",\"name\":\"Bosch EXPERT nadomestna baterija 2x 4,0 Ah - Wilhelm Hundt GmbH\",\"isPartOf\":{\"@id\":\"https:\\\/\\\/hundtgroup.com\\\/sl\\\/#website\"},\"primaryImageOfPage\":{\"@id\":\"https:\\\/\\\/hundtgroup.com\\\/sl\\\/produkt\\\/bosch-expert-nadomestna-baterija-2x-40-ah\\\/#primaryimage\"},\"image\":{\"@id\":\"https:\\\/\\\/hundtgroup.com\\\/sl\\\/produkt\\\/bosch-expert-nadomestna-baterija-2x-40-ah\\\/#primaryimage\"},\"thumbnailUrl\":\"https:\\\/\\\/hundtgroup.com\\\/wp-content\\\/uploads\\\/340857.jpg\",\"datePublished\":\"2026-01-28T09:17:52+00:00\",\"breadcrumb\":{\"@id\":\"https:\\\/\\\/hundtgroup.com\\\/sl\\\/produkt\\\/bosch-expert-nadomestna-baterija-2x-40-ah\\\/#breadcrumb\"},\"inLanguage\":\"sl-SI\",\"potentialAction\":[{\"@type\":\"ReadAction\",\"target\":[\"https:\\\/\\\/hundtgroup.com\\\/sl\\\/produkt\\\/bosch-expert-nadomestna-baterija-2x-40-ah\\\/\"]}]},{\"@type\":\"ImageObject\",\"inLanguage\":\"sl-SI\",\"@id\":\"https:\\\/\\\/hundtgroup.com\\\/sl\\\/produkt\\\/bosch-expert-nadomestna-baterija-2x-40-ah\\\/#primaryimage\",\"url\":\"https:\\\/\\\/hundtgroup.com\\\/wp-content\\\/uploads\\\/340857.jpg\",\"contentUrl\":\"https:\\\/\\\/hundtgroup.com\\\/wp-content\\\/uploads\\\/340857.jpg\",\"width\":500,\"height\":500},{\"@type\":\"BreadcrumbList\",\"@id\":\"https:\\\/\\\/hundtgroup.com\\\/sl\\\/produkt\\\/bosch-expert-nadomestna-baterija-2x-40-ah\\\/#breadcrumb\",\"itemListElement\":[{\"@type\":\"ListItem\",\"position\":1,\"name\":\"Startseite\",\"item\":\"https:\\\/\\\/hundtgroup.com\\\/sl\\\/domov-novo\\\/\"},{\"@type\":\"ListItem\",\"position\":2,\"name\":\"Trgovina\",\"item\":\"https:\\\/\\\/hundtgroup.com\\\/trgovina\\\/\"},{\"@type\":\"ListItem\",\"position\":3,\"name\":\"Bosch EXPERT nadomestna baterija 2x 4,0 Ah\"}]},{\"@type\":\"WebSite\",\"@id\":\"https:\\\/\\\/hundtgroup.com\\\/sl\\\/#website\",\"url\":\"https:\\\/\\\/hundtgroup.com\\\/sl\\\/\",\"name\":\"Wilhelm Hundt GmbH\",\"description\":\"Va\u0161 specialist za stroje in orodja za obdelavo plo\u010devine\",\"potentialAction\":[{\"@type\":\"SearchAction\",\"target\":{\"@type\":\"EntryPoint\",\"urlTemplate\":\"https:\\\/\\\/hundtgroup.com\\\/sl\\\/?s={search_term_string}\"},\"query-input\":{\"@type\":\"PropertyValueSpecification\",\"valueRequired\":true,\"valueName\":\"search_term_string\"}}],\"inLanguage\":\"sl-SI\"}]}<\/script>\n<!-- \/ Yoast SEO plugin. -->","yoast_head_json":{"title":"Bosch EXPERT nadomestna baterija 2x 4,0 Ah - Wilhelm Hundt GmbH","robots":{"index":"index","follow":"follow","max-snippet":"max-snippet:-1","max-image-preview":"max-image-preview:large","max-video-preview":"max-video-preview:-1"},"canonical":"https:\/\/hundtgroup.com\/sl\/produkt\/bosch-expert-nadomestna-baterija-2x-40-ah\/","og_locale":"sl_SI","og_type":"article","og_title":"Bosch EXPERT nadomestna baterija 2x 4,0 Ah - Wilhelm Hundt GmbH","og_description":"Do 2-krat ve\u010dja mo\u010d kot pri profesionalni bateriji GBA 18V 4,0Ah\u00b9 Visoka zmogljivost: do 2000 W najve\u010dje mo\u010di za zahtevne aplikacije (interni laboratorijski test, takoj\u0161nja najve\u010dja mo\u010d, popolnoma napolnjena, nova baterija) Zmogljive celice brez jezi\u010dkov: Ni\u017eja notranja upornost za visoko zmogljivost in izjemno gostoto energije Dolga \u017eivljenjska doba: Robustna zasnova, oja\u010dano ohi\u0161je in odli\u010dno toplotno [&hellip;]","og_url":"https:\/\/hundtgroup.com\/sl\/produkt\/bosch-expert-nadomestna-baterija-2x-40-ah\/","og_site_name":"Wilhelm Hundt GmbH","og_image":[{"width":500,"height":500,"url":"https:\/\/hundtgroup.com\/wp-content\/uploads\/340857.jpg","type":"image\/jpeg"}],"twitter_card":"summary_large_image","schema":{"@context":"https:\/\/schema.org","@graph":[{"@type":"WebPage","@id":"https:\/\/hundtgroup.com\/sl\/produkt\/bosch-expert-nadomestna-baterija-2x-40-ah\/","url":"https:\/\/hundtgroup.com\/sl\/produkt\/bosch-expert-nadomestna-baterija-2x-40-ah\/","name":"Bosch EXPERT nadomestna baterija 2x 4,0 Ah - Wilhelm Hundt GmbH","isPartOf":{"@id":"https:\/\/hundtgroup.com\/sl\/#website"},"primaryImageOfPage":{"@id":"https:\/\/hundtgroup.com\/sl\/produkt\/bosch-expert-nadomestna-baterija-2x-40-ah\/#primaryimage"},"image":{"@id":"https:\/\/hundtgroup.com\/sl\/produkt\/bosch-expert-nadomestna-baterija-2x-40-ah\/#primaryimage"},"thumbnailUrl":"https:\/\/hundtgroup.com\/wp-content\/uploads\/340857.jpg","datePublished":"2026-01-28T09:17:52+00:00","breadcrumb":{"@id":"https:\/\/hundtgroup.com\/sl\/produkt\/bosch-expert-nadomestna-baterija-2x-40-ah\/#breadcrumb"},"inLanguage":"sl-SI","potentialAction":[{"@type":"ReadAction","target":["https:\/\/hundtgroup.com\/sl\/produkt\/bosch-expert-nadomestna-baterija-2x-40-ah\/"]}]},{"@type":"ImageObject","inLanguage":"sl-SI","@id":"https:\/\/hundtgroup.com\/sl\/produkt\/bosch-expert-nadomestna-baterija-2x-40-ah\/#primaryimage","url":"https:\/\/hundtgroup.com\/wp-content\/uploads\/340857.jpg","contentUrl":"https:\/\/hundtgroup.com\/wp-content\/uploads\/340857.jpg","width":500,"height":500},{"@type":"BreadcrumbList","@id":"https:\/\/hundtgroup.com\/sl\/produkt\/bosch-expert-nadomestna-baterija-2x-40-ah\/#breadcrumb","itemListElement":[{"@type":"ListItem","position":1,"name":"Startseite","item":"https:\/\/hundtgroup.com\/sl\/domov-novo\/"},{"@type":"ListItem","position":2,"name":"Trgovina","item":"https:\/\/hundtgroup.com\/trgovina\/"},{"@type":"ListItem","position":3,"name":"Bosch EXPERT nadomestna baterija 2x 4,0 Ah"}]},{"@type":"WebSite","@id":"https:\/\/hundtgroup.com\/sl\/#website","url":"https:\/\/hundtgroup.com\/sl\/","name":"Wilhelm Hundt GmbH","description":"Va\u0161 specialist za stroje in orodja za obdelavo plo\u010devine","potentialAction":[{"@type":"SearchAction","target":{"@type":"EntryPoint","urlTemplate":"https:\/\/hundtgroup.com\/sl\/?s={search_term_string}"},"query-input":{"@type":"PropertyValueSpecification","valueRequired":true,"valueName":"search_term_string"}}],"inLanguage":"sl-SI"}]}},"_links":{"self":[{"href":"https:\/\/hundtgroup.com\/sl\/wp-json\/wp\/v2\/product\/40844","targetHints":{"allow":["GET"]}}],"collection":[{"href":"https:\/\/hundtgroup.com\/sl\/wp-json\/wp\/v2\/product"}],"about":[{"href":"https:\/\/hundtgroup.com\/sl\/wp-json\/wp\/v2\/types\/product"}],"wp:featuredmedia":[{"embeddable":true,"href":"https:\/\/hundtgroup.com\/sl\/wp-json\/wp\/v2\/media\/40846"}],"wp:attachment":[{"href":"https:\/\/hundtgroup.com\/sl\/wp-json\/wp\/v2\/media?parent=40844"}],"wp:term":[{"taxonomy":"product_cat","embeddable":true,"href":"https:\/\/hundtgroup.com\/sl\/wp-json\/wp\/v2\/product_cat?post=40844"},{"taxonomy":"product_tag","embeddable":true,"href":"https:\/\/hundtgroup.com\/sl\/wp-json\/wp\/v2\/product_tag?post=40844"}],"curies":[{"name":"wp","href":"https:\/\/api.w.org\/{rel}","templated":true}]}}