{"id":40870,"date":"2026-01-28T10:17:44","date_gmt":"2026-01-28T09:17:44","guid":{"rendered":"https:\/\/hundtgroup.com\/produkt\/bosch-exsr18v-90fc-akumulatorski-vrtalnik-2x-40-ah-s-prikljucki\/"},"modified":"2026-01-28T10:17:44","modified_gmt":"2026-01-28T09:17:44","slug":"bosch-exsr18v-90fc-akumulatorski-vrtalnik-2x-40-ah-s-prikljucki","status":"publish","type":"product","link":"https:\/\/hundtgroup.com\/sl\/produkt\/bosch-exsr18v-90fc-akumulatorski-vrtalnik-2x-40-ah-s-prikljucki\/","title":{"rendered":"Bosch EXSR18V-90FC akumulatorski vrtalnik 2x 4,0 Ah s priklju\u010dki"},"content":{"rendered":"<p>Fleksibilnost 6 v 1 zaradi nastavkov za vrtanje in vija\u010denje, ki jih je mogo\u010de enostavno zamenjati<br \/>\nFleksibilnost 6 v 1: Vsestranski sistem, sestavljen iz 18V vrtalnika s sistemom FlexiClick in nastavkov, ki jih je mogo\u010de enostavno zamenjati<br \/>\nSistem FlexiClick: Visokokakovostni nastavki za \u0161irok spekter vrtanja in vija\u010denja v les, kovino in celo beton<br \/>\nPionirska tehnologija: Z edinstvenim nastavkom GFA 18-H se vrtalnik spremeni v vrtalno kladivo SDS plus<br \/>\nOdli\u010dna oprema: Manj balasta in \u0161e vedno odli\u010dno opremljeni za profesionalno delo S sistemom FlexiClick ste odli\u010dno pripravljeni tudi na nepri\u010dakovana presene\u010denja na gradbi\u0161\u010du<\/p>\n","protected":false},"excerpt":{"rendered":"<p>Fleksibilnost 6 v 1 zaradi nastavkov za vrtanje in vija\u010denje, ki jih je mogo\u010de enostavno zamenjati Fleksibilnost 6 v 1: Vsestranski sistem, sestavljen iz 18V vrtalnika s sistemom FlexiClick in nastavkov, ki jih je mogo\u010de enostavno zamenjati Sistem FlexiClick: Visokokakovostni nastavki za \u0161irok spekter vrtanja in vija\u010denja v les, kovino in celo beton Pionirska tehnologija: [&hellip;]<\/p>\n","protected":false},"featured_media":40872,"template":"","meta":{"_acf_changed":false,"inline_featured_image":false},"product_cat":[686,2043],"product_tag":[],"class_list":{"0":"post-40870","1":"product","2":"type-product","3":"status-publish","4":"has-post-thumbnail","6":"brand-bosch-expert","7":"product_cat-orodja-z-baterijami","8":"product_cat-vrtalnik","10":"first","11":"instock","12":"taxable","13":"shipping-taxable","14":"purchasable","15":"product-type-simple","16":"add-to-wishlist-before_image"},"acf":[],"yoast_head":"<!-- This site is optimized with the Yoast SEO plugin v27.3 - https:\/\/yoast.com\/product\/yoast-seo-wordpress\/ -->\n<title>Bosch EXSR18V-90FC akumulatorski vrtalnik 2x 4,0 Ah s priklju\u010dki - Wilhelm Hundt GmbH<\/title>\n<meta name=\"robots\" content=\"index, follow, max-snippet:-1, max-image-preview:large, max-video-preview:-1\" \/>\n<link rel=\"canonical\" href=\"https:\/\/hundtgroup.com\/sl\/produkt\/bosch-exsr18v-90fc-akumulatorski-vrtalnik-2x-40-ah-s-prikljucki\/\" \/>\n<meta property=\"og:locale\" content=\"sl_SI\" \/>\n<meta property=\"og:type\" content=\"article\" \/>\n<meta property=\"og:title\" content=\"Bosch EXSR18V-90FC akumulatorski vrtalnik 2x 4,0 Ah s priklju\u010dki - Wilhelm Hundt GmbH\" \/>\n<meta property=\"og:description\" content=\"Fleksibilnost 6 v 1 zaradi nastavkov za vrtanje in vija\u010denje, ki jih je mogo\u010de enostavno zamenjati Fleksibilnost 6 v 1: Vsestranski sistem, sestavljen iz 18V vrtalnika s sistemom FlexiClick in nastavkov, ki jih je mogo\u010de enostavno zamenjati Sistem FlexiClick: Visokokakovostni nastavki za \u0161irok spekter vrtanja in vija\u010denja v les, kovino in celo beton Pionirska tehnologija: [&hellip;]\" \/>\n<meta property=\"og:url\" content=\"https:\/\/hundtgroup.com\/sl\/produkt\/bosch-exsr18v-90fc-akumulatorski-vrtalnik-2x-40-ah-s-prikljucki\/\" \/>\n<meta property=\"og:site_name\" content=\"Wilhelm Hundt GmbH\" \/>\n<meta property=\"og:image\" content=\"https:\/\/hundtgroup.com\/wp-content\/uploads\/340834.jpg\" \/>\n\t<meta property=\"og:image:width\" content=\"600\" \/>\n\t<meta property=\"og:image:height\" content=\"600\" \/>\n\t<meta property=\"og:image:type\" content=\"image\/jpeg\" \/>\n<meta name=\"twitter:card\" content=\"summary_large_image\" \/>\n<script type=\"application\/ld+json\" class=\"yoast-schema-graph\">{\"@context\":\"https:\\\/\\\/schema.org\",\"@graph\":[{\"@type\":\"WebPage\",\"@id\":\"https:\\\/\\\/hundtgroup.com\\\/sl\\\/produkt\\\/bosch-exsr18v-90fc-akumulatorski-vrtalnik-2x-40-ah-s-prikljucki\\\/\",\"url\":\"https:\\\/\\\/hundtgroup.com\\\/sl\\\/produkt\\\/bosch-exsr18v-90fc-akumulatorski-vrtalnik-2x-40-ah-s-prikljucki\\\/\",\"name\":\"Bosch EXSR18V-90FC akumulatorski vrtalnik 2x 4,0 Ah s priklju\u010dki - Wilhelm Hundt GmbH\",\"isPartOf\":{\"@id\":\"https:\\\/\\\/hundtgroup.com\\\/sl\\\/#website\"},\"primaryImageOfPage\":{\"@id\":\"https:\\\/\\\/hundtgroup.com\\\/sl\\\/produkt\\\/bosch-exsr18v-90fc-akumulatorski-vrtalnik-2x-40-ah-s-prikljucki\\\/#primaryimage\"},\"image\":{\"@id\":\"https:\\\/\\\/hundtgroup.com\\\/sl\\\/produkt\\\/bosch-exsr18v-90fc-akumulatorski-vrtalnik-2x-40-ah-s-prikljucki\\\/#primaryimage\"},\"thumbnailUrl\":\"https:\\\/\\\/hundtgroup.com\\\/wp-content\\\/uploads\\\/340834.jpg\",\"datePublished\":\"2026-01-28T09:17:44+00:00\",\"breadcrumb\":{\"@id\":\"https:\\\/\\\/hundtgroup.com\\\/sl\\\/produkt\\\/bosch-exsr18v-90fc-akumulatorski-vrtalnik-2x-40-ah-s-prikljucki\\\/#breadcrumb\"},\"inLanguage\":\"sl-SI\",\"potentialAction\":[{\"@type\":\"ReadAction\",\"target\":[\"https:\\\/\\\/hundtgroup.com\\\/sl\\\/produkt\\\/bosch-exsr18v-90fc-akumulatorski-vrtalnik-2x-40-ah-s-prikljucki\\\/\"]}]},{\"@type\":\"ImageObject\",\"inLanguage\":\"sl-SI\",\"@id\":\"https:\\\/\\\/hundtgroup.com\\\/sl\\\/produkt\\\/bosch-exsr18v-90fc-akumulatorski-vrtalnik-2x-40-ah-s-prikljucki\\\/#primaryimage\",\"url\":\"https:\\\/\\\/hundtgroup.com\\\/wp-content\\\/uploads\\\/340834.jpg\",\"contentUrl\":\"https:\\\/\\\/hundtgroup.com\\\/wp-content\\\/uploads\\\/340834.jpg\",\"width\":600,\"height\":600},{\"@type\":\"BreadcrumbList\",\"@id\":\"https:\\\/\\\/hundtgroup.com\\\/sl\\\/produkt\\\/bosch-exsr18v-90fc-akumulatorski-vrtalnik-2x-40-ah-s-prikljucki\\\/#breadcrumb\",\"itemListElement\":[{\"@type\":\"ListItem\",\"position\":1,\"name\":\"Startseite\",\"item\":\"https:\\\/\\\/hundtgroup.com\\\/sl\\\/domov-novo\\\/\"},{\"@type\":\"ListItem\",\"position\":2,\"name\":\"Trgovina\",\"item\":\"https:\\\/\\\/hundtgroup.com\\\/trgovina\\\/\"},{\"@type\":\"ListItem\",\"position\":3,\"name\":\"Bosch EXSR18V-90FC akumulatorski vrtalnik 2x 4,0 Ah s priklju\u010dki\"}]},{\"@type\":\"WebSite\",\"@id\":\"https:\\\/\\\/hundtgroup.com\\\/sl\\\/#website\",\"url\":\"https:\\\/\\\/hundtgroup.com\\\/sl\\\/\",\"name\":\"Wilhelm Hundt GmbH\",\"description\":\"Va\u0161 specialist za stroje in orodja za obdelavo plo\u010devine\",\"potentialAction\":[{\"@type\":\"SearchAction\",\"target\":{\"@type\":\"EntryPoint\",\"urlTemplate\":\"https:\\\/\\\/hundtgroup.com\\\/sl\\\/?s={search_term_string}\"},\"query-input\":{\"@type\":\"PropertyValueSpecification\",\"valueRequired\":true,\"valueName\":\"search_term_string\"}}],\"inLanguage\":\"sl-SI\"}]}<\/script>\n<!-- \/ Yoast SEO plugin. -->","yoast_head_json":{"title":"Bosch EXSR18V-90FC akumulatorski vrtalnik 2x 4,0 Ah s priklju\u010dki - Wilhelm Hundt GmbH","robots":{"index":"index","follow":"follow","max-snippet":"max-snippet:-1","max-image-preview":"max-image-preview:large","max-video-preview":"max-video-preview:-1"},"canonical":"https:\/\/hundtgroup.com\/sl\/produkt\/bosch-exsr18v-90fc-akumulatorski-vrtalnik-2x-40-ah-s-prikljucki\/","og_locale":"sl_SI","og_type":"article","og_title":"Bosch EXSR18V-90FC akumulatorski vrtalnik 2x 4,0 Ah s priklju\u010dki - Wilhelm Hundt GmbH","og_description":"Fleksibilnost 6 v 1 zaradi nastavkov za vrtanje in vija\u010denje, ki jih je mogo\u010de enostavno zamenjati Fleksibilnost 6 v 1: Vsestranski sistem, sestavljen iz 18V vrtalnika s sistemom FlexiClick in nastavkov, ki jih je mogo\u010de enostavno zamenjati Sistem FlexiClick: Visokokakovostni nastavki za \u0161irok spekter vrtanja in vija\u010denja v les, kovino in celo beton Pionirska tehnologija: [&hellip;]","og_url":"https:\/\/hundtgroup.com\/sl\/produkt\/bosch-exsr18v-90fc-akumulatorski-vrtalnik-2x-40-ah-s-prikljucki\/","og_site_name":"Wilhelm Hundt GmbH","og_image":[{"width":600,"height":600,"url":"https:\/\/hundtgroup.com\/wp-content\/uploads\/340834.jpg","type":"image\/jpeg"}],"twitter_card":"summary_large_image","schema":{"@context":"https:\/\/schema.org","@graph":[{"@type":"WebPage","@id":"https:\/\/hundtgroup.com\/sl\/produkt\/bosch-exsr18v-90fc-akumulatorski-vrtalnik-2x-40-ah-s-prikljucki\/","url":"https:\/\/hundtgroup.com\/sl\/produkt\/bosch-exsr18v-90fc-akumulatorski-vrtalnik-2x-40-ah-s-prikljucki\/","name":"Bosch EXSR18V-90FC akumulatorski vrtalnik 2x 4,0 Ah s priklju\u010dki - Wilhelm Hundt GmbH","isPartOf":{"@id":"https:\/\/hundtgroup.com\/sl\/#website"},"primaryImageOfPage":{"@id":"https:\/\/hundtgroup.com\/sl\/produkt\/bosch-exsr18v-90fc-akumulatorski-vrtalnik-2x-40-ah-s-prikljucki\/#primaryimage"},"image":{"@id":"https:\/\/hundtgroup.com\/sl\/produkt\/bosch-exsr18v-90fc-akumulatorski-vrtalnik-2x-40-ah-s-prikljucki\/#primaryimage"},"thumbnailUrl":"https:\/\/hundtgroup.com\/wp-content\/uploads\/340834.jpg","datePublished":"2026-01-28T09:17:44+00:00","breadcrumb":{"@id":"https:\/\/hundtgroup.com\/sl\/produkt\/bosch-exsr18v-90fc-akumulatorski-vrtalnik-2x-40-ah-s-prikljucki\/#breadcrumb"},"inLanguage":"sl-SI","potentialAction":[{"@type":"ReadAction","target":["https:\/\/hundtgroup.com\/sl\/produkt\/bosch-exsr18v-90fc-akumulatorski-vrtalnik-2x-40-ah-s-prikljucki\/"]}]},{"@type":"ImageObject","inLanguage":"sl-SI","@id":"https:\/\/hundtgroup.com\/sl\/produkt\/bosch-exsr18v-90fc-akumulatorski-vrtalnik-2x-40-ah-s-prikljucki\/#primaryimage","url":"https:\/\/hundtgroup.com\/wp-content\/uploads\/340834.jpg","contentUrl":"https:\/\/hundtgroup.com\/wp-content\/uploads\/340834.jpg","width":600,"height":600},{"@type":"BreadcrumbList","@id":"https:\/\/hundtgroup.com\/sl\/produkt\/bosch-exsr18v-90fc-akumulatorski-vrtalnik-2x-40-ah-s-prikljucki\/#breadcrumb","itemListElement":[{"@type":"ListItem","position":1,"name":"Startseite","item":"https:\/\/hundtgroup.com\/sl\/domov-novo\/"},{"@type":"ListItem","position":2,"name":"Trgovina","item":"https:\/\/hundtgroup.com\/trgovina\/"},{"@type":"ListItem","position":3,"name":"Bosch EXSR18V-90FC akumulatorski vrtalnik 2x 4,0 Ah s priklju\u010dki"}]},{"@type":"WebSite","@id":"https:\/\/hundtgroup.com\/sl\/#website","url":"https:\/\/hundtgroup.com\/sl\/","name":"Wilhelm Hundt GmbH","description":"Va\u0161 specialist za stroje in orodja za obdelavo plo\u010devine","potentialAction":[{"@type":"SearchAction","target":{"@type":"EntryPoint","urlTemplate":"https:\/\/hundtgroup.com\/sl\/?s={search_term_string}"},"query-input":{"@type":"PropertyValueSpecification","valueRequired":true,"valueName":"search_term_string"}}],"inLanguage":"sl-SI"}]}},"_links":{"self":[{"href":"https:\/\/hundtgroup.com\/sl\/wp-json\/wp\/v2\/product\/40870","targetHints":{"allow":["GET"]}}],"collection":[{"href":"https:\/\/hundtgroup.com\/sl\/wp-json\/wp\/v2\/product"}],"about":[{"href":"https:\/\/hundtgroup.com\/sl\/wp-json\/wp\/v2\/types\/product"}],"wp:featuredmedia":[{"embeddable":true,"href":"https:\/\/hundtgroup.com\/sl\/wp-json\/wp\/v2\/media\/40872"}],"wp:attachment":[{"href":"https:\/\/hundtgroup.com\/sl\/wp-json\/wp\/v2\/media?parent=40870"}],"wp:term":[{"taxonomy":"product_cat","embeddable":true,"href":"https:\/\/hundtgroup.com\/sl\/wp-json\/wp\/v2\/product_cat?post=40870"},{"taxonomy":"product_tag","embeddable":true,"href":"https:\/\/hundtgroup.com\/sl\/wp-json\/wp\/v2\/product_tag?post=40870"}],"curies":[{"name":"wp","href":"https:\/\/api.w.org\/{rel}","templated":true}]}}