{"id":40991,"date":"2026-01-28T10:17:52","date_gmt":"2026-01-28T09:17:52","guid":{"rendered":"https:\/\/hundtgroup.com\/produkt\/bosch-exwx18v-15s-akumulatorski-kotni-brusilnik-solo\/"},"modified":"2026-01-28T10:17:52","modified_gmt":"2026-01-28T09:17:52","slug":"bosch-exwx18v-15s-akumulatorski-kotni-brusilnik-solo","status":"publish","type":"product","link":"https:\/\/hundtgroup.com\/sl\/produkt\/bosch-exwx18v-15s-akumulatorski-kotni-brusilnik-solo\/","title":{"rendered":"Bosch EXWX18V-15S akumulatorski kotni brusilnik solo"},"content":{"rendered":"<p>Do 65 % ve\u010d mo\u010di kot pri profesionalnem orodju GWX 18V-8?\u00b9<br \/>\nIzjemna zmogljivost: Enakovredna mo\u010di 1500 W \u017ei\u010dnega orodja<br \/>\nBITURBO BRUSHLESS: Visoko zmogljiv motor, zasnovan za izjemno mo\u010d baterij EXPERT<br \/>\nNapredna za\u0161\u010dita uporabnika: KickBack Control zmanj\u0161uje nevarnost po\u0161kodb v primeru blokade diska<br \/>\nX-LOCK: Hitra in priro\u010dna menjava dodatkov s sistemom X-LOCK click brez orodja<\/p>\n","protected":false},"excerpt":{"rendered":"<p>Do 65 % ve\u010d mo\u010di kot pri profesionalnem orodju GWX 18V-8?\u00b9 Izjemna zmogljivost: Enakovredna mo\u010di 1500 W \u017ei\u010dnega orodja BITURBO BRUSHLESS: Visoko zmogljiv motor, zasnovan za izjemno mo\u010d baterij EXPERT Napredna za\u0161\u010dita uporabnika: KickBack Control zmanj\u0161uje nevarnost po\u0161kodb v primeru blokade diska X-LOCK: Hitra in priro\u010dna menjava dodatkov s sistemom X-LOCK click brez orodja<\/p>\n","protected":false},"featured_media":40992,"template":"","meta":{"_acf_changed":false,"inline_featured_image":false},"product_cat":[686,2124],"product_tag":[],"class_list":{"0":"post-40991","1":"product","2":"type-product","3":"status-publish","4":"has-post-thumbnail","6":"brand-bosch-expert","7":"product_cat-orodja-z-baterijami","8":"product_cat-kotni-brusilnik","10":"first","11":"instock","12":"taxable","13":"shipping-taxable","14":"purchasable","15":"product-type-simple","16":"add-to-wishlist-before_image"},"acf":[],"yoast_head":"<!-- This site is optimized with the Yoast SEO plugin v27.3 - https:\/\/yoast.com\/product\/yoast-seo-wordpress\/ -->\n<title>Bosch EXWX18V-15S akumulatorski kotni brusilnik solo - Wilhelm Hundt GmbH<\/title>\n<meta name=\"robots\" content=\"index, follow, max-snippet:-1, max-image-preview:large, max-video-preview:-1\" \/>\n<link rel=\"canonical\" href=\"https:\/\/hundtgroup.com\/sl\/produkt\/bosch-exwx18v-15s-akumulatorski-kotni-brusilnik-solo\/\" \/>\n<meta property=\"og:locale\" content=\"sl_SI\" \/>\n<meta property=\"og:type\" content=\"article\" \/>\n<meta property=\"og:title\" content=\"Bosch EXWX18V-15S akumulatorski kotni brusilnik solo - Wilhelm Hundt GmbH\" \/>\n<meta property=\"og:description\" content=\"Do 65 % ve\u010d mo\u010di kot pri profesionalnem orodju GWX 18V-8?\u00b9 Izjemna zmogljivost: Enakovredna mo\u010di 1500 W \u017ei\u010dnega orodja BITURBO BRUSHLESS: Visoko zmogljiv motor, zasnovan za izjemno mo\u010d baterij EXPERT Napredna za\u0161\u010dita uporabnika: KickBack Control zmanj\u0161uje nevarnost po\u0161kodb v primeru blokade diska X-LOCK: Hitra in priro\u010dna menjava dodatkov s sistemom X-LOCK click brez orodja\" \/>\n<meta property=\"og:url\" content=\"https:\/\/hundtgroup.com\/sl\/produkt\/bosch-exwx18v-15s-akumulatorski-kotni-brusilnik-solo\/\" \/>\n<meta property=\"og:site_name\" content=\"Wilhelm Hundt GmbH\" \/>\n<meta property=\"og:image\" content=\"https:\/\/hundtgroup.com\/wp-content\/uploads\/340850.jpg\" \/>\n\t<meta property=\"og:image:width\" content=\"600\" \/>\n\t<meta property=\"og:image:height\" content=\"600\" \/>\n\t<meta property=\"og:image:type\" content=\"image\/jpeg\" \/>\n<meta name=\"twitter:card\" content=\"summary_large_image\" \/>\n<script type=\"application\/ld+json\" class=\"yoast-schema-graph\">{\"@context\":\"https:\\\/\\\/schema.org\",\"@graph\":[{\"@type\":\"WebPage\",\"@id\":\"https:\\\/\\\/hundtgroup.com\\\/sl\\\/produkt\\\/bosch-exwx18v-15s-akumulatorski-kotni-brusilnik-solo\\\/\",\"url\":\"https:\\\/\\\/hundtgroup.com\\\/sl\\\/produkt\\\/bosch-exwx18v-15s-akumulatorski-kotni-brusilnik-solo\\\/\",\"name\":\"Bosch EXWX18V-15S akumulatorski kotni brusilnik solo - Wilhelm Hundt GmbH\",\"isPartOf\":{\"@id\":\"https:\\\/\\\/hundtgroup.com\\\/sl\\\/#website\"},\"primaryImageOfPage\":{\"@id\":\"https:\\\/\\\/hundtgroup.com\\\/sl\\\/produkt\\\/bosch-exwx18v-15s-akumulatorski-kotni-brusilnik-solo\\\/#primaryimage\"},\"image\":{\"@id\":\"https:\\\/\\\/hundtgroup.com\\\/sl\\\/produkt\\\/bosch-exwx18v-15s-akumulatorski-kotni-brusilnik-solo\\\/#primaryimage\"},\"thumbnailUrl\":\"https:\\\/\\\/hundtgroup.com\\\/wp-content\\\/uploads\\\/340850.jpg\",\"datePublished\":\"2026-01-28T09:17:52+00:00\",\"breadcrumb\":{\"@id\":\"https:\\\/\\\/hundtgroup.com\\\/sl\\\/produkt\\\/bosch-exwx18v-15s-akumulatorski-kotni-brusilnik-solo\\\/#breadcrumb\"},\"inLanguage\":\"sl-SI\",\"potentialAction\":[{\"@type\":\"ReadAction\",\"target\":[\"https:\\\/\\\/hundtgroup.com\\\/sl\\\/produkt\\\/bosch-exwx18v-15s-akumulatorski-kotni-brusilnik-solo\\\/\"]}]},{\"@type\":\"ImageObject\",\"inLanguage\":\"sl-SI\",\"@id\":\"https:\\\/\\\/hundtgroup.com\\\/sl\\\/produkt\\\/bosch-exwx18v-15s-akumulatorski-kotni-brusilnik-solo\\\/#primaryimage\",\"url\":\"https:\\\/\\\/hundtgroup.com\\\/wp-content\\\/uploads\\\/340850.jpg\",\"contentUrl\":\"https:\\\/\\\/hundtgroup.com\\\/wp-content\\\/uploads\\\/340850.jpg\",\"width\":600,\"height\":600},{\"@type\":\"BreadcrumbList\",\"@id\":\"https:\\\/\\\/hundtgroup.com\\\/sl\\\/produkt\\\/bosch-exwx18v-15s-akumulatorski-kotni-brusilnik-solo\\\/#breadcrumb\",\"itemListElement\":[{\"@type\":\"ListItem\",\"position\":1,\"name\":\"Startseite\",\"item\":\"https:\\\/\\\/hundtgroup.com\\\/sl\\\/domov-novo\\\/\"},{\"@type\":\"ListItem\",\"position\":2,\"name\":\"Trgovina\",\"item\":\"https:\\\/\\\/hundtgroup.com\\\/trgovina\\\/\"},{\"@type\":\"ListItem\",\"position\":3,\"name\":\"Bosch EXWX18V-15S akumulatorski kotni brusilnik solo\"}]},{\"@type\":\"WebSite\",\"@id\":\"https:\\\/\\\/hundtgroup.com\\\/sl\\\/#website\",\"url\":\"https:\\\/\\\/hundtgroup.com\\\/sl\\\/\",\"name\":\"Wilhelm Hundt GmbH\",\"description\":\"Va\u0161 specialist za stroje in orodja za obdelavo plo\u010devine\",\"potentialAction\":[{\"@type\":\"SearchAction\",\"target\":{\"@type\":\"EntryPoint\",\"urlTemplate\":\"https:\\\/\\\/hundtgroup.com\\\/sl\\\/?s={search_term_string}\"},\"query-input\":{\"@type\":\"PropertyValueSpecification\",\"valueRequired\":true,\"valueName\":\"search_term_string\"}}],\"inLanguage\":\"sl-SI\"}]}<\/script>\n<!-- \/ Yoast SEO plugin. -->","yoast_head_json":{"title":"Bosch EXWX18V-15S akumulatorski kotni brusilnik solo - Wilhelm Hundt GmbH","robots":{"index":"index","follow":"follow","max-snippet":"max-snippet:-1","max-image-preview":"max-image-preview:large","max-video-preview":"max-video-preview:-1"},"canonical":"https:\/\/hundtgroup.com\/sl\/produkt\/bosch-exwx18v-15s-akumulatorski-kotni-brusilnik-solo\/","og_locale":"sl_SI","og_type":"article","og_title":"Bosch EXWX18V-15S akumulatorski kotni brusilnik solo - Wilhelm Hundt GmbH","og_description":"Do 65 % ve\u010d mo\u010di kot pri profesionalnem orodju GWX 18V-8?\u00b9 Izjemna zmogljivost: Enakovredna mo\u010di 1500 W \u017ei\u010dnega orodja BITURBO BRUSHLESS: Visoko zmogljiv motor, zasnovan za izjemno mo\u010d baterij EXPERT Napredna za\u0161\u010dita uporabnika: KickBack Control zmanj\u0161uje nevarnost po\u0161kodb v primeru blokade diska X-LOCK: Hitra in priro\u010dna menjava dodatkov s sistemom X-LOCK click brez orodja","og_url":"https:\/\/hundtgroup.com\/sl\/produkt\/bosch-exwx18v-15s-akumulatorski-kotni-brusilnik-solo\/","og_site_name":"Wilhelm Hundt GmbH","og_image":[{"width":600,"height":600,"url":"https:\/\/hundtgroup.com\/wp-content\/uploads\/340850.jpg","type":"image\/jpeg"}],"twitter_card":"summary_large_image","schema":{"@context":"https:\/\/schema.org","@graph":[{"@type":"WebPage","@id":"https:\/\/hundtgroup.com\/sl\/produkt\/bosch-exwx18v-15s-akumulatorski-kotni-brusilnik-solo\/","url":"https:\/\/hundtgroup.com\/sl\/produkt\/bosch-exwx18v-15s-akumulatorski-kotni-brusilnik-solo\/","name":"Bosch EXWX18V-15S akumulatorski kotni brusilnik solo - Wilhelm Hundt GmbH","isPartOf":{"@id":"https:\/\/hundtgroup.com\/sl\/#website"},"primaryImageOfPage":{"@id":"https:\/\/hundtgroup.com\/sl\/produkt\/bosch-exwx18v-15s-akumulatorski-kotni-brusilnik-solo\/#primaryimage"},"image":{"@id":"https:\/\/hundtgroup.com\/sl\/produkt\/bosch-exwx18v-15s-akumulatorski-kotni-brusilnik-solo\/#primaryimage"},"thumbnailUrl":"https:\/\/hundtgroup.com\/wp-content\/uploads\/340850.jpg","datePublished":"2026-01-28T09:17:52+00:00","breadcrumb":{"@id":"https:\/\/hundtgroup.com\/sl\/produkt\/bosch-exwx18v-15s-akumulatorski-kotni-brusilnik-solo\/#breadcrumb"},"inLanguage":"sl-SI","potentialAction":[{"@type":"ReadAction","target":["https:\/\/hundtgroup.com\/sl\/produkt\/bosch-exwx18v-15s-akumulatorski-kotni-brusilnik-solo\/"]}]},{"@type":"ImageObject","inLanguage":"sl-SI","@id":"https:\/\/hundtgroup.com\/sl\/produkt\/bosch-exwx18v-15s-akumulatorski-kotni-brusilnik-solo\/#primaryimage","url":"https:\/\/hundtgroup.com\/wp-content\/uploads\/340850.jpg","contentUrl":"https:\/\/hundtgroup.com\/wp-content\/uploads\/340850.jpg","width":600,"height":600},{"@type":"BreadcrumbList","@id":"https:\/\/hundtgroup.com\/sl\/produkt\/bosch-exwx18v-15s-akumulatorski-kotni-brusilnik-solo\/#breadcrumb","itemListElement":[{"@type":"ListItem","position":1,"name":"Startseite","item":"https:\/\/hundtgroup.com\/sl\/domov-novo\/"},{"@type":"ListItem","position":2,"name":"Trgovina","item":"https:\/\/hundtgroup.com\/trgovina\/"},{"@type":"ListItem","position":3,"name":"Bosch EXWX18V-15S akumulatorski kotni brusilnik solo"}]},{"@type":"WebSite","@id":"https:\/\/hundtgroup.com\/sl\/#website","url":"https:\/\/hundtgroup.com\/sl\/","name":"Wilhelm Hundt GmbH","description":"Va\u0161 specialist za stroje in orodja za obdelavo plo\u010devine","potentialAction":[{"@type":"SearchAction","target":{"@type":"EntryPoint","urlTemplate":"https:\/\/hundtgroup.com\/sl\/?s={search_term_string}"},"query-input":{"@type":"PropertyValueSpecification","valueRequired":true,"valueName":"search_term_string"}}],"inLanguage":"sl-SI"}]}},"_links":{"self":[{"href":"https:\/\/hundtgroup.com\/sl\/wp-json\/wp\/v2\/product\/40991","targetHints":{"allow":["GET"]}}],"collection":[{"href":"https:\/\/hundtgroup.com\/sl\/wp-json\/wp\/v2\/product"}],"about":[{"href":"https:\/\/hundtgroup.com\/sl\/wp-json\/wp\/v2\/types\/product"}],"wp:featuredmedia":[{"embeddable":true,"href":"https:\/\/hundtgroup.com\/sl\/wp-json\/wp\/v2\/media\/40992"}],"wp:attachment":[{"href":"https:\/\/hundtgroup.com\/sl\/wp-json\/wp\/v2\/media?parent=40991"}],"wp:term":[{"taxonomy":"product_cat","embeddable":true,"href":"https:\/\/hundtgroup.com\/sl\/wp-json\/wp\/v2\/product_cat?post=40991"},{"taxonomy":"product_tag","embeddable":true,"href":"https:\/\/hundtgroup.com\/sl\/wp-json\/wp\/v2\/product_tag?post=40991"}],"curies":[{"name":"wp","href":"https:\/\/api.w.org\/{rel}","templated":true}]}}