{"id":41495,"date":"2026-01-28T10:17:35","date_gmt":"2026-01-28T09:17:35","guid":{"rendered":"https:\/\/hundtgroup.com\/produkt\/bosch-exdb18v2-180-akumulatorski-diamantni-vrtalnik-solo\/"},"modified":"2026-01-28T10:17:35","modified_gmt":"2026-01-28T09:17:35","slug":"bosch-exdb18v2-180-akumulatorski-diamantni-vrtalnik-solo","status":"publish","type":"product","link":"https:\/\/hundtgroup.com\/sl\/produkt\/bosch-exdb18v2-180-akumulatorski-diamantni-vrtalnik-solo\/","title":{"rendered":"Bosch EXDB18V2-180 akumulatorski diamantni vrtalnik solo"},"content":{"rendered":"<p>Izjemna zmogljivost: Ekvivalentna mo\u010d 2500 W z napajalnikom za hitrej\u0161e vrtanje tudi v najtr\u0161e materiale do premera 180 mm<br \/>\nBITURBO BRUSHLESS: Visoko zmogljiv motor in pogonski sistem 2x18V z dvema menjalnikoma, zasnovan za izjemno mo\u010d baterij EXPERT<br \/>\nNapredna za\u0161\u010dita: Z izklopom v primeru zagozditve svedra zmanj\u0161a tveganje po\u0161kodb<br \/>\nZmogljiv vsestranski pripomo\u010dek: Stojno in ro\u010dno delovanje ter mokro in suho vrtanje za delo z vsemi vrstami materialov<\/p>\n","protected":false},"excerpt":{"rendered":"<p>Izjemna zmogljivost: Ekvivalentna mo\u010d 2500 W z napajalnikom za hitrej\u0161e vrtanje tudi v najtr\u0161e materiale do premera 180 mm BITURBO BRUSHLESS: Visoko zmogljiv motor in pogonski sistem 2x18V z dvema menjalnikoma, zasnovan za izjemno mo\u010d baterij EXPERT Napredna za\u0161\u010dita: Z izklopom v primeru zagozditve svedra zmanj\u0161a tveganje po\u0161kodb Zmogljiv vsestranski pripomo\u010dek: Stojno in ro\u010dno delovanje [&hellip;]<\/p>\n","protected":false},"featured_media":41498,"template":"","meta":{"_acf_changed":false,"inline_featured_image":false},"product_cat":[3350,686],"product_tag":[],"class_list":{"0":"post-41495","1":"product","2":"type-product","3":"status-publish","4":"has-post-thumbnail","6":"brand-bosch-expert","7":"product_cat-stroji-za-diamantno-vrtanje","8":"product_cat-orodja-z-baterijami","10":"first","11":"instock","12":"taxable","13":"shipping-taxable","14":"purchasable","15":"product-type-simple","16":"add-to-wishlist-before_image"},"acf":[],"yoast_head":"<!-- This site is optimized with the Yoast SEO plugin v27.3 - https:\/\/yoast.com\/product\/yoast-seo-wordpress\/ -->\n<title>Bosch EXDB18V2-180 akumulatorski diamantni vrtalnik solo - Wilhelm Hundt GmbH<\/title>\n<meta name=\"robots\" content=\"index, follow, max-snippet:-1, max-image-preview:large, max-video-preview:-1\" \/>\n<link rel=\"canonical\" href=\"https:\/\/hundtgroup.com\/sl\/produkt\/bosch-exdb18v2-180-akumulatorski-diamantni-vrtalnik-solo\/\" \/>\n<meta property=\"og:locale\" content=\"sl_SI\" \/>\n<meta property=\"og:type\" content=\"article\" \/>\n<meta property=\"og:title\" content=\"Bosch EXDB18V2-180 akumulatorski diamantni vrtalnik solo - Wilhelm Hundt GmbH\" \/>\n<meta property=\"og:description\" content=\"Izjemna zmogljivost: Ekvivalentna mo\u010d 2500 W z napajalnikom za hitrej\u0161e vrtanje tudi v najtr\u0161e materiale do premera 180 mm BITURBO BRUSHLESS: Visoko zmogljiv motor in pogonski sistem 2x18V z dvema menjalnikoma, zasnovan za izjemno mo\u010d baterij EXPERT Napredna za\u0161\u010dita: Z izklopom v primeru zagozditve svedra zmanj\u0161a tveganje po\u0161kodb Zmogljiv vsestranski pripomo\u010dek: Stojno in ro\u010dno delovanje [&hellip;]\" \/>\n<meta property=\"og:url\" content=\"https:\/\/hundtgroup.com\/sl\/produkt\/bosch-exdb18v2-180-akumulatorski-diamantni-vrtalnik-solo\/\" \/>\n<meta property=\"og:site_name\" content=\"Wilhelm Hundt GmbH\" \/>\n<meta property=\"og:image\" content=\"https:\/\/hundtgroup.com\/wp-content\/uploads\/340813.jpg\" \/>\n\t<meta property=\"og:image:width\" content=\"800\" \/>\n\t<meta property=\"og:image:height\" content=\"600\" \/>\n\t<meta property=\"og:image:type\" content=\"image\/jpeg\" \/>\n<meta name=\"twitter:card\" content=\"summary_large_image\" \/>\n<script type=\"application\/ld+json\" class=\"yoast-schema-graph\">{\"@context\":\"https:\\\/\\\/schema.org\",\"@graph\":[{\"@type\":\"WebPage\",\"@id\":\"https:\\\/\\\/hundtgroup.com\\\/sl\\\/produkt\\\/bosch-exdb18v2-180-akumulatorski-diamantni-vrtalnik-solo\\\/\",\"url\":\"https:\\\/\\\/hundtgroup.com\\\/sl\\\/produkt\\\/bosch-exdb18v2-180-akumulatorski-diamantni-vrtalnik-solo\\\/\",\"name\":\"Bosch EXDB18V2-180 akumulatorski diamantni vrtalnik solo - Wilhelm Hundt GmbH\",\"isPartOf\":{\"@id\":\"https:\\\/\\\/hundtgroup.com\\\/sl\\\/#website\"},\"primaryImageOfPage\":{\"@id\":\"https:\\\/\\\/hundtgroup.com\\\/sl\\\/produkt\\\/bosch-exdb18v2-180-akumulatorski-diamantni-vrtalnik-solo\\\/#primaryimage\"},\"image\":{\"@id\":\"https:\\\/\\\/hundtgroup.com\\\/sl\\\/produkt\\\/bosch-exdb18v2-180-akumulatorski-diamantni-vrtalnik-solo\\\/#primaryimage\"},\"thumbnailUrl\":\"https:\\\/\\\/hundtgroup.com\\\/wp-content\\\/uploads\\\/340813.jpg\",\"datePublished\":\"2026-01-28T09:17:35+00:00\",\"breadcrumb\":{\"@id\":\"https:\\\/\\\/hundtgroup.com\\\/sl\\\/produkt\\\/bosch-exdb18v2-180-akumulatorski-diamantni-vrtalnik-solo\\\/#breadcrumb\"},\"inLanguage\":\"sl-SI\",\"potentialAction\":[{\"@type\":\"ReadAction\",\"target\":[\"https:\\\/\\\/hundtgroup.com\\\/sl\\\/produkt\\\/bosch-exdb18v2-180-akumulatorski-diamantni-vrtalnik-solo\\\/\"]}]},{\"@type\":\"ImageObject\",\"inLanguage\":\"sl-SI\",\"@id\":\"https:\\\/\\\/hundtgroup.com\\\/sl\\\/produkt\\\/bosch-exdb18v2-180-akumulatorski-diamantni-vrtalnik-solo\\\/#primaryimage\",\"url\":\"https:\\\/\\\/hundtgroup.com\\\/wp-content\\\/uploads\\\/340813.jpg\",\"contentUrl\":\"https:\\\/\\\/hundtgroup.com\\\/wp-content\\\/uploads\\\/340813.jpg\",\"width\":800,\"height\":600},{\"@type\":\"BreadcrumbList\",\"@id\":\"https:\\\/\\\/hundtgroup.com\\\/sl\\\/produkt\\\/bosch-exdb18v2-180-akumulatorski-diamantni-vrtalnik-solo\\\/#breadcrumb\",\"itemListElement\":[{\"@type\":\"ListItem\",\"position\":1,\"name\":\"Startseite\",\"item\":\"https:\\\/\\\/hundtgroup.com\\\/sl\\\/domov-novo\\\/\"},{\"@type\":\"ListItem\",\"position\":2,\"name\":\"Trgovina\",\"item\":\"https:\\\/\\\/hundtgroup.com\\\/trgovina\\\/\"},{\"@type\":\"ListItem\",\"position\":3,\"name\":\"Bosch EXDB18V2-180 akumulatorski diamantni vrtalnik solo\"}]},{\"@type\":\"WebSite\",\"@id\":\"https:\\\/\\\/hundtgroup.com\\\/sl\\\/#website\",\"url\":\"https:\\\/\\\/hundtgroup.com\\\/sl\\\/\",\"name\":\"Wilhelm Hundt GmbH\",\"description\":\"Va\u0161 specialist za stroje in orodja za obdelavo plo\u010devine\",\"potentialAction\":[{\"@type\":\"SearchAction\",\"target\":{\"@type\":\"EntryPoint\",\"urlTemplate\":\"https:\\\/\\\/hundtgroup.com\\\/sl\\\/?s={search_term_string}\"},\"query-input\":{\"@type\":\"PropertyValueSpecification\",\"valueRequired\":true,\"valueName\":\"search_term_string\"}}],\"inLanguage\":\"sl-SI\"}]}<\/script>\n<!-- \/ Yoast SEO plugin. -->","yoast_head_json":{"title":"Bosch EXDB18V2-180 akumulatorski diamantni vrtalnik solo - Wilhelm Hundt GmbH","robots":{"index":"index","follow":"follow","max-snippet":"max-snippet:-1","max-image-preview":"max-image-preview:large","max-video-preview":"max-video-preview:-1"},"canonical":"https:\/\/hundtgroup.com\/sl\/produkt\/bosch-exdb18v2-180-akumulatorski-diamantni-vrtalnik-solo\/","og_locale":"sl_SI","og_type":"article","og_title":"Bosch EXDB18V2-180 akumulatorski diamantni vrtalnik solo - Wilhelm Hundt GmbH","og_description":"Izjemna zmogljivost: Ekvivalentna mo\u010d 2500 W z napajalnikom za hitrej\u0161e vrtanje tudi v najtr\u0161e materiale do premera 180 mm BITURBO BRUSHLESS: Visoko zmogljiv motor in pogonski sistem 2x18V z dvema menjalnikoma, zasnovan za izjemno mo\u010d baterij EXPERT Napredna za\u0161\u010dita: Z izklopom v primeru zagozditve svedra zmanj\u0161a tveganje po\u0161kodb Zmogljiv vsestranski pripomo\u010dek: Stojno in ro\u010dno delovanje [&hellip;]","og_url":"https:\/\/hundtgroup.com\/sl\/produkt\/bosch-exdb18v2-180-akumulatorski-diamantni-vrtalnik-solo\/","og_site_name":"Wilhelm Hundt GmbH","og_image":[{"width":800,"height":600,"url":"https:\/\/hundtgroup.com\/wp-content\/uploads\/340813.jpg","type":"image\/jpeg"}],"twitter_card":"summary_large_image","schema":{"@context":"https:\/\/schema.org","@graph":[{"@type":"WebPage","@id":"https:\/\/hundtgroup.com\/sl\/produkt\/bosch-exdb18v2-180-akumulatorski-diamantni-vrtalnik-solo\/","url":"https:\/\/hundtgroup.com\/sl\/produkt\/bosch-exdb18v2-180-akumulatorski-diamantni-vrtalnik-solo\/","name":"Bosch EXDB18V2-180 akumulatorski diamantni vrtalnik solo - Wilhelm Hundt GmbH","isPartOf":{"@id":"https:\/\/hundtgroup.com\/sl\/#website"},"primaryImageOfPage":{"@id":"https:\/\/hundtgroup.com\/sl\/produkt\/bosch-exdb18v2-180-akumulatorski-diamantni-vrtalnik-solo\/#primaryimage"},"image":{"@id":"https:\/\/hundtgroup.com\/sl\/produkt\/bosch-exdb18v2-180-akumulatorski-diamantni-vrtalnik-solo\/#primaryimage"},"thumbnailUrl":"https:\/\/hundtgroup.com\/wp-content\/uploads\/340813.jpg","datePublished":"2026-01-28T09:17:35+00:00","breadcrumb":{"@id":"https:\/\/hundtgroup.com\/sl\/produkt\/bosch-exdb18v2-180-akumulatorski-diamantni-vrtalnik-solo\/#breadcrumb"},"inLanguage":"sl-SI","potentialAction":[{"@type":"ReadAction","target":["https:\/\/hundtgroup.com\/sl\/produkt\/bosch-exdb18v2-180-akumulatorski-diamantni-vrtalnik-solo\/"]}]},{"@type":"ImageObject","inLanguage":"sl-SI","@id":"https:\/\/hundtgroup.com\/sl\/produkt\/bosch-exdb18v2-180-akumulatorski-diamantni-vrtalnik-solo\/#primaryimage","url":"https:\/\/hundtgroup.com\/wp-content\/uploads\/340813.jpg","contentUrl":"https:\/\/hundtgroup.com\/wp-content\/uploads\/340813.jpg","width":800,"height":600},{"@type":"BreadcrumbList","@id":"https:\/\/hundtgroup.com\/sl\/produkt\/bosch-exdb18v2-180-akumulatorski-diamantni-vrtalnik-solo\/#breadcrumb","itemListElement":[{"@type":"ListItem","position":1,"name":"Startseite","item":"https:\/\/hundtgroup.com\/sl\/domov-novo\/"},{"@type":"ListItem","position":2,"name":"Trgovina","item":"https:\/\/hundtgroup.com\/trgovina\/"},{"@type":"ListItem","position":3,"name":"Bosch EXDB18V2-180 akumulatorski diamantni vrtalnik solo"}]},{"@type":"WebSite","@id":"https:\/\/hundtgroup.com\/sl\/#website","url":"https:\/\/hundtgroup.com\/sl\/","name":"Wilhelm Hundt GmbH","description":"Va\u0161 specialist za stroje in orodja za obdelavo plo\u010devine","potentialAction":[{"@type":"SearchAction","target":{"@type":"EntryPoint","urlTemplate":"https:\/\/hundtgroup.com\/sl\/?s={search_term_string}"},"query-input":{"@type":"PropertyValueSpecification","valueRequired":true,"valueName":"search_term_string"}}],"inLanguage":"sl-SI"}]}},"_links":{"self":[{"href":"https:\/\/hundtgroup.com\/sl\/wp-json\/wp\/v2\/product\/41495","targetHints":{"allow":["GET"]}}],"collection":[{"href":"https:\/\/hundtgroup.com\/sl\/wp-json\/wp\/v2\/product"}],"about":[{"href":"https:\/\/hundtgroup.com\/sl\/wp-json\/wp\/v2\/types\/product"}],"wp:featuredmedia":[{"embeddable":true,"href":"https:\/\/hundtgroup.com\/sl\/wp-json\/wp\/v2\/media\/41498"}],"wp:attachment":[{"href":"https:\/\/hundtgroup.com\/sl\/wp-json\/wp\/v2\/media?parent=41495"}],"wp:term":[{"taxonomy":"product_cat","embeddable":true,"href":"https:\/\/hundtgroup.com\/sl\/wp-json\/wp\/v2\/product_cat?post=41495"},{"taxonomy":"product_tag","embeddable":true,"href":"https:\/\/hundtgroup.com\/sl\/wp-json\/wp\/v2\/product_tag?post=41495"}],"curies":[{"name":"wp","href":"https:\/\/api.w.org\/{rel}","templated":true}]}}