{"id":41511,"date":"2026-01-28T10:17:35","date_gmt":"2026-01-28T09:17:35","guid":{"rendered":"https:\/\/hundtgroup.com\/produkt\/bosch-exth18v-50m-akumulatorski-spenjac-za-les-solo\/"},"modified":"2026-01-28T10:17:35","modified_gmt":"2026-01-28T09:17:35","slug":"bosch-exth18v-50m-akumulatorski-spenjac-za-les-solo","status":"publish","type":"product","link":"https:\/\/hundtgroup.com\/sl\/produkt\/bosch-exth18v-50m-akumulatorski-spenjac-za-les-solo\/","title":{"rendered":"Bosch EXTH18V-50M akumulatorski spenja\u010d za les solo"},"content":{"rendered":"<p>Mo\u010d zra\u010dnega orodja: Zmogljivo akumulatorsko orodje z zmogljivostjo zra\u010dnega orodja brez te\u017eav s kompresorji, cevmi in plinskimi kartu\u0161ami<br \/>\nFull Power Tech: Brez\u017ei\u010dna svoboda z mo\u010djo zra\u010dnega orodja<br \/>\nTehnologija brez plinskega vztrajnika: \u0160portno za va\u0161e sklepe zaradi majhnega odboja, brez dragih plinskih kartu\u0161 in \u0161kodljivih hlapov<br \/>\nEnostavno brezstopenjsko prilagajanje globine: Ergonomsko kolo s palcem in pregledno okno zagotavljata natan\u010dno in hitro prilagajanje globine<\/p>\n","protected":false},"excerpt":{"rendered":"<p>Mo\u010d zra\u010dnega orodja: Zmogljivo akumulatorsko orodje z zmogljivostjo zra\u010dnega orodja brez te\u017eav s kompresorji, cevmi in plinskimi kartu\u0161ami Full Power Tech: Brez\u017ei\u010dna svoboda z mo\u010djo zra\u010dnega orodja Tehnologija brez plinskega vztrajnika: \u0160portno za va\u0161e sklepe zaradi majhnega odboja, brez dragih plinskih kartu\u0161 in \u0161kodljivih hlapov Enostavno brezstopenjsko prilagajanje globine: Ergonomsko kolo s palcem in pregledno [&hellip;]<\/p>\n","protected":false},"featured_media":41513,"template":"","meta":{"_acf_changed":false,"inline_featured_image":false},"product_cat":[3358,686],"product_tag":[],"class_list":{"0":"post-41511","1":"product","2":"type-product","3":"status-publish","4":"has-post-thumbnail","6":"brand-bosch-expert","7":"product_cat-lesena-spenjaca","8":"product_cat-orodja-z-baterijami","10":"first","11":"instock","12":"taxable","13":"shipping-taxable","14":"purchasable","15":"product-type-simple","16":"add-to-wishlist-before_image"},"acf":[],"yoast_head":"<!-- This site is optimized with the Yoast SEO plugin v27.3 - https:\/\/yoast.com\/product\/yoast-seo-wordpress\/ -->\n<title>Bosch EXTH18V-50M akumulatorski spenja\u010d za les solo - Wilhelm Hundt GmbH<\/title>\n<meta name=\"robots\" content=\"index, follow, max-snippet:-1, max-image-preview:large, max-video-preview:-1\" \/>\n<link rel=\"canonical\" href=\"https:\/\/hundtgroup.com\/sl\/produkt\/bosch-exth18v-50m-akumulatorski-spenjac-za-les-solo\/\" \/>\n<meta property=\"og:locale\" content=\"sl_SI\" \/>\n<meta property=\"og:type\" content=\"article\" \/>\n<meta property=\"og:title\" content=\"Bosch EXTH18V-50M akumulatorski spenja\u010d za les solo - Wilhelm Hundt GmbH\" \/>\n<meta property=\"og:description\" content=\"Mo\u010d zra\u010dnega orodja: Zmogljivo akumulatorsko orodje z zmogljivostjo zra\u010dnega orodja brez te\u017eav s kompresorji, cevmi in plinskimi kartu\u0161ami Full Power Tech: Brez\u017ei\u010dna svoboda z mo\u010djo zra\u010dnega orodja Tehnologija brez plinskega vztrajnika: \u0160portno za va\u0161e sklepe zaradi majhnega odboja, brez dragih plinskih kartu\u0161 in \u0161kodljivih hlapov Enostavno brezstopenjsko prilagajanje globine: Ergonomsko kolo s palcem in pregledno [&hellip;]\" \/>\n<meta property=\"og:url\" content=\"https:\/\/hundtgroup.com\/sl\/produkt\/bosch-exth18v-50m-akumulatorski-spenjac-za-les-solo\/\" \/>\n<meta property=\"og:site_name\" content=\"Wilhelm Hundt GmbH\" \/>\n<meta property=\"og:image\" content=\"https:\/\/hundtgroup.com\/wp-content\/uploads\/340812.jpg\" \/>\n\t<meta property=\"og:image:width\" content=\"800\" \/>\n\t<meta property=\"og:image:height\" content=\"600\" \/>\n\t<meta property=\"og:image:type\" content=\"image\/jpeg\" \/>\n<meta name=\"twitter:card\" content=\"summary_large_image\" \/>\n<script type=\"application\/ld+json\" class=\"yoast-schema-graph\">{\"@context\":\"https:\\\/\\\/schema.org\",\"@graph\":[{\"@type\":\"WebPage\",\"@id\":\"https:\\\/\\\/hundtgroup.com\\\/sl\\\/produkt\\\/bosch-exth18v-50m-akumulatorski-spenjac-za-les-solo\\\/\",\"url\":\"https:\\\/\\\/hundtgroup.com\\\/sl\\\/produkt\\\/bosch-exth18v-50m-akumulatorski-spenjac-za-les-solo\\\/\",\"name\":\"Bosch EXTH18V-50M akumulatorski spenja\u010d za les solo - Wilhelm Hundt GmbH\",\"isPartOf\":{\"@id\":\"https:\\\/\\\/hundtgroup.com\\\/sl\\\/#website\"},\"primaryImageOfPage\":{\"@id\":\"https:\\\/\\\/hundtgroup.com\\\/sl\\\/produkt\\\/bosch-exth18v-50m-akumulatorski-spenjac-za-les-solo\\\/#primaryimage\"},\"image\":{\"@id\":\"https:\\\/\\\/hundtgroup.com\\\/sl\\\/produkt\\\/bosch-exth18v-50m-akumulatorski-spenjac-za-les-solo\\\/#primaryimage\"},\"thumbnailUrl\":\"https:\\\/\\\/hundtgroup.com\\\/wp-content\\\/uploads\\\/340812.jpg\",\"datePublished\":\"2026-01-28T09:17:35+00:00\",\"breadcrumb\":{\"@id\":\"https:\\\/\\\/hundtgroup.com\\\/sl\\\/produkt\\\/bosch-exth18v-50m-akumulatorski-spenjac-za-les-solo\\\/#breadcrumb\"},\"inLanguage\":\"sl-SI\",\"potentialAction\":[{\"@type\":\"ReadAction\",\"target\":[\"https:\\\/\\\/hundtgroup.com\\\/sl\\\/produkt\\\/bosch-exth18v-50m-akumulatorski-spenjac-za-les-solo\\\/\"]}]},{\"@type\":\"ImageObject\",\"inLanguage\":\"sl-SI\",\"@id\":\"https:\\\/\\\/hundtgroup.com\\\/sl\\\/produkt\\\/bosch-exth18v-50m-akumulatorski-spenjac-za-les-solo\\\/#primaryimage\",\"url\":\"https:\\\/\\\/hundtgroup.com\\\/wp-content\\\/uploads\\\/340812.jpg\",\"contentUrl\":\"https:\\\/\\\/hundtgroup.com\\\/wp-content\\\/uploads\\\/340812.jpg\",\"width\":800,\"height\":600},{\"@type\":\"BreadcrumbList\",\"@id\":\"https:\\\/\\\/hundtgroup.com\\\/sl\\\/produkt\\\/bosch-exth18v-50m-akumulatorski-spenjac-za-les-solo\\\/#breadcrumb\",\"itemListElement\":[{\"@type\":\"ListItem\",\"position\":1,\"name\":\"Startseite\",\"item\":\"https:\\\/\\\/hundtgroup.com\\\/sl\\\/domov-novo\\\/\"},{\"@type\":\"ListItem\",\"position\":2,\"name\":\"Trgovina\",\"item\":\"https:\\\/\\\/hundtgroup.com\\\/trgovina\\\/\"},{\"@type\":\"ListItem\",\"position\":3,\"name\":\"Bosch EXTH18V-50M akumulatorski spenja\u010d za les solo\"}]},{\"@type\":\"WebSite\",\"@id\":\"https:\\\/\\\/hundtgroup.com\\\/sl\\\/#website\",\"url\":\"https:\\\/\\\/hundtgroup.com\\\/sl\\\/\",\"name\":\"Wilhelm Hundt GmbH\",\"description\":\"Va\u0161 specialist za stroje in orodja za obdelavo plo\u010devine\",\"potentialAction\":[{\"@type\":\"SearchAction\",\"target\":{\"@type\":\"EntryPoint\",\"urlTemplate\":\"https:\\\/\\\/hundtgroup.com\\\/sl\\\/?s={search_term_string}\"},\"query-input\":{\"@type\":\"PropertyValueSpecification\",\"valueRequired\":true,\"valueName\":\"search_term_string\"}}],\"inLanguage\":\"sl-SI\"}]}<\/script>\n<!-- \/ Yoast SEO plugin. -->","yoast_head_json":{"title":"Bosch EXTH18V-50M akumulatorski spenja\u010d za les solo - Wilhelm Hundt GmbH","robots":{"index":"index","follow":"follow","max-snippet":"max-snippet:-1","max-image-preview":"max-image-preview:large","max-video-preview":"max-video-preview:-1"},"canonical":"https:\/\/hundtgroup.com\/sl\/produkt\/bosch-exth18v-50m-akumulatorski-spenjac-za-les-solo\/","og_locale":"sl_SI","og_type":"article","og_title":"Bosch EXTH18V-50M akumulatorski spenja\u010d za les solo - Wilhelm Hundt GmbH","og_description":"Mo\u010d zra\u010dnega orodja: Zmogljivo akumulatorsko orodje z zmogljivostjo zra\u010dnega orodja brez te\u017eav s kompresorji, cevmi in plinskimi kartu\u0161ami Full Power Tech: Brez\u017ei\u010dna svoboda z mo\u010djo zra\u010dnega orodja Tehnologija brez plinskega vztrajnika: \u0160portno za va\u0161e sklepe zaradi majhnega odboja, brez dragih plinskih kartu\u0161 in \u0161kodljivih hlapov Enostavno brezstopenjsko prilagajanje globine: Ergonomsko kolo s palcem in pregledno [&hellip;]","og_url":"https:\/\/hundtgroup.com\/sl\/produkt\/bosch-exth18v-50m-akumulatorski-spenjac-za-les-solo\/","og_site_name":"Wilhelm Hundt GmbH","og_image":[{"width":800,"height":600,"url":"https:\/\/hundtgroup.com\/wp-content\/uploads\/340812.jpg","type":"image\/jpeg"}],"twitter_card":"summary_large_image","schema":{"@context":"https:\/\/schema.org","@graph":[{"@type":"WebPage","@id":"https:\/\/hundtgroup.com\/sl\/produkt\/bosch-exth18v-50m-akumulatorski-spenjac-za-les-solo\/","url":"https:\/\/hundtgroup.com\/sl\/produkt\/bosch-exth18v-50m-akumulatorski-spenjac-za-les-solo\/","name":"Bosch EXTH18V-50M akumulatorski spenja\u010d za les solo - Wilhelm Hundt GmbH","isPartOf":{"@id":"https:\/\/hundtgroup.com\/sl\/#website"},"primaryImageOfPage":{"@id":"https:\/\/hundtgroup.com\/sl\/produkt\/bosch-exth18v-50m-akumulatorski-spenjac-za-les-solo\/#primaryimage"},"image":{"@id":"https:\/\/hundtgroup.com\/sl\/produkt\/bosch-exth18v-50m-akumulatorski-spenjac-za-les-solo\/#primaryimage"},"thumbnailUrl":"https:\/\/hundtgroup.com\/wp-content\/uploads\/340812.jpg","datePublished":"2026-01-28T09:17:35+00:00","breadcrumb":{"@id":"https:\/\/hundtgroup.com\/sl\/produkt\/bosch-exth18v-50m-akumulatorski-spenjac-za-les-solo\/#breadcrumb"},"inLanguage":"sl-SI","potentialAction":[{"@type":"ReadAction","target":["https:\/\/hundtgroup.com\/sl\/produkt\/bosch-exth18v-50m-akumulatorski-spenjac-za-les-solo\/"]}]},{"@type":"ImageObject","inLanguage":"sl-SI","@id":"https:\/\/hundtgroup.com\/sl\/produkt\/bosch-exth18v-50m-akumulatorski-spenjac-za-les-solo\/#primaryimage","url":"https:\/\/hundtgroup.com\/wp-content\/uploads\/340812.jpg","contentUrl":"https:\/\/hundtgroup.com\/wp-content\/uploads\/340812.jpg","width":800,"height":600},{"@type":"BreadcrumbList","@id":"https:\/\/hundtgroup.com\/sl\/produkt\/bosch-exth18v-50m-akumulatorski-spenjac-za-les-solo\/#breadcrumb","itemListElement":[{"@type":"ListItem","position":1,"name":"Startseite","item":"https:\/\/hundtgroup.com\/sl\/domov-novo\/"},{"@type":"ListItem","position":2,"name":"Trgovina","item":"https:\/\/hundtgroup.com\/trgovina\/"},{"@type":"ListItem","position":3,"name":"Bosch EXTH18V-50M akumulatorski spenja\u010d za les solo"}]},{"@type":"WebSite","@id":"https:\/\/hundtgroup.com\/sl\/#website","url":"https:\/\/hundtgroup.com\/sl\/","name":"Wilhelm Hundt GmbH","description":"Va\u0161 specialist za stroje in orodja za obdelavo plo\u010devine","potentialAction":[{"@type":"SearchAction","target":{"@type":"EntryPoint","urlTemplate":"https:\/\/hundtgroup.com\/sl\/?s={search_term_string}"},"query-input":{"@type":"PropertyValueSpecification","valueRequired":true,"valueName":"search_term_string"}}],"inLanguage":"sl-SI"}]}},"_links":{"self":[{"href":"https:\/\/hundtgroup.com\/sl\/wp-json\/wp\/v2\/product\/41511","targetHints":{"allow":["GET"]}}],"collection":[{"href":"https:\/\/hundtgroup.com\/sl\/wp-json\/wp\/v2\/product"}],"about":[{"href":"https:\/\/hundtgroup.com\/sl\/wp-json\/wp\/v2\/types\/product"}],"wp:featuredmedia":[{"embeddable":true,"href":"https:\/\/hundtgroup.com\/sl\/wp-json\/wp\/v2\/media\/41513"}],"wp:attachment":[{"href":"https:\/\/hundtgroup.com\/sl\/wp-json\/wp\/v2\/media?parent=41511"}],"wp:term":[{"taxonomy":"product_cat","embeddable":true,"href":"https:\/\/hundtgroup.com\/sl\/wp-json\/wp\/v2\/product_cat?post=41511"},{"taxonomy":"product_tag","embeddable":true,"href":"https:\/\/hundtgroup.com\/sl\/wp-json\/wp\/v2\/product_tag?post=41511"}],"curies":[{"name":"wp","href":"https:\/\/api.w.org\/{rel}","templated":true}]}}